{"id":2322,"date":"2024-10-14T17:53:35","date_gmt":"2024-10-14T17:53:35","guid":{"rendered":"https:\/\/www.casadellamedicina.com\/analgesicos\/"},"modified":"2025-02-18T14:23:03","modified_gmt":"2025-02-18T14:23:03","slug":"analgesicos","status":"publish","type":"page","link":"https:\/\/www.casadellamedicina.com\/es\/analgesicos\/","title":{"rendered":"Analg\u00e9sicos"},"content":{"rendered":"<div data-block-name=\"woocommerce\/product-category\" data-categories=\"[48]\" class=\"wc-block-grid wp-block-product-category wp-block-woocommerce-product-category wc-block-product-category has-3-columns has-multiple-rows\"><ul class=\"wc-block-grid__products\"><li class=\"wc-block-grid__product\">\r\n                        <a href=\"https:\/\/www.casadellamedicina.com\/es\/Prodotto\/comprar-oxicodona-en-linea\/\" class=\"wc-block-grid__product-link\">\r\n                                <div class=\"wc-block-grid__product-image\"><img fetchpriority=\"high\" decoding=\"async\" width=\"300\" height=\"300\" src=\"https:\/\/www.casadellamedicina.com\/wp-content\/uploads\/2024\/10\/oxxyy-300x300.jpg\" class=\"attachment-woocommerce_thumbnail size-woocommerce_thumbnail\" alt=\"comprar oxicodona 30 mg en l\u00ednea\" srcset=\"https:\/\/www.casadellamedicina.com\/wp-content\/uploads\/2024\/10\/oxxyy-300x300.jpg 300w, https:\/\/www.casadellamedicina.com\/wp-content\/uploads\/2024\/10\/oxxyy-150x150.jpg 150w, https:\/\/www.casadellamedicina.com\/wp-content\/uploads\/2024\/10\/oxxyy-100x100.jpg 100w\" sizes=\"(max-width: 300px) 100vw, 300px\" \/><\/div>\r\n                                <div class=\"wc-block-grid__product-title\">oxicodona<\/div>\r\n                        <\/a>\r\n                        \r\n                        <div class=\"wc-block-grid__product-price price\"><span class=\"woocommerce-Price-amount amount\" aria-hidden=\"true\"><span class=\"woocommerce-Price-currencySymbol\">&euro;<\/span>5.50<\/span> <span aria-hidden=\"true\">&#8211;<\/span> <span class=\"woocommerce-Price-amount amount\" aria-hidden=\"true\"><span class=\"woocommerce-Price-currencySymbol\">&euro;<\/span>6.00<\/span><span class=\"screen-reader-text\">Rango de precios: desde &euro;5.50 hasta &euro;6.00<\/span><\/div>\r\n                        \r\n                        <div class=\"wp-block-button wc-block-grid__product-add-to-cart\"><a href=\"https:\/\/www.casadellamedicina.com\/es\/Prodotto\/comprar-oxicodona-en-linea\/\" aria-label=\"Elige las opciones para &ldquo;oxicodona&rdquo;\" data-quantity=\"1\" data-product_id=\"2308\" data-product_sku=\"\" rel=\"nofollow\" class=\"wp-block-button__link add_to_cart_button\">Seleccionar opciones<\/a><\/div>\r\n                <\/li><li class=\"wc-block-grid__product\">\r\n                        <a href=\"https:\/\/www.casadellamedicina.com\/es\/Prodotto\/comprar-ketamina-en-linea\/\" class=\"wc-block-grid__product-link\">\r\n                                <div class=\"wc-block-grid__product-image\"><img decoding=\"async\" width=\"300\" height=\"300\" src=\"https:\/\/www.casadellamedicina.com\/wp-content\/uploads\/2024\/10\/ket1-300x300.webp\" class=\"attachment-woocommerce_thumbnail size-woocommerce_thumbnail\" alt=\"Comprar ketamina en l\u00ednea\" srcset=\"https:\/\/www.casadellamedicina.com\/wp-content\/uploads\/2024\/10\/ket1-300x300.webp 300w, https:\/\/www.casadellamedicina.com\/wp-content\/uploads\/2024\/10\/ket1-150x150.webp 150w, https:\/\/www.casadellamedicina.com\/wp-content\/uploads\/2024\/10\/ket1-100x100.webp 100w\" sizes=\"(max-width: 300px) 100vw, 300px\" \/><\/div>\r\n                                <div class=\"wc-block-grid__product-title\">inyecci\u00f3n de ketamina<\/div>\r\n                        <\/a>\r\n                        \r\n                        <div class=\"wc-block-grid__product-price price\"><span class=\"woocommerce-Price-amount amount\"><span class=\"woocommerce-Price-currencySymbol\">&euro;<\/span>15.00<\/span><\/div>\r\n                        \r\n                        <div class=\"wp-block-button wc-block-grid__product-add-to-cart\"><a href=\"\/es\/wp-json\/wp\/v2\/pages\/2322?add-to-cart=2303\" aria-label=\"A\u00f1adir al carrito: &ldquo;inyecci\u00f3n de ketamina&rdquo;\" data-quantity=\"1\" data-product_id=\"2303\" data-product_sku=\"\" rel=\"nofollow\" class=\"wp-block-button__link add_to_cart_button ajax_add_to_cart\">A\u00f1adir al carrito<\/a><\/div>\r\n                <\/li><li class=\"wc-block-grid__product\">\r\n                        <a href=\"https:\/\/www.casadellamedicina.com\/es\/Prodotto\/comprar-sulfato-de-morfina\/\" class=\"wc-block-grid__product-link\">\r\n                                <div class=\"wc-block-grid__product-image\"><img decoding=\"async\" width=\"300\" height=\"300\" src=\"https:\/\/www.casadellamedicina.com\/wp-content\/uploads\/2024\/10\/mor60.jpg\" class=\"attachment-woocommerce_thumbnail size-woocommerce_thumbnail\" alt=\"Comprar sulfato de morfina\" srcset=\"https:\/\/www.casadellamedicina.com\/wp-content\/uploads\/2024\/10\/mor60.jpg 300w, https:\/\/www.casadellamedicina.com\/wp-content\/uploads\/2024\/10\/mor60-150x150.jpg 150w, https:\/\/www.casadellamedicina.com\/wp-content\/uploads\/2024\/10\/mor60-100x100.jpg 100w\" sizes=\"(max-width: 300px) 100vw, 300px\" \/><\/div>\r\n                                <div class=\"wc-block-grid__product-title\">Sulfato de morfina<\/div>\r\n                        <\/a>\r\n                        \r\n                        <div class=\"wc-block-grid__product-price price\"><span class=\"woocommerce-Price-amount amount\" aria-hidden=\"true\"><span class=\"woocommerce-Price-currencySymbol\">&euro;<\/span>5.00<\/span> <span aria-hidden=\"true\">&#8211;<\/span> <span class=\"woocommerce-Price-amount amount\" aria-hidden=\"true\"><span class=\"woocommerce-Price-currencySymbol\">&euro;<\/span>6.00<\/span><span class=\"screen-reader-text\">Rango de precios: desde &euro;5.00 hasta &euro;6.00<\/span><\/div>\r\n                        \r\n                        <div class=\"wp-block-button wc-block-grid__product-add-to-cart\"><a href=\"https:\/\/www.casadellamedicina.com\/es\/Prodotto\/comprar-sulfato-de-morfina\/\" aria-label=\"Elige las opciones para &ldquo;Sulfato de morfina&rdquo;\" data-quantity=\"1\" data-product_id=\"2334\" data-product_sku=\"\" rel=\"nofollow\" class=\"wp-block-button__link add_to_cart_button\">Seleccionar opciones<\/a><\/div>\r\n                <\/li><li class=\"wc-block-grid__product\">\r\n                        <a href=\"https:\/\/www.casadellamedicina.com\/es\/Prodotto\/comprar-metadona-en-linea\/\" class=\"wc-block-grid__product-link\">\r\n                                <div class=\"wc-block-grid__product-image\"><img loading=\"lazy\" decoding=\"async\" width=\"300\" height=\"300\" src=\"https:\/\/www.casadellamedicina.com\/wp-content\/uploads\/2024\/10\/meta-300x300.jpg\" class=\"attachment-woocommerce_thumbnail size-woocommerce_thumbnail\" alt=\"Comprar metadona en l\u00ednea\" srcset=\"https:\/\/www.casadellamedicina.com\/wp-content\/uploads\/2024\/10\/meta-300x300.jpg 300w, https:\/\/www.casadellamedicina.com\/wp-content\/uploads\/2024\/10\/meta-1024x1024.jpg 1024w, https:\/\/www.casadellamedicina.com\/wp-content\/uploads\/2024\/10\/meta-150x150.jpg 150w, https:\/\/www.casadellamedicina.com\/wp-content\/uploads\/2024\/10\/meta-768x768.jpg 768w, https:\/\/www.casadellamedicina.com\/wp-content\/uploads\/2024\/10\/meta-600x600.jpg 600w, https:\/\/www.casadellamedicina.com\/wp-content\/uploads\/2024\/10\/meta-100x100.jpg 100w, https:\/\/www.casadellamedicina.com\/wp-content\/uploads\/2024\/10\/meta.jpg 1200w\" sizes=\"(max-width: 300px) 100vw, 300px\" \/><\/div>\r\n                                <div class=\"wc-block-grid__product-title\">Metadona<\/div>\r\n                        <\/a>\r\n                        \r\n                        <div class=\"wc-block-grid__product-price price\"><span class=\"woocommerce-Price-amount amount\" aria-hidden=\"true\"><span class=\"woocommerce-Price-currencySymbol\">&euro;<\/span>4.00<\/span> <span aria-hidden=\"true\">&#8211;<\/span> <span class=\"woocommerce-Price-amount amount\" aria-hidden=\"true\"><span class=\"woocommerce-Price-currencySymbol\">&euro;<\/span>5.00<\/span><span class=\"screen-reader-text\">Rango de precios: desde &euro;4.00 hasta &euro;5.00<\/span><\/div>\r\n                        \r\n                        <div class=\"wp-block-button wc-block-grid__product-add-to-cart\"><a href=\"https:\/\/www.casadellamedicina.com\/es\/Prodotto\/comprar-metadona-en-linea\/\" aria-label=\"Elige las opciones para &ldquo;Metadona&rdquo;\" data-quantity=\"1\" data-product_id=\"2330\" data-product_sku=\"\" rel=\"nofollow\" class=\"wp-block-button__link add_to_cart_button\">Seleccionar opciones<\/a><\/div>\r\n                <\/li><li class=\"wc-block-grid__product\">\r\n                        <a href=\"https:\/\/www.casadellamedicina.com\/es\/Prodotto\/compra-fentanilo-comprimidos\/\" class=\"wc-block-grid__product-link\">\r\n                                <div class=\"wc-block-grid__product-image\"><img loading=\"lazy\" decoding=\"async\" width=\"300\" height=\"300\" src=\"https:\/\/www.casadellamedicina.com\/wp-content\/uploads\/2024\/10\/fentanyl-tabz-300x300.webp\" class=\"attachment-woocommerce_thumbnail size-woocommerce_thumbnail\" alt=\"compra fentanilo Comprimidos\" srcset=\"https:\/\/www.casadellamedicina.com\/wp-content\/uploads\/2024\/10\/fentanyl-tabz-300x300.webp 300w, https:\/\/www.casadellamedicina.com\/wp-content\/uploads\/2024\/10\/fentanyl-tabz-150x150.webp 150w, https:\/\/www.casadellamedicina.com\/wp-content\/uploads\/2024\/10\/fentanyl-tabz-100x100.webp 100w\" sizes=\"(max-width: 300px) 100vw, 300px\" \/><\/div>\r\n                                <div class=\"wc-block-grid__product-title\">Fentanil em comprimidos<\/div>\r\n                        <\/a>\r\n                        \r\n                        <div class=\"wc-block-grid__product-price price\"><span class=\"woocommerce-Price-amount amount\"><span class=\"woocommerce-Price-currencySymbol\">&euro;<\/span>6.00<\/span><\/div>\r\n                        \r\n                        <div class=\"wp-block-button wc-block-grid__product-add-to-cart\"><a href=\"\/es\/wp-json\/wp\/v2\/pages\/2322?add-to-cart=2239\" aria-label=\"A\u00f1adir al carrito: &ldquo;Fentanil em comprimidos&rdquo;\" data-quantity=\"1\" data-product_id=\"2239\" data-product_sku=\"\" rel=\"nofollow\" class=\"wp-block-button__link add_to_cart_button ajax_add_to_cart\">A\u00f1adir al carrito<\/a><\/div>\r\n                <\/li><\/ul><\/div>\n<h2 class=\"wp-block-heading\">\u00bfQu\u00e9 son los analg\u00e9sicos? Comprar analg\u00e9sicos en l\u00ednea. <\/h2>\n\n<p>Son medicamentos o sustancias que se utilizan para aliviar o reducir el dolor. El dolor se puede clasificar de diferentes maneras. Por ejemplo, existe dolor agudo, como un esguince de tobillo, o dolor cr\u00f3nico, como un da\u00f1o a los nervios.  <\/p>\n\n<p>Los analg\u00e9sicos se utilizan para aliviar o reducir el dolor, ya que existen muchos tipos diferentes de dolor, incluido el causado por lesiones, m\u00fasculos, nervios y dolores de cabeza. Adem\u00e1s, la sensaci\u00f3n de dolor var\u00eda mucho dependiendo de la causa subyacente. Por ejemplo, el dolor es sordo, punzante, ardiente, punzante y esp\u00e1stico (calambres).  <\/p>\n\n<p>Hay muchos tipos diferentes de analg\u00e9sicos en el mercado, ya que existe una amplia gama de dolores y las personas reaccionan de manera diferente a ciertos medicamentos. Los m\u00e1s fuertes se llaman opioides y potencialmente pueden provocar sobredosis y adicci\u00f3n. Comprar analg\u00e9sicos Italia, comprar analg\u00e9sicos Roma, comprar analg\u00e9sicos online, comprar analg\u00e9sicos Espa\u00f1a, comprar analg\u00e9sicos online.  <\/p>\n\n<h2 class=\"wp-block-heading\"><a href=\"https:\/\/medicijnhuis.com\/it\/categoria-prodotto\/antidolorifici-acquistare\/\" target=\"_blank\" rel=\"noopener\">Tipos de analg\u00e9sicos<\/a><\/h2>\n\n<p><strong>Paracetamolo<\/strong><\/p>\n\n<p>El paracetamol es el analg\u00e9sico y antipir\u00e9tico m\u00e1s utilizado en el mundo. Debido a que inhibe tipos espec\u00edficos de ciclooxigenasa (COX), una enzima que convierte el \u00e1cido araquid\u00f3nico en prostaglandinas, que aumentan la percepci\u00f3n del dolor, el paracetamol reduce el dolor. Actualmente no est\u00e1 claro exactamente c\u00f3mo funciona. Como f\u00e1rmaco generalmente seguro, el paracetamol puede tomarse durante el embarazo.   <\/p>\n\n<p><strong>AINE<\/strong><\/p>\n\n<p>Los medicamentos antiinflamatorios no esteroides, o AINE, son una clase de medicamentos antiinflamatorios distintos de la clase de corticosteroides. La supresi\u00f3n de la s\u00edntesis de prostaglandinas del organismo es la base del efecto analg\u00e9sico. Las prostaglandinas juegan un papel en la percepci\u00f3n del dolor induci\u00e9ndolo. Adem\u00e1s, tienen un impacto en la funci\u00f3n protectora de la mucosa g\u00e1strica. Tomar AINE puede causar sangrado o malestar estomacal. El primer f\u00e1rmaco de esta clase que se identific\u00f3 fue la aspirina. Los AINE m\u00e1s utilizados son el naproxeno, el diclofenaco y el ibuprofeno.      <\/p>\n\n<p><strong>Inhibidores de la COX-2<\/strong><\/p>\n\n<p>Otra clase de analg\u00e9sicos AINE est\u00e1 representada por los inhibidores de la COX-2. Sin embargo, a diferencia de los AINE convencionales que inhiben directamente las enzimas COX-1 y COX-2, inhibe exclusivamente la enzima COX-2, que es responsable de las reacciones inflamatorias y el dolor. En comparaci\u00f3n con el uso de AINE convencionales, el riesgo de \u00falcera g\u00e1strica se reduce significativamente gracias al simple bloqueo de las enzimas COX-2. Este mecanismo de acci\u00f3n lo demuestran los medicamentos celecoxib, etoricoxib (Arcoxia\u00ae) y rofecoxib (Vioxx\u00ae), este \u00faltimo retirado del mercado debido a sus efectos negativos sobre el sistema cardiovascular.   <\/p>\n\n<p><strong>Oppioidi<\/strong><\/p>\n\n<p>Los opioides son medicamentos utilizados como analg\u00e9sicos que se derivan de la planta del opio. Act\u00faan sobre los receptores opioides presentes en el sistema nervioso perif\u00e9rico, en el cerebro y en la m\u00e9dula espinal. Entre \u00e9stas, la morfina es la m\u00e1s conocida. Otros morfinomim\u00e9ticos utilizados con frecuencia son el tramadol, la oxicodona, la code\u00edna, el fentanilo, la metadona, el dilaudid, el demerol y la petidina.   <\/p>\n\n<p>comprar oxicodona en l\u00ednea, comprar oxicodona, oxicodona a la venta, ordenar oxicodona en l\u00ednea, comprar fentanilo en l\u00ednea, ordenar fentanilo en l\u00ednea, fentanilo a la venta, ordenar dilaudid en l\u00ednea, dilaudid a la venta, comprar dilaudid en l\u00ednea, comprar ketamina en l\u00ednea, compra de metadona, comprar metadona en l\u00ednea, metadona a la venta en l\u00ednea.<\/p>\n\n<h3 class=\"wp-block-heading\">Efectos de los analg\u00e9sicos<\/h3>\n\n<p>Todos los analg\u00e9sicos tienen como objetivo principal reducir el dolor. Los m\u00e9dicos a menudo recetan medicamentos para tratar el dolor. <\/p>\n\n<p>Los opioides se encuentran entre las drogas que tambi\u00e9n tienen un efecto intoxicante. Te sientes c\u00f3modo y comienzas a volverte let\u00e1rgico y relajado. Al igual que el alcohol, olvidas temporalmente tus problemas y te vuelves insensible. Entras en un estado de sue\u00f1o l\u00facido. Como resultado, estas drogas pueden ser altamente adictivas.    <\/p>\n\n<p>La adicci\u00f3n a las drogas tambi\u00e9n puede ser resultado de sustancias no intoxicantes. Por ejemplo, si tomas paracetamol durante mucho tiempo, tu cuerpo puede acostumbrarse a la sustancia y eventualmente volverse dependiente de ella. <\/p>\n\n<p>Los analg\u00e9sicos opioides tambi\u00e9n tienen los siguientes efectos f\u00edsicos:<\/p>\n\n<div class=\"wp-block-group is-vertical is-layout-flex wp-container-core-group-is-layout-fe9cc265 wp-block-group-is-layout-flex\">\n<div class=\"wp-block-group is-vertical is-content-justification-stretch is-layout-flex wp-container-core-group-is-layout-353c4f5a wp-block-group-is-layout-flex\">\n<p>La frecuencia card\u00edaca disminuye.<\/p>\n\n\n\n<p>La respiraci\u00f3n es m\u00e1s lenta.<\/p>\n\n\n\n<p>La temperatura corporal desciende.<\/p>\n\n\n\n<p>Las pupilas se hacen m\u00e1s peque\u00f1as.<\/p>\n\n\n\n<p>La motilidad intestinal disminuye.<\/p>\n\n\n\n<p>El esf\u00ednter de la vejiga se adormece un poco.<\/p>\n\n\n\n<p>Las necesidades sexuales disminuyen.<\/p>\n\n\n\n<p>El usuario tiene problemas con las heces y la micci\u00f3n.<\/p>\n\n\n\n<p>La menstruaci\u00f3n puede volverse irregular en las mujeres.<\/p>\n<\/div>\n<\/div>\n\n<h3 class=\"wp-block-heading\">\u00bfC\u00f3mo comprar metadona en l\u00ednea?<\/h3>\n\n<p>Comprar metadona en l\u00ednea se ha vuelto f\u00e1cil gracias a Internet y requiere receta m\u00e9dica. Este medicamento se puede comprar online en Casa Della Medicina a precios asequibles y con entrega r\u00e1pida. La metadona, como cualquier otro medicamento opioide, se puede comprar en l\u00ednea sin receta, pero tenga cuidado porque hay muchos sitios web poco confiables.  <\/p>\n\n<p>Para pedir metadona en l\u00ednea, simplemente visite la p\u00e1gina de<a href=\"https:\/\/www.casadellamedicina.com\/shop\/\"> nuestra tienda<\/a>, seleccione la cantidad y haga clic en pagar. Una vez que haya ingresado sus detalles de env\u00edo y realizado el pago, se procesar\u00e1 su pedido y se proporcionar\u00e1 informaci\u00f3n de seguimiento. <\/p>\n\n<h3 class=\"wp-block-heading\">\u00bfQu\u00e9 analg\u00e9sicos est\u00e1n disponibles en Casa Della Medicina?<\/h3>\n\n<p>Actualmente se encuentran disponibles comprimidos de metadona, fentanilo, oxicodona, dilaudid, morfina, code\u00edna y tramadol. Puedes comprar fentanilo de forma segura con nosotros hoy mismo. Comprar oxicodona en l\u00ednea, dilaudid en venta.  <\/p>\n","protected":false},"excerpt":{"rendered":"<p>\u00bfQu\u00e9 son los analg\u00e9sicos? Comprar analg\u00e9sicos en l\u00ednea. Son medicamentos o sustancias que se utilizan para aliviar o reducir el dolor. El dolor se puede clasificar de diferentes maneras. Por ejemplo, existe dolor agudo, como un esguince de tobillo, o dolor cr\u00f3nico, como un da\u00f1o a los nervios. Los analg\u00e9sicos se utilizan para aliviar o [&hellip;]<\/p>\n","protected":false},"author":1,"featured_media":2159,"parent":0,"menu_order":0,"comment_status":"closed","ping_status":"closed","template":"","meta":{"site-sidebar-layout":"default","site-content-layout":"","ast-site-content-layout":"default","site-content-style":"default","site-sidebar-style":"default","ast-global-header-display":"","ast-banner-title-visibility":"","ast-main-header-display":"","ast-hfb-above-header-display":"","ast-hfb-below-header-display":"","ast-hfb-mobile-header-display":"","site-post-title":"","ast-breadcrumbs-content":"","ast-featured-img":"disabled","footer-sml-layout":"","ast-disable-related-posts":"","theme-transparent-header-meta":"","adv-header-id-meta":"","stick-header-meta":"","header-above-stick-meta":"","header-main-stick-meta":"","header-below-stick-meta":"","astra-migrate-meta-layouts":"default","ast-page-background-enabled":"default","ast-page-background-meta":{"desktop":{"background-color":"","background-image":"","background-repeat":"repeat","background-position":"center center","background-size":"auto","background-attachment":"scroll","background-type":"","background-media":"","overlay-type":"","overlay-color":"","overlay-opacity":"","overlay-gradient":""},"tablet":{"background-color":"","background-image":"","background-repeat":"repeat","background-position":"center center","background-size":"auto","background-attachment":"scroll","background-type":"","background-media":"","overlay-type":"","overlay-color":"","overlay-opacity":"","overlay-gradient":""},"mobile":{"background-color":"","background-image":"","background-repeat":"repeat","background-position":"center center","background-size":"auto","background-attachment":"scroll","background-type":"","background-media":"","overlay-type":"","overlay-color":"","overlay-opacity":"","overlay-gradient":""}},"ast-content-background-meta":{"desktop":{"background-color":"var(--ast-global-color-5)","background-image":"","background-repeat":"repeat","background-position":"center center","background-size":"auto","background-attachment":"scroll","background-type":"","background-media":"","overlay-type":"","overlay-color":"","overlay-opacity":"","overlay-gradient":""},"tablet":{"background-color":"var(--ast-global-color-5)","background-image":"","background-repeat":"repeat","background-position":"center center","background-size":"auto","background-attachment":"scroll","background-type":"","background-media":"","overlay-type":"","overlay-color":"","overlay-opacity":"","overlay-gradient":""},"mobile":{"background-color":"var(--ast-global-color-5)","background-image":"","background-repeat":"repeat","background-position":"center center","background-size":"auto","background-attachment":"scroll","background-type":"","background-media":"","overlay-type":"","overlay-color":"","overlay-opacity":"","overlay-gradient":""}},"footnotes":""},"class_list":["post-2322","page","type-page","status-publish","has-post-thumbnail","hentry"],"_links":{"self":[{"href":"https:\/\/www.casadellamedicina.com\/es\/wp-json\/wp\/v2\/pages\/2322","targetHints":{"allow":["GET"]}}],"collection":[{"href":"https:\/\/www.casadellamedicina.com\/es\/wp-json\/wp\/v2\/pages"}],"about":[{"href":"https:\/\/www.casadellamedicina.com\/es\/wp-json\/wp\/v2\/types\/page"}],"author":[{"embeddable":true,"href":"https:\/\/www.casadellamedicina.com\/es\/wp-json\/wp\/v2\/users\/1"}],"replies":[{"embeddable":true,"href":"https:\/\/www.casadellamedicina.com\/es\/wp-json\/wp\/v2\/comments?post=2322"}],"version-history":[{"count":1,"href":"https:\/\/www.casadellamedicina.com\/es\/wp-json\/wp\/v2\/pages\/2322\/revisions"}],"predecessor-version":[{"id":2323,"href":"https:\/\/www.casadellamedicina.com\/es\/wp-json\/wp\/v2\/pages\/2322\/revisions\/2323"}],"wp:featuredmedia":[{"embeddable":true,"href":"https:\/\/www.casadellamedicina.com\/es\/wp-json\/wp\/v2\/media\/2159"}],"wp:attachment":[{"href":"https:\/\/www.casadellamedicina.com\/es\/wp-json\/wp\/v2\/media?parent=2322"}],"curies":[{"name":"wp","href":"https:\/\/api.w.org\/{rel}","templated":true}]}}