{"id":2244,"date":"2024-10-18T04:48:51","date_gmt":"2024-10-18T04:48:51","guid":{"rendered":"https:\/\/www.casadellamedicina.com\/Prodotto\/fentanilo-en-polvo\/"},"modified":"2026-03-02T13:09:46","modified_gmt":"2026-03-02T13:09:46","slug":"comprar-fentanilo-en-polvo","status":"publish","type":"product","link":"https:\/\/www.casadellamedicina.com\/es\/Prodotto\/comprar-fentanilo-en-polvo\/","title":{"rendered":"Fentanilo en polvo"},"content":{"rendered":"<h1>Comprare fentanil in polvere online.<\/h1>\n<p>Comprar fentanilo en polvo. Forma parte de la familia de las pro-drogas, tambi\u00e9n conocidas como opi\u00e1ceos. El polvo se utiliza para tratar diversas dolencias. Se encuentra en forma de p\u00edldora y de polvo. Adem\u00e1s, el fentanilo en polvo puede ser un analg\u00e9sico utilizado para aliviar el dolor. Comprar fentanilo en polvo online, encargar fentanilo online. Adem\u00e1s, el fentanilo tambi\u00e9n se utiliza para tratar o eliminar cualquier tipo de dolor, en particular el dolor cr\u00f3nico.<\/p>\n<p>Se sintetiz\u00f3 por primera vez en la d\u00e9cada de 1960 antes de comercializarse como producto m\u00e9dico. Posteriormente se utiliz\u00f3 para otros fines. Recientemente, se ha utilizado no s\u00f3lo como medicamento, sino en algunos casos tambi\u00e9n como droga. Comprar fentanilo en polvo online, comprar fentanilo en polvo online. <a href=\"https:\/\/medicijnhuis.com\/it\/prodotto\/acquistare-fentanil-online\/\" target=\"_blank\" rel=\"noopener\">El fentanilo en polvo<\/a> se compara a menudo con la droga m\u00e1s conocida, la morfina.<\/p>\n<p>Es una droga prometedora que a\u00fan no se ha utilizado ni producido en medicina. Comprar fentanilo en polvo online, comprar fentanilo online, comprar furanilo fentanilo online, comprar furanilo fentanilo online, comprar fentanilo fentanilo. Adem\u00e1s, el fentanilo en polvo es 50-100 veces m\u00e1s potente que la morfina. Esta es la raz\u00f3n principal de su eficacia y su uso en cantidades tan grandes.<\/p>\n<h2>\u00bfQu\u00e9 es el fentanilo? Comprar fentanilo en polvo online.<\/h2>\n<p>Los opi\u00e1ceos de venta con receta, como el fentanilo, se utilizan para tratar el dolor moderado a intenso, pero cuando se obtienen ilegalmente pueden ser objeto de uso excesivo y abuso y causar muertes por sobredosis. Los opioides sint\u00e9ticos como el fentanilo pueden ser hasta 100 veces m\u00e1s potentes que la hero\u00edna, la morfina o la oxicodona, fentanilo en venta.<\/p>\n<p>El fentanilo pertenece al grupo de drogas conocidas como analg\u00e9sicos narc\u00f3ticos. Comprar fentanilo online, comprar acetil fentanilo, comprar acetil fentanilo online. El alivio del dolor a largo plazo se obtiene con parches de fentanilo; el alivio r\u00e1pido del dolor se obtiene con inyecciones, sprays, piruletas, sprays nasales y comprimidos sublinguales. Comprar fentanilo en comprimidos online, comprar fentanilo en polvo online, <a href=\"https:\/\/www.casadellamedicina.com\/es\/\">comprar fentanilo online en Europa,<\/a> comprar fentanilo en Australia, comprar fentanilo en Italia, <a href=\"https:\/\/www.casadellamedicina.com\/es\/Prodotto\/fentanil-em-comprimidos\/\">comprar fentanilo en comprimidos online.<\/a><\/p>\n<p>El fentanilo es un medicamento recetado legalmente que se utiliza para tratar el dolor cr\u00f3nico o perturbador, para controlar el dolor durante la cirug\u00eda y para tratar ambas afecciones. Sin embargo, tambi\u00e9n se fabrica ilegalmente, o se desv\u00edan medicamentos recetados legalmente, y como se comercializa por sus efectos euforizantes, se abusa de \u00e9l y se usa indebidamente.<\/p>\n<ul>\n<li>El fentanilo tambi\u00e9n puede encontrarse en medicamentos falsificados como comprimidos de Xanax o hidrocodona, as\u00ed como en drogas callejeras como la hero\u00edna, la coca\u00edna y la metanfetamina.<\/li>\n<li>Los consumidores pueden no ser conscientes de que la droga callejera que compran a un traficante contiene este ingrediente potencialmente letal.<\/li>\n<li>Las tiras reactivas de fentanilo pueden utilizarse para determinar si los medicamentos han sido contaminados con fentanilo.<\/li>\n<li>Dado que el fentanilo es tan potente, tan s\u00f3lo 2 \u00f3 3 miligramos de la droga pueden causar depresi\u00f3n respiratoria, es decir, una disminuci\u00f3n de la respiraci\u00f3n que puede conducir r\u00e1pidamente al coma y a la muerte.<\/li>\n<\/ul>\n<h3>Efectos secundarios del fentanilo<\/h3>\n<p><strong>Efectos secundarios frecuentes del fentanilo<\/strong><\/p>\n<p>Los efectos secundarios frecuentes del fentanilo, cuando se toma seg\u00fan prescripci\u00f3n m\u00e9dica, son: dolor de cabeza, mareo, somnolencia, palidez de la piel, sensaci\u00f3n de debilidad o cansancio<br \/>\nestre\u00f1imiento, n\u00e1useas, v\u00f3mitos, dolor de est\u00f3mago o<br \/>\nproblemas de sue\u00f1o (insomnio)<br \/>\nhinchaz\u00f3n de manos y pies<br \/>\naumento de la sudoraci\u00f3n o sensaci\u00f3n de fr\u00edo<br \/>\nen el caso de los parches, picor, enrojecimiento o erupci\u00f3n en el lugar donde se ha puesto el parche.<\/p>\n<p><strong>efectos secundarios peligrosos del fentanilo<\/strong><\/p>\n<p>Si presenta alguno de los siguientes s\u00edntomas de alergia al fentanilo: dificultad para respirar; urticaria; hinchaz\u00f3n de la cara, labios, lengua o cuello, busque atenci\u00f3n m\u00e9dica de urgencia. ritmo cardiaco lento; suspiros; respiraci\u00f3n superficial; respiraci\u00f3n que se detiene durante el sue\u00f1o;<br \/>\nsomnolencia intensa, sensaci\u00f3n de desmayo;<br \/>\nconfusi\u00f3n, miedo extremo, pensamientos o comportamiento inusuales; o<br \/>\nniveles bajos de cortisol: n\u00e1useas, v\u00f3mitos, p\u00e9rdida de apetito, mareos, empeoramiento del cansancio o debilidad. Comprar fentanilo comprimidos online, pedido fentanilo online, fentanilo venta online, fentanilo comprar.<\/p>\n","protected":false},"excerpt":{"rendered":"<p>Comprare fentanil in polvere online. Comprar fentanilo en polvo. Forma parte de la familia de las pro-drogas, tambi\u00e9n conocidas como opi\u00e1ceos. El polvo se utiliza para tratar diversas dolencias. Se encuentra en forma de p\u00edldora y de polvo. Adem\u00e1s, el fentanilo en polvo puede ser un analg\u00e9sico utilizado para aliviar el dolor. Comprar fentanilo en [&hellip;]<\/p>\n","protected":false},"featured_media":2209,"comment_status":"open","ping_status":"closed","template":"","meta":{"site-sidebar-layout":"default","site-content-layout":"","ast-site-content-layout":"default","site-content-style":"default","site-sidebar-style":"default","ast-global-header-display":"","ast-banner-title-visibility":"","ast-main-header-display":"","ast-hfb-above-header-display":"","ast-hfb-below-header-display":"","ast-hfb-mobile-header-display":"","site-post-title":"","ast-breadcrumbs-content":"","ast-featured-img":"","footer-sml-layout":"","ast-disable-related-posts":"","theme-transparent-header-meta":"default","adv-header-id-meta":"","stick-header-meta":"","header-above-stick-meta":"","header-main-stick-meta":"","header-below-stick-meta":"","astra-migrate-meta-layouts":"set","ast-page-background-enabled":"default","ast-page-background-meta":{"desktop":{"background-color":"","background-image":"","background-repeat":"repeat","background-position":"center center","background-size":"auto","background-attachment":"scroll","background-type":"","background-media":"","overlay-type":"","overlay-color":"","overlay-opacity":"","overlay-gradient":""},"tablet":{"background-color":"","background-image":"","background-repeat":"repeat","background-position":"center center","background-size":"auto","background-attachment":"scroll","background-type":"","background-media":"","overlay-type":"","overlay-color":"","overlay-opacity":"","overlay-gradient":""},"mobile":{"background-color":"","background-image":"","background-repeat":"repeat","background-position":"center center","background-size":"auto","background-attachment":"scroll","background-type":"","background-media":"","overlay-type":"","overlay-color":"","overlay-opacity":"","overlay-gradient":""}},"ast-content-background-meta":{"desktop":{"background-color":"var(--ast-global-color-5)","background-image":"","background-repeat":"repeat","background-position":"center center","background-size":"auto","background-attachment":"scroll","background-type":"","background-media":"","overlay-type":"","overlay-color":"","overlay-opacity":"","overlay-gradient":""},"tablet":{"background-color":"var(--ast-global-color-5)","background-image":"","background-repeat":"repeat","background-position":"center center","background-size":"auto","background-attachment":"scroll","background-type":"","background-media":"","overlay-type":"","overlay-color":"","overlay-opacity":"","overlay-gradient":""},"mobile":{"background-color":"var(--ast-global-color-5)","background-image":"","background-repeat":"repeat","background-position":"center center","background-size":"auto","background-attachment":"scroll","background-type":"","background-media":"","overlay-type":"","overlay-color":"","overlay-opacity":"","overlay-gradient":""}}},"product_brand":[],"product_cat":[50],"product_tag":[],"class_list":{"0":"post-2244","1":"product","2":"type-product","3":"status-publish","4":"has-post-thumbnail","6":"product_cat-investigacion-quimica","7":"desktop-align-left","8":"tablet-align-left","9":"mobile-align-left","11":"first","12":"instock","13":"shipping-taxable","14":"purchasable","15":"product-type-simple"},"_links":{"self":[{"href":"https:\/\/www.casadellamedicina.com\/es\/wp-json\/wp\/v2\/product\/2244","targetHints":{"allow":["GET"]}}],"collection":[{"href":"https:\/\/www.casadellamedicina.com\/es\/wp-json\/wp\/v2\/product"}],"about":[{"href":"https:\/\/www.casadellamedicina.com\/es\/wp-json\/wp\/v2\/types\/product"}],"replies":[{"embeddable":true,"href":"https:\/\/www.casadellamedicina.com\/es\/wp-json\/wp\/v2\/comments?post=2244"}],"wp:featuredmedia":[{"embeddable":true,"href":"https:\/\/www.casadellamedicina.com\/es\/wp-json\/wp\/v2\/media\/2209"}],"wp:attachment":[{"href":"https:\/\/www.casadellamedicina.com\/es\/wp-json\/wp\/v2\/media?parent=2244"}],"wp:term":[{"taxonomy":"product_brand","embeddable":true,"href":"https:\/\/www.casadellamedicina.com\/es\/wp-json\/wp\/v2\/product_brand?post=2244"},{"taxonomy":"product_cat","embeddable":true,"href":"https:\/\/www.casadellamedicina.com\/es\/wp-json\/wp\/v2\/product_cat?post=2244"},{"taxonomy":"product_tag","embeddable":true,"href":"https:\/\/www.casadellamedicina.com\/es\/wp-json\/wp\/v2\/product_tag?post=2244"}],"curies":[{"name":"wp","href":"https:\/\/api.w.org\/{rel}","templated":true}]}}