{"id":2292,"date":"2024-10-17T13:54:30","date_gmt":"2024-10-17T13:54:30","guid":{"rendered":"https:\/\/www.casadellamedicina.com\/Prodotto\/a-pvp\/"},"modified":"2025-04-03T09:17:57","modified_gmt":"2025-04-03T09:17:57","slug":"a-pvp-compra-en-linea","status":"publish","type":"product","link":"https:\/\/www.casadellamedicina.com\/es\/Prodotto\/a-pvp-compra-en-linea\/","title":{"rendered":"A-pvp"},"content":{"rendered":"<h1>A-Pyrrolidinopentiophenone | Comprar A-PVP online.<\/h1>\n<p>A-pvp compra online. Un estimulante sint\u00e9tico de la clase de las catinonas, la \u03b1-pirrolidinopentiofenona (tambi\u00e9n conocida como \u03b1-pirrolidinovalerofenona, \u03b1-PVP, O-2387, \u03b2-ceto-prolintano, prolintanona o desmetilpirrovalerona) fue creada en los a\u00f1os 60 y comercializada como droga de dise\u00f1o. La \u03b1-PVP es el an\u00e1logo cet\u00f3nico del prolintano y tiene similitudes qu\u00edmicas con la pirovalerona.<\/p>\n<p>A veces se denomina grava, flakka o droga zombi en el lenguaje com\u00fan. Comprar \u03b1-pyrrolidinopentiophenone online, a-pvp en venta, <a href=\"https:\/\/www.casadellamedicina.com\/es\/investigacion-quimica\/\">comprar alfa pvp.<\/a> En el campo m\u00e9dico, los estimulantes artificiales como la alfa-PVP se utilizan para tratar diversas enfermedades. Se incluye en la categor\u00eda de pro-f\u00e1rmacos a base de catinona. Como droga de dise\u00f1o, la alfa-PVP se cre\u00f3 inicialmente para la s\u00edntesis. Para otros fines, como analg\u00e9sico, ha ganado mucha popularidad. Las personas que consumen estupefacientes pueden satisfacer su ansia con este estimulante artificial.<\/p>\n<p>Una vez lanzado el producto inicial en 2000, gan\u00f3 popularidad cuarenta a\u00f1os despu\u00e9s. Pero lo m\u00e1s significativo es que ni siquiera ha sido utilizado por una peque\u00f1a comunidad de personas en estos a\u00f1os. Comprar alfa-pirrolidinopentiofenona, alfa-pvp en venta, A-pvp en venta online, comprar alfa-pvp online, pedido a-pvp online, comprar alfa pvp en linea.<\/p>\n<h4>Uso m\u00e9dico de alfa-PVP. Pedidos de A-PVP.<\/h4>\n<p>Alfa-PVP tambi\u00e9n ayuda a la mente humana a controlar sentimientos inmediatos como la felicidad, la tristeza o el dolor. Este f\u00e1rmaco ayuda a la mente a imaginar un marco normal para trabajar normalmente sin obst\u00e1culos. De esta manera, alfa-PVP se utiliza para obtener alivio de cualquier tipo de shock. A-pvp comprar online, alpha pvp en venta, pedir a-pvp online. La gente utiliza esta droga profesional en discotecas y bares. Pero tambi\u00e9n se utiliza con receta en algunos tratamientos.<\/p>\n<p>Pedir alfa-pvp, alfa-pvp en venta. Los m\u00e9dicos utilizan la droga alfa-pvp para tratar a la gente. Su uso principal es para tratar la depresi\u00f3n y la ansiedad. Comprar A-pvp sin receta, comprar a-pvp online, comprar alpha-pvp online. Estas son algunas caracter\u00edsticas clave que hacen que el uso de Alfa-PVP aumente d\u00eda a d\u00eda. Se est\u00e1 haciendo popular en ambos \u00e1mbitos de la vida. Tambi\u00e9n puede comprar otros productos qu\u00edmicos de investigaci\u00f3n 3-MMC, 4-MMC o metanfetamina de cristal.<\/p>\n<h3><a href=\"https:\/\/medicijnhuis.com\/it\/prodotto\/acquistare-a-pvp-online\/\" target=\"_blank\" rel=\"noopener\">\u00bfD\u00f3nde puedo comprar A-PVP<\/a>? Compre A-PVP en l\u00ednea.<\/h3>\n<p>En <a href=\"https:\/\/www.casadellamedicina.com\/es\/\">Casa Della Medicina<\/a>, proporcionamos a nuestros clientes medicamentos de la mejor calidad disponible. Nuestros servicios son los mejores del sector y, sobre todo, ofrecemos una entrega fiable y de confianza. Los clientes reciben su pedido a tiempo y con discreci\u00f3n. Vis\u00edtenos hoy para comprar medicamentos de calidad en Italia y Europa. Alfa-PVP pertenece a la clase m\u00e1s popular de pro-drogas y es ampliamente utilizado. La raz\u00f3n principal de su popularidad es su alta potencia y velocidad de acci\u00f3n. Act\u00faa directamente sobre el sistema nervioso central, al igual que otros estimulantes.<\/p>\n","protected":false},"excerpt":{"rendered":"<p>A-Pyrrolidinopentiophenone | Comprar A-PVP online. A-pvp compra online. Un estimulante sint\u00e9tico de la clase de las catinonas, la \u03b1-pirrolidinopentiofenona (tambi\u00e9n conocida como \u03b1-pirrolidinovalerofenona, \u03b1-PVP, O-2387, \u03b2-ceto-prolintano, prolintanona o desmetilpirrovalerona) fue creada en los a\u00f1os 60 y comercializada como droga de dise\u00f1o. La \u03b1-PVP es el an\u00e1logo cet\u00f3nico del prolintano y tiene similitudes qu\u00edmicas con la [&hellip;]<\/p>\n","protected":false},"featured_media":2201,"comment_status":"open","ping_status":"closed","template":"","meta":{"site-sidebar-layout":"default","site-content-layout":"","ast-site-content-layout":"default","site-content-style":"default","site-sidebar-style":"default","ast-global-header-display":"","ast-banner-title-visibility":"","ast-main-header-display":"","ast-hfb-above-header-display":"","ast-hfb-below-header-display":"","ast-hfb-mobile-header-display":"","site-post-title":"","ast-breadcrumbs-content":"","ast-featured-img":"","footer-sml-layout":"","ast-disable-related-posts":"","theme-transparent-header-meta":"default","adv-header-id-meta":"","stick-header-meta":"","header-above-stick-meta":"","header-main-stick-meta":"","header-below-stick-meta":"","astra-migrate-meta-layouts":"set","ast-page-background-enabled":"default","ast-page-background-meta":{"desktop":{"background-color":"","background-image":"","background-repeat":"repeat","background-position":"center center","background-size":"auto","background-attachment":"scroll","background-type":"","background-media":"","overlay-type":"","overlay-color":"","overlay-opacity":"","overlay-gradient":""},"tablet":{"background-color":"","background-image":"","background-repeat":"repeat","background-position":"center center","background-size":"auto","background-attachment":"scroll","background-type":"","background-media":"","overlay-type":"","overlay-color":"","overlay-opacity":"","overlay-gradient":""},"mobile":{"background-color":"","background-image":"","background-repeat":"repeat","background-position":"center center","background-size":"auto","background-attachment":"scroll","background-type":"","background-media":"","overlay-type":"","overlay-color":"","overlay-opacity":"","overlay-gradient":""}},"ast-content-background-meta":{"desktop":{"background-color":"var(--ast-global-color-5)","background-image":"","background-repeat":"repeat","background-position":"center center","background-size":"auto","background-attachment":"scroll","background-type":"","background-media":"","overlay-type":"","overlay-color":"","overlay-opacity":"","overlay-gradient":""},"tablet":{"background-color":"var(--ast-global-color-5)","background-image":"","background-repeat":"repeat","background-position":"center center","background-size":"auto","background-attachment":"scroll","background-type":"","background-media":"","overlay-type":"","overlay-color":"","overlay-opacity":"","overlay-gradient":""},"mobile":{"background-color":"var(--ast-global-color-5)","background-image":"","background-repeat":"repeat","background-position":"center center","background-size":"auto","background-attachment":"scroll","background-type":"","background-media":"","overlay-type":"","overlay-color":"","overlay-opacity":"","overlay-gradient":""}}},"product_brand":[],"product_cat":[50],"product_tag":[],"class_list":{"0":"post-2292","1":"product","2":"type-product","3":"status-publish","4":"has-post-thumbnail","6":"product_cat-investigacion-quimica","7":"desktop-align-left","8":"tablet-align-left","9":"mobile-align-left","11":"first","12":"instock","13":"shipping-taxable","14":"purchasable","15":"product-type-simple"},"_links":{"self":[{"href":"https:\/\/www.casadellamedicina.com\/es\/wp-json\/wp\/v2\/product\/2292","targetHints":{"allow":["GET"]}}],"collection":[{"href":"https:\/\/www.casadellamedicina.com\/es\/wp-json\/wp\/v2\/product"}],"about":[{"href":"https:\/\/www.casadellamedicina.com\/es\/wp-json\/wp\/v2\/types\/product"}],"replies":[{"embeddable":true,"href":"https:\/\/www.casadellamedicina.com\/es\/wp-json\/wp\/v2\/comments?post=2292"}],"wp:featuredmedia":[{"embeddable":true,"href":"https:\/\/www.casadellamedicina.com\/es\/wp-json\/wp\/v2\/media\/2201"}],"wp:attachment":[{"href":"https:\/\/www.casadellamedicina.com\/es\/wp-json\/wp\/v2\/media?parent=2292"}],"wp:term":[{"taxonomy":"product_brand","embeddable":true,"href":"https:\/\/www.casadellamedicina.com\/es\/wp-json\/wp\/v2\/product_brand?post=2292"},{"taxonomy":"product_cat","embeddable":true,"href":"https:\/\/www.casadellamedicina.com\/es\/wp-json\/wp\/v2\/product_cat?post=2292"},{"taxonomy":"product_tag","embeddable":true,"href":"https:\/\/www.casadellamedicina.com\/es\/wp-json\/wp\/v2\/product_tag?post=2292"}],"curies":[{"name":"wp","href":"https:\/\/api.w.org\/{rel}","templated":true}]}}