{"id":2293,"date":"2024-10-18T09:18:05","date_gmt":"2024-10-18T09:18:05","guid":{"rendered":"https:\/\/www.casadellamedicina.com\/Prodotto\/lsd-liquido\/"},"modified":"2025-04-02T13:28:04","modified_gmt":"2025-04-02T13:28:04","slug":"comprar-lsd-liquido","status":"publish","type":"product","link":"https:\/\/www.casadellamedicina.com\/es\/Prodotto\/comprar-lsd-liquido\/","title":{"rendered":"LSD l\u00edquido"},"content":{"rendered":"<h1>Comprar LSD 25 | Comprar LSD l\u00edquido online.<\/h1>\n<p>Comprar LSD l\u00edquida en l\u00ednea. El potente alucin\u00f3geno dietilamida del \u00e1cido lis\u00e9rgico (LSD) se produjo por primera vez en 1938. El hongo del cornezuelo, que crece en el centeno y otros cereales, contiene \u00e1cido lis\u00e9rgico, que se utiliza para producirlo artificialmente. Las dosis suelen ser del orden de los microgramos debido a su extrema potencia.<\/p>\n<p>Un \u00abviaje\u00bb, como se le suele llamar, puede ser excitante, placentero y transformador de la mente, o puede dar lugar a una experiencia desagradable, a veces aterradora, conocida como \u00abmal viaje\u00bb. Cuando el LSD se produce en forma cristalina, se combina con otras sustancias inertes o se diluye para convertirlo en un l\u00edquido que pueda consumirse. Tiene un sabor ligeramente amargo y no tiene color ni olor.<\/p>\n<h2><a href=\"https:\/\/pentobarbital.blog\/buy-psychedelics-online\/\" target=\"_blank\" rel=\"noopener\">Comprar LSD online <\/a>en diferentes formas.<\/h2>\n<p>Por lo general, el LSD se puede encontrar en la calle en una variedad de formas, tales como: El tipo m\u00e1s popular es el blotter, que consiste en LSD empapado en hojas de papel secante de colores y luego dividido en peque\u00f1as unidades de dosis individuales.<br \/>\nLos cuadrados estrechos de gelatina a menudo se denominan \u201cpaneles de ventana\u201d. en forma de comprimidos (a menudo comprimidos diminutos llamados Microdots) o c\u00e1psulas<br \/>\nl\u00edquido sobre terrones de az\u00facar<br \/>\nel estado l\u00edquido puro (posiblemente bastante fuerte) Algunas personas pueden tomar LSD inyect\u00e1ndolo en una vena o inhal\u00e1ndolo por la nariz.<\/p>\n<p>Es imposible estimar cu\u00e1nta cantidad de LSD, en cualquier forma, puedes tomar. Otros alucin\u00f3genos incluyen: Psilocibina (que se encuentra en hongos y setas alucin\u00f3genas)<br \/>\nMescalina (Botones, Cactus, Peyote)<br \/>\nFenciclidina (polvo para hormigas, PCP)<br \/>\nAyahuasca que contiene DMT<br \/>\nLa planta Salvia divinorum<\/p>\n<h2>Comprar LSD l\u00edquido en l\u00ednea: Comprar dietilamida del \u00e1cido lis\u00e9rgico.<\/h2>\n<p>Compre LSD en l\u00ednea, LSD Blotters es una droga de moda acompa\u00f1ada de una serie de compuestos de investigaci\u00f3n que tienen una conexi\u00f3n con la historia de ALD-52 y otros nombres notables de LSD. El LSD l\u00edquido es adquirido por especialistas para su uso en investigaci\u00f3n, deportes y medicina. Adem\u00e1s de LSD tenemos productos psicod\u00e9licos de calidad disponibles para entrega a bajo costo que puedes pedir ahora y ser\u00e1n entregados a tu direcci\u00f3n de forma r\u00e1pida y discreta.<\/p>\n<p>Estos productos incluyen: NN Dmt, 5-MeO Dmt, 4-ACO Dmt, Dmt Carts, Ketamina, Hongos M\u00e1gicos, solo por nombrar algunos. Las cualidades psicoactivas del LSD lo hacen irrefutable tanto para los adictos como para las autoridades competentes. Muchos clientes habituales eligen comprar LSD para experimentar satisfacci\u00f3n, emoci\u00f3n, energ\u00eda sostenida y mayor actividad sexual.<\/p>\n<p>Lsd en venta en l\u00ednea, comprar lsd en l\u00ednea, pedir lsd l\u00edquido en l\u00ednea, lsd en venta en l\u00ednea, lsd l\u00edquido en venta en l\u00ednea, compra de lsd. Como proveedor incomparable, nuestra asociaci\u00f3n busca activamente asociaciones con asociaciones chinas sinceras. Tiene licencia para comercializar sales de ducha del m\u00e1s alto calibre y perfecci\u00f3n.<\/p>\n<p>El LSD se mezcla de acuerdo con todos los requisitos y bajo estrecha observaci\u00f3n. Sin lugar a dudas, el precio m\u00e1s fant\u00e1stico en el sitio web m\u00e1s grande para comprar suministros de estudio de dise\u00f1o, comprar microdosis de LSD y comprar LSD en l\u00ednea est\u00e1 disponible para obtener la informaci\u00f3n m\u00e1s actualizada y confiable.<\/p>\n<h3>LSD 25: Efectos del consumo de LSD | 1P LSD Comprar en l\u00ednea.<\/h3>\n<p>El LSD es una sustancia psicoactiva. Se cree que los efectos alucin\u00f3genos t\u00edpicos del LSD son causados \u200b\u200bpor una interacci\u00f3n con los receptores de serotonina en el cerebro. La serotonina es un neurotransmisor que dirige los sentidos, modera los pensamientos y ayuda a regular el comportamiento y el estado de \u00e1nimo. Pedido lsd liquido online, venta lsd online.<\/p>\n<p>Compre LSD en l\u00ednea ahora, 1p lsd a la venta, compre 1p-lsd, compre lsd 25 en l\u00ednea, <a href=\"https:\/\/www.casadellamedicina.com\/psichedelici\/\">compre lsd-25 en l\u00ednea<\/a>, compre lsd l\u00edquido en Italia, compre lsd l\u00edquido en Australia, compre lsd l\u00edquido en el Reino Unido, compre lsd en l\u00ednea en EE. UU. Cada persona reacciona de forma diferente al LSD l\u00edquido y nadie puede predecir si tendr\u00e1 un \u201cviaje\u201d positivo o negativo. Cuando se toma por v\u00eda oral, el medicamento comienza a actuar entre 30 y 45 minutos despu\u00e9s de tomarlo, alcanza su m\u00e1ximo efecto entre dos y cuatro horas m\u00e1s tarde y puede continuar hasta doce horas.<\/p>\n<p>Cuando se administra por v\u00eda intravenosa (IV), los efectos se producen mucho m\u00e1s r\u00e1pidamente, generalmente en menos de diez minutos. Los efectos incluyen alucinaciones.<br \/>\nPercepci\u00f3n visual distorsionada de formas y colores.<br \/>\nsonidos alterados<br \/>\nAnsiedad y depresi\u00f3n<br \/>\nflashback (retorno de la experiencia del \u201cviaje\u201d) despu\u00e9s de d\u00edas o meses<br \/>\nritmo card\u00edaco acelerado, aumento de la temperatura corporal y presi\u00f3n arterial alta<br \/>\npupilas dilatadas Pueden ocurrir cambios de humor severos. La droga causa alucinaciones visuales y delirios si se usa en cantidades suficientes. Una sobredosis puede causar una psicosis grave. Debido a que el LSD no tiene una dosis letal conocida, la mayor\u00eda de las muertes ocurren por lesiones f\u00edsicas sufridas bajo la influencia de la droga.<\/p>\n","protected":false},"excerpt":{"rendered":"<p>Comprar LSD 25 | Comprar LSD l\u00edquido online. Comprar LSD l\u00edquida en l\u00ednea. El potente alucin\u00f3geno dietilamida del \u00e1cido lis\u00e9rgico (LSD) se produjo por primera vez en 1938. El hongo del cornezuelo, que crece en el centeno y otros cereales, contiene \u00e1cido lis\u00e9rgico, que se utiliza para producirlo artificialmente. Las dosis suelen ser del orden [&hellip;]<\/p>\n","protected":false},"featured_media":2211,"comment_status":"open","ping_status":"closed","template":"","meta":{"site-sidebar-layout":"default","site-content-layout":"","ast-site-content-layout":"default","site-content-style":"default","site-sidebar-style":"default","ast-global-header-display":"","ast-banner-title-visibility":"","ast-main-header-display":"","ast-hfb-above-header-display":"","ast-hfb-below-header-display":"","ast-hfb-mobile-header-display":"","site-post-title":"","ast-breadcrumbs-content":"","ast-featured-img":"","footer-sml-layout":"","ast-disable-related-posts":"","theme-transparent-header-meta":"default","adv-header-id-meta":"","stick-header-meta":"","header-above-stick-meta":"","header-main-stick-meta":"","header-below-stick-meta":"","astra-migrate-meta-layouts":"set","ast-page-background-enabled":"default","ast-page-background-meta":{"desktop":{"background-color":"","background-image":"","background-repeat":"repeat","background-position":"center center","background-size":"auto","background-attachment":"scroll","background-type":"","background-media":"","overlay-type":"","overlay-color":"","overlay-opacity":"","overlay-gradient":""},"tablet":{"background-color":"","background-image":"","background-repeat":"repeat","background-position":"center center","background-size":"auto","background-attachment":"scroll","background-type":"","background-media":"","overlay-type":"","overlay-color":"","overlay-opacity":"","overlay-gradient":""},"mobile":{"background-color":"","background-image":"","background-repeat":"repeat","background-position":"center center","background-size":"auto","background-attachment":"scroll","background-type":"","background-media":"","overlay-type":"","overlay-color":"","overlay-opacity":"","overlay-gradient":""}},"ast-content-background-meta":{"desktop":{"background-color":"var(--ast-global-color-5)","background-image":"","background-repeat":"repeat","background-position":"center center","background-size":"auto","background-attachment":"scroll","background-type":"","background-media":"","overlay-type":"","overlay-color":"","overlay-opacity":"","overlay-gradient":""},"tablet":{"background-color":"var(--ast-global-color-5)","background-image":"","background-repeat":"repeat","background-position":"center center","background-size":"auto","background-attachment":"scroll","background-type":"","background-media":"","overlay-type":"","overlay-color":"","overlay-opacity":"","overlay-gradient":""},"mobile":{"background-color":"var(--ast-global-color-5)","background-image":"","background-repeat":"repeat","background-position":"center center","background-size":"auto","background-attachment":"scroll","background-type":"","background-media":"","overlay-type":"","overlay-color":"","overlay-opacity":"","overlay-gradient":""}}},"product_brand":[],"product_cat":[54],"product_tag":[],"class_list":{"0":"post-2293","1":"product","2":"type-product","3":"status-publish","4":"has-post-thumbnail","6":"product_cat-psicodelicos","7":"desktop-align-left","8":"tablet-align-left","9":"mobile-align-left","11":"first","12":"instock","13":"shipping-taxable","14":"purchasable","15":"product-type-variable"},"_links":{"self":[{"href":"https:\/\/www.casadellamedicina.com\/es\/wp-json\/wp\/v2\/product\/2293","targetHints":{"allow":["GET"]}}],"collection":[{"href":"https:\/\/www.casadellamedicina.com\/es\/wp-json\/wp\/v2\/product"}],"about":[{"href":"https:\/\/www.casadellamedicina.com\/es\/wp-json\/wp\/v2\/types\/product"}],"replies":[{"embeddable":true,"href":"https:\/\/www.casadellamedicina.com\/es\/wp-json\/wp\/v2\/comments?post=2293"}],"wp:featuredmedia":[{"embeddable":true,"href":"https:\/\/www.casadellamedicina.com\/es\/wp-json\/wp\/v2\/media\/2211"}],"wp:attachment":[{"href":"https:\/\/www.casadellamedicina.com\/es\/wp-json\/wp\/v2\/media?parent=2293"}],"wp:term":[{"taxonomy":"product_brand","embeddable":true,"href":"https:\/\/www.casadellamedicina.com\/es\/wp-json\/wp\/v2\/product_brand?post=2293"},{"taxonomy":"product_cat","embeddable":true,"href":"https:\/\/www.casadellamedicina.com\/es\/wp-json\/wp\/v2\/product_cat?post=2293"},{"taxonomy":"product_tag","embeddable":true,"href":"https:\/\/www.casadellamedicina.com\/es\/wp-json\/wp\/v2\/product_tag?post=2293"}],"curies":[{"name":"wp","href":"https:\/\/api.w.org\/{rel}","templated":true}]}}