{"id":2305,"date":"2024-10-25T11:25:28","date_gmt":"2024-10-25T11:25:28","guid":{"rendered":"https:\/\/www.casadellamedicina.com\/Prodotto\/dmt-5-meo-4-aco\/"},"modified":"2025-04-02T12:35:49","modified_gmt":"2025-04-02T12:35:49","slug":"comprar-dmt-en-linea","status":"publish","type":"product","link":"https:\/\/www.casadellamedicina.com\/es\/Prodotto\/comprar-dmt-en-linea\/","title":{"rendered":"Dmt ( 5-Meo, 4-AcO )"},"content":{"rendered":"<h1>Comprar dimetiltriptamina en l\u00ednea.<\/h1>\n<p>Comprar DMT en l\u00ednea. La DMT es una sustancia psicod\u00e9lica natural que pertenece a la familia de las triptaminas. Qu\u00edmicamente, es similar a la serotonina, un neurotransmisor que se encuentra en el cerebro humano. El <a href=\"https:\/\/pentobarbital.blog\/product\/buy-dmt-online\" target=\"_blank\" rel=\"noopener\">DMT<\/a> se encuentra en varias plantas y tambi\u00e9n se puede sintetizar artificialmente. Compre dmt en l\u00ednea, venda dmt en l\u00ednea, compre dmt en el Reino Unido, compre nn dmt en l\u00ednea. Tambi\u00e9n puedes comprar MDMA o mefedrona online en Casa Della Medicina. Compre drogas psicod\u00e9licas en l\u00ednea hoy con entrega r\u00e1pida y confiable.<\/p>\n<p>La dimetiltriptamina, o DMT para abreviar, es una droga psicod\u00e9lica que ha ganado popularidad en los \u00faltimos a\u00f1os. Esta mol\u00e9cula ha atra\u00eddo mucha atenci\u00f3n debido a sus fuertes efectos psicod\u00e9licos y su reputaci\u00f3n de producir experiencias trascendentales. Se encuentra en las plantas y en la gl\u00e1ndula pineal de los mam\u00edferos. Comprar dmt en l\u00ednea, dmt en venta en l\u00ednea, comprar dmt, dmt a la venta en l\u00ednea.<\/p>\n<h2>D\u00f3nde comprar 4 AcO DMT en l\u00ednea.<\/h2>\n<p>Comprar 4 AcO DMT en l\u00ednea. Qu\u00edmicamente, el 4 AcO DMT, tambi\u00e9n conocido como 4 Acetoxi N,N-dimetiltriptamina, es una mol\u00e9cula sint\u00e9tica que tiene similitudes con la psilocibina, el ingrediente principal de la \u201ccarne de cuello\u201d. Debido a que hace que el cuerpo produzca una sustancia qu\u00edmica cuyo efecto es comparable al de la psilocina, a menudo se la denomina prof\u00e1rmaco de psilocina. 4-aco dmt en venta en l\u00ednea, ordenar DMT. Compre drogas psicod\u00e9licas en l\u00ednea en Pentobarbital Blog, el vendedor en l\u00ednea m\u00e1s confiable y confiable de productos psicod\u00e9licos en Europa, Reino Unido, EE. UU., Australia.<\/p>\n<h3>Comprar 4-AcO Dmt en l\u00ednea | Comprar DMT en l\u00ednea.<\/h3>\n<p>Los efectos del 4 AcO DMT a menudo se comparan con los de los hongos de psilocibina, pero se pueden observar diferencias sutiles. Las personas pueden experimentar diversos encuentros subjetivos, que incluyen euforia, eventos espirituales o m\u00edsticos y una mayor sensibilidad emocional. La duraci\u00f3n y la intensidad de estos efectos var\u00edan, pero normalmente alcanzan su punto m\u00e1ximo despu\u00e9s de unas horas.<\/p>\n<p>Se consume por v\u00eda oral en forma de polvo o c\u00e1psulas; La dosis y las experiencias individuales pueden variar seg\u00fan factores como las caracter\u00edsticas personales o los niveles de tolerancia. Al igual que con otros psicod\u00e9licos. 4-AcO DMT en venta, 4-aco dmt comprar en l\u00ednea, <a href=\"https:\/\/www.casadellamedicina.com\/es\/psicodelicos\/\">4 aco dmt comprar en l\u00ednea.<\/a><\/p>\n<h2>\u00bfD\u00f3nde puedo comprar 5-MeO Dmt en l\u00ednea?<\/h2>\n<p>Comprar 5 MeO Dmt en l\u00ednea. 5-MeO DMT, tambi\u00e9n conocido como 5-metoxi-N,N-dimetiltriptamina, es un ente\u00f3geno y psicod\u00e9lico potente y relativamente desconocido de la clase de las triptaminas. Est\u00e1 presente en el veneno de una sola especie de sapo alucin\u00f3geno (Bufo alvares) y en una amplia gama de especies de plantas. Durante miles de a\u00f1os, los chamanes sudamericanos lo han utilizado como ente\u00f3geno, al igual que sus parientes cercanos, la DMT y la bufotenina (5-HO-DMT).<\/p>\n<p>Hoy en d\u00eda, sin embargo, la forma m\u00e1s com\u00fan de obtenerlo es en forma de polvo sint\u00e9tico, que se puede encontrar en Internet en comercios de productos qu\u00edmicos de investigaci\u00f3n. 5-MeO-DMT es un f\u00e1rmaco inyectable, inhalable o vaporizable que es activo a partir de tan s\u00f3lo 2 mg cuando se toma en forma sint\u00e9tica o pura. Cuando se combina con un IMAO, el 5-meo-DMT es activo cuando se toma por v\u00eda oral; Sin embargo, muchos informes indican que esta combinaci\u00f3n suele suponer una carga corporal importante y tiende a ser muy desagradable. Comprar 5-meo dmt Italia, Comprar 5-meo dmt Espa\u00f1a, Comprar 5-meo dmt online, pedir dmt en l\u00ednea.<\/p>\n<h3>Comprar 5 MeO Dmt Online<\/h3>\n<p>La clase de triptamina incluye el compuesto alcaloide en forma de anillo sustituido con indol 5-metoxi-N,N-dimetiltriptamina. Un heterociclo ind\u00f3lico bic\u00edclico unido en R3 a un grupo amino terminal por una cadena lateral de etilo forma la estructura central de todas las triptaminas. El 5-MeO-DMT tiene dos grupos metilo CH3 unidos a la amina terminal RN de su cadena principal de triptamina (DMT); Adem\u00e1s, tiene un grupo funcional metoxi (MeO)CH3O- sustituido en R5 de su heterociclo ind\u00f3lico. El an\u00e1logo de metilo N-sustituido de 5-MeO-MiPT es 5-MeO DMT Online, pero tiene efectos muy diferentes.<\/p>\n<p>Es importante se\u00f1alar que el 5-MeO-DMT, al igual que el DMT, est\u00e1 clasificado como una sustancia controlada en muchos pa\u00edses. Su uso puede implicar riesgos, entre ellos posible malestar psicol\u00f3gico, reacciones de p\u00e1nico y malestar f\u00edsico. Compre 5-Meo dmt, ordene dmt, compre nn dmt en l\u00ednea. Tenemos una variedad de drogas psicod\u00e9licas disponibles en Casa Della Medicina, haga su pedido hoy y aseg\u00farese una entrega discreta y garantizada.<\/p>\n<p>Es aconsejable acercarse al 5-MeO-DMT con precauci\u00f3n y en un entorno seguro y de apoyo si decide explorar sus efectos. Polvo 5-MeO DMT en venta, 5-meo dmt en venta Como con cualquier sustancia psicod\u00e9lica, es esencial considerar la seguridad, el entorno y las implicaciones legales antes de decidir usar 5-MeO-DMT u otras sustancias similares.<\/p>\n<p>&nbsp;<\/p>\n","protected":false},"excerpt":{"rendered":"<p>Comprar dimetiltriptamina en l\u00ednea. Comprar DMT en l\u00ednea. La DMT es una sustancia psicod\u00e9lica natural que pertenece a la familia de las triptaminas. Qu\u00edmicamente, es similar a la serotonina, un neurotransmisor que se encuentra en el cerebro humano. El DMT se encuentra en varias plantas y tambi\u00e9n se puede sintetizar artificialmente. Compre dmt en l\u00ednea, [&hellip;]<\/p>\n","protected":false},"featured_media":2217,"comment_status":"open","ping_status":"closed","template":"","meta":{"site-sidebar-layout":"default","site-content-layout":"","ast-site-content-layout":"default","site-content-style":"default","site-sidebar-style":"default","ast-global-header-display":"","ast-banner-title-visibility":"","ast-main-header-display":"","ast-hfb-above-header-display":"","ast-hfb-below-header-display":"","ast-hfb-mobile-header-display":"","site-post-title":"","ast-breadcrumbs-content":"","ast-featured-img":"","footer-sml-layout":"","ast-disable-related-posts":"","theme-transparent-header-meta":"default","adv-header-id-meta":"","stick-header-meta":"","header-above-stick-meta":"","header-main-stick-meta":"","header-below-stick-meta":"","astra-migrate-meta-layouts":"set","ast-page-background-enabled":"default","ast-page-background-meta":{"desktop":{"background-color":"","background-image":"","background-repeat":"repeat","background-position":"center center","background-size":"auto","background-attachment":"scroll","background-type":"","background-media":"","overlay-type":"","overlay-color":"","overlay-opacity":"","overlay-gradient":""},"tablet":{"background-color":"","background-image":"","background-repeat":"repeat","background-position":"center center","background-size":"auto","background-attachment":"scroll","background-type":"","background-media":"","overlay-type":"","overlay-color":"","overlay-opacity":"","overlay-gradient":""},"mobile":{"background-color":"","background-image":"","background-repeat":"repeat","background-position":"center center","background-size":"auto","background-attachment":"scroll","background-type":"","background-media":"","overlay-type":"","overlay-color":"","overlay-opacity":"","overlay-gradient":""}},"ast-content-background-meta":{"desktop":{"background-color":"var(--ast-global-color-5)","background-image":"","background-repeat":"repeat","background-position":"center center","background-size":"auto","background-attachment":"scroll","background-type":"","background-media":"","overlay-type":"","overlay-color":"","overlay-opacity":"","overlay-gradient":""},"tablet":{"background-color":"var(--ast-global-color-5)","background-image":"","background-repeat":"repeat","background-position":"center center","background-size":"auto","background-attachment":"scroll","background-type":"","background-media":"","overlay-type":"","overlay-color":"","overlay-opacity":"","overlay-gradient":""},"mobile":{"background-color":"var(--ast-global-color-5)","background-image":"","background-repeat":"repeat","background-position":"center center","background-size":"auto","background-attachment":"scroll","background-type":"","background-media":"","overlay-type":"","overlay-color":"","overlay-opacity":"","overlay-gradient":""}}},"product_brand":[],"product_cat":[54],"product_tag":[],"class_list":{"0":"post-2305","1":"product","2":"type-product","3":"status-publish","4":"has-post-thumbnail","6":"product_cat-psicodelicos","7":"desktop-align-left","8":"tablet-align-left","9":"mobile-align-left","11":"first","12":"instock","13":"shipping-taxable","14":"purchasable","15":"product-type-variable"},"_links":{"self":[{"href":"https:\/\/www.casadellamedicina.com\/es\/wp-json\/wp\/v2\/product\/2305","targetHints":{"allow":["GET"]}}],"collection":[{"href":"https:\/\/www.casadellamedicina.com\/es\/wp-json\/wp\/v2\/product"}],"about":[{"href":"https:\/\/www.casadellamedicina.com\/es\/wp-json\/wp\/v2\/types\/product"}],"replies":[{"embeddable":true,"href":"https:\/\/www.casadellamedicina.com\/es\/wp-json\/wp\/v2\/comments?post=2305"}],"wp:featuredmedia":[{"embeddable":true,"href":"https:\/\/www.casadellamedicina.com\/es\/wp-json\/wp\/v2\/media\/2217"}],"wp:attachment":[{"href":"https:\/\/www.casadellamedicina.com\/es\/wp-json\/wp\/v2\/media?parent=2305"}],"wp:term":[{"taxonomy":"product_brand","embeddable":true,"href":"https:\/\/www.casadellamedicina.com\/es\/wp-json\/wp\/v2\/product_brand?post=2305"},{"taxonomy":"product_cat","embeddable":true,"href":"https:\/\/www.casadellamedicina.com\/es\/wp-json\/wp\/v2\/product_cat?post=2305"},{"taxonomy":"product_tag","embeddable":true,"href":"https:\/\/www.casadellamedicina.com\/es\/wp-json\/wp\/v2\/product_tag?post=2305"}],"curies":[{"name":"wp","href":"https:\/\/api.w.org\/{rel}","templated":true}]}}