{"id":2330,"date":"2024-10-17T11:12:02","date_gmt":"2024-10-17T11:12:02","guid":{"rendered":"https:\/\/www.casadellamedicina.com\/Prodotto\/metadona\/"},"modified":"2025-04-09T06:41:36","modified_gmt":"2025-04-09T06:41:36","slug":"comprar-metadona-en-linea","status":"publish","type":"product","link":"https:\/\/www.casadellamedicina.com\/es\/Prodotto\/comprar-metadona-en-linea\/","title":{"rendered":"Metadona"},"content":{"rendered":"<h1>\u00bfQu\u00e9 es la metadona?<\/h1>\n<p>Comprar metadona en l\u00ednea. La metadona es un medicamento opioide que se utiliza para tratar el dolor cr\u00f3nico intenso y los trastornos por consumo de sustancias. Si otros analg\u00e9sicos no son eficaces, el m\u00e9dico prescribe este medicamento. Inhibe los impulsos del dolor en el cerebro. Comprar tabletas de metadona, metadona en venta en l\u00ednea, comprar metadona 10 mg, comprar metadona 40 mg en l\u00ednea.<\/p>\n<p>Este medicamento trata el dolor severo y cr\u00f3nico. Se prescribe cuando otros analg\u00e9sicos han fallado o no se toleran. Act\u00faa interrumpiendo las se\u00f1ales de dolor en el cerebro. Tambi\u00e9n se puede utilizar para tratar trastornos por consumo de opioides. Reduce los s\u00edntomas de abstinencia y los antojos de narc\u00f3ticos. Funciona mejor cuando se utiliza junto con asesoramiento y terapia conductual. Es una droga opioide.<\/p>\n<p>La metadona es un medicamento opioide de acci\u00f3n prolongada que se utiliza para aliviar los s\u00edntomas de abstinencia en personas adictas a la hero\u00edna u otros narc\u00f3ticos. Tambi\u00e9n se puede utilizar para tratar el dolor. Cuando se usa metadona para tratar el trastorno por consumo de opioides (OUD), reduce los s\u00edntomas de abstinencia y el deseo de consumir drogas, sin producir el \u201csubid\u00f3n\u201d asociado con la adicci\u00f3n a la hero\u00edna.<\/p>\n<p>La metadona es una droga altamente regulada (Ley de Sustancias Controladas de la Lista 2) y, cuando se usa para el OUD, solo se puede obtener a trav\u00e9s de programas de tratamiento con opioides aprobados (OTP), que implican monitoreo regular, asesoramiento y pruebas de drogas para garantizar que los pacientes est\u00e9n progresando en su recuperaci\u00f3n.<\/p>\n<p>No use este medicamento para aliviar el dolor que es leve o que desaparece en pocos d\u00edas (por ejemplo, dolor causado por una cirug\u00eda). Este medicamento est\u00e1 destinado a un uso ocasional (\u201cseg\u00fan sea necesario\u201d). <a href=\"https:\/\/medicijnhuis.com\/it\/prodotto\/comprare-metadone-online\/\" target=\"_blank\" rel=\"noopener\">Comprar metadona en l\u00ednea,<\/a> metadona en venta en l\u00ednea, compra de metadona en l\u00ednea.<\/p>\n<p>Este medicamento tambi\u00e9n se utiliza para tratar el trastorno por consumo de opioides como parte de un tratamiento recetado. Ayuda a prevenir los s\u00edntomas de abstinencia causados \u200b\u200bpor la suspensi\u00f3n de otros opioides.<\/p>\n<h2>Compre metadona en l\u00ednea sin receta.<\/h2>\n<p>En <a href=\"https:\/\/www.casadellamedicina.com\/es\/\">Casa Della Medicina<\/a> ofrecemos a nuestros clientes los medicamentos de mejor calidad disponibles. Nuestros servicios son los mejores en la industria y lo m\u00e1s importante es que brindamos entregas confiables y seguras. Los clientes reciben su pedido en el plazo acordado y de forma discreta. Vis\u00edtenos hoy para comprar medicamentos de calidad en Italia y Europa.<\/p>\n<p>Ofrecemos a nuestros clientes medicamentos de la mejor calidad disponible para mejorar sus condiciones de salud y reducir el dolor. Los medicamentos de nuestra farmacia se entregan a los clientes a tiempo y a precios asequibles. Comprar metadona sin receta, comprar metadona en l\u00ednea.<\/p>\n<p>Si sufre de dolor agudo, estamos aqu\u00ed para ayudarle con los mejores analg\u00e9sicos disponibles. La oxicodona se puede comprar sin receta, pero es importante recordar que es un medicamento con receta.<\/p>\n<p>Este medicamento se utiliza para tratar el dolor cr\u00f3nico (como el causado por el c\u00e1ncer). La metadona pertenece a un grupo de medicamentos llamados analg\u00e9sicos opioides. Act\u00faa sobre el cerebro para cambiar la forma en que el cuerpo siente y responde al dolor. Compre metadona en l\u00ednea, compre metadona 40 mg, metadona en venta en l\u00ednea, ordene metadona en l\u00ednea, metadona venta online.<\/p>\n<h3>\u00bfCu\u00e1les son los efectos secundarios que pueden ocurrir despu\u00e9s de tomar este medicamento?<\/h3>\n<p>Informe los siguientes efectos secundarios a su equipo de atenci\u00f3n m\u00e9dica lo antes posible:<\/p>\n<p>Reacciones al\u00e9rgicas: erupci\u00f3n cut\u00e1nea, picaz\u00f3n, urticaria, hinchaz\u00f3n de la cara, labios, lengua o garganta.<br \/>\nDepresi\u00f3n del SNC: respiraci\u00f3n lenta o superficial, dificultad para respirar, sensaci\u00f3n de desmayo, mareos, confusi\u00f3n, dificultad para mantenerse despierto.<br \/>\nCambios en el ritmo card\u00edaco: latidos card\u00edacos r\u00e1pidos o irregulares, mareos, sensaci\u00f3n de debilidad o aturdimiento, dolor en el pecho, dificultad para respirar.<br \/>\nEl mal funcionamiento de las gl\u00e1ndulas suprarrenales provoca n\u00e1useas, v\u00f3mitos, p\u00e9rdida de apetito, debilidad o cansancio inusual y mareos.<br \/>\nLos s\u00edntomas de presi\u00f3n arterial baja incluyen mareos, sensaci\u00f3n de desmayo o aturdimiento y visi\u00f3n borrosa.<\/p>\n","protected":false},"excerpt":{"rendered":"<p>\u00bfQu\u00e9 es la metadona? Comprar metadona en l\u00ednea. La metadona es un medicamento opioide que se utiliza para tratar el dolor cr\u00f3nico intenso y los trastornos por consumo de sustancias. Si otros analg\u00e9sicos no son eficaces, el m\u00e9dico prescribe este medicamento. Inhibe los impulsos del dolor en el cerebro. Comprar tabletas de metadona, metadona en [&hellip;]<\/p>\n","protected":false},"featured_media":2193,"comment_status":"open","ping_status":"closed","template":"","meta":{"site-sidebar-layout":"default","site-content-layout":"","ast-site-content-layout":"default","site-content-style":"default","site-sidebar-style":"default","ast-global-header-display":"","ast-banner-title-visibility":"","ast-main-header-display":"","ast-hfb-above-header-display":"","ast-hfb-below-header-display":"","ast-hfb-mobile-header-display":"","site-post-title":"","ast-breadcrumbs-content":"","ast-featured-img":"","footer-sml-layout":"","ast-disable-related-posts":"","theme-transparent-header-meta":"default","adv-header-id-meta":"","stick-header-meta":"","header-above-stick-meta":"","header-main-stick-meta":"","header-below-stick-meta":"","astra-migrate-meta-layouts":"set","ast-page-background-enabled":"default","ast-page-background-meta":{"desktop":{"background-color":"","background-image":"","background-repeat":"repeat","background-position":"center center","background-size":"auto","background-attachment":"scroll","background-type":"","background-media":"","overlay-type":"","overlay-color":"","overlay-opacity":"","overlay-gradient":""},"tablet":{"background-color":"","background-image":"","background-repeat":"repeat","background-position":"center center","background-size":"auto","background-attachment":"scroll","background-type":"","background-media":"","overlay-type":"","overlay-color":"","overlay-opacity":"","overlay-gradient":""},"mobile":{"background-color":"","background-image":"","background-repeat":"repeat","background-position":"center center","background-size":"auto","background-attachment":"scroll","background-type":"","background-media":"","overlay-type":"","overlay-color":"","overlay-opacity":"","overlay-gradient":""}},"ast-content-background-meta":{"desktop":{"background-color":"var(--ast-global-color-5)","background-image":"","background-repeat":"repeat","background-position":"center center","background-size":"auto","background-attachment":"scroll","background-type":"","background-media":"","overlay-type":"","overlay-color":"","overlay-opacity":"","overlay-gradient":""},"tablet":{"background-color":"var(--ast-global-color-5)","background-image":"","background-repeat":"repeat","background-position":"center center","background-size":"auto","background-attachment":"scroll","background-type":"","background-media":"","overlay-type":"","overlay-color":"","overlay-opacity":"","overlay-gradient":""},"mobile":{"background-color":"var(--ast-global-color-5)","background-image":"","background-repeat":"repeat","background-position":"center center","background-size":"auto","background-attachment":"scroll","background-type":"","background-media":"","overlay-type":"","overlay-color":"","overlay-opacity":"","overlay-gradient":""}}},"product_brand":[],"product_cat":[48],"product_tag":[],"class_list":{"0":"post-2330","1":"product","2":"type-product","3":"status-publish","4":"has-post-thumbnail","6":"product_cat-analgesicos","7":"desktop-align-left","8":"tablet-align-left","9":"mobile-align-left","11":"first","12":"instock","13":"featured","14":"shipping-taxable","15":"purchasable","16":"product-type-variable"},"_links":{"self":[{"href":"https:\/\/www.casadellamedicina.com\/es\/wp-json\/wp\/v2\/product\/2330","targetHints":{"allow":["GET"]}}],"collection":[{"href":"https:\/\/www.casadellamedicina.com\/es\/wp-json\/wp\/v2\/product"}],"about":[{"href":"https:\/\/www.casadellamedicina.com\/es\/wp-json\/wp\/v2\/types\/product"}],"replies":[{"embeddable":true,"href":"https:\/\/www.casadellamedicina.com\/es\/wp-json\/wp\/v2\/comments?post=2330"}],"wp:featuredmedia":[{"embeddable":true,"href":"https:\/\/www.casadellamedicina.com\/es\/wp-json\/wp\/v2\/media\/2193"}],"wp:attachment":[{"href":"https:\/\/www.casadellamedicina.com\/es\/wp-json\/wp\/v2\/media?parent=2330"}],"wp:term":[{"taxonomy":"product_brand","embeddable":true,"href":"https:\/\/www.casadellamedicina.com\/es\/wp-json\/wp\/v2\/product_brand?post=2330"},{"taxonomy":"product_cat","embeddable":true,"href":"https:\/\/www.casadellamedicina.com\/es\/wp-json\/wp\/v2\/product_cat?post=2330"},{"taxonomy":"product_tag","embeddable":true,"href":"https:\/\/www.casadellamedicina.com\/es\/wp-json\/wp\/v2\/product_tag?post=2330"}],"curies":[{"name":"wp","href":"https:\/\/api.w.org\/{rel}","templated":true}]}}