{"id":2334,"date":"2024-10-17T11:44:27","date_gmt":"2024-10-17T11:44:27","guid":{"rendered":"https:\/\/www.casadellamedicina.com\/Prodotto\/sulfato-de-morfina\/"},"modified":"2025-04-03T09:49:05","modified_gmt":"2025-04-03T09:49:05","slug":"comprar-sulfato-de-morfina","status":"publish","type":"product","link":"https:\/\/www.casadellamedicina.com\/es\/Prodotto\/comprar-sulfato-de-morfina\/","title":{"rendered":"Sulfato de morfina"},"content":{"rendered":"<h1><a href=\"https:\/\/pentobarbital.blog\/product\/buy-morphine-sulfate-online\/\" target=\"_blank\" rel=\"noopener\">\u00bfQu\u00e9 es la morfina?<\/a><\/h1>\n<p>Comprar sulfato de morfina en l\u00ednea. La morfina se utiliza para tratar el dolor moderado a intenso cuando otros analg\u00e9sicos son ineficaces o no se toleran. La morfina es un analg\u00e9sico opioide que puede proporcionar un alivio significativo tanto para el dolor a corto plazo como para el cr\u00f3nico.<\/p>\n<p>La morfina es un analg\u00e9sico opioide (narc\u00f3tico). La morfina altera la forma en que el cerebro y el sistema nervioso responden al dolor al unirse a los receptores opioides mu tanto en el sistema nervioso central (SNC) como en el sistema nervioso perif\u00e9rico. Comprar tabletas de morfina, comprar morfina 60 mg en l\u00ednea, comprar morfina 30 mg en l\u00ednea, sulfato de morfina en venta.<\/p>\n<p>La morfina est\u00e1 disponible en varias formas, incluido l\u00edquido oral, tabletas, tabletas y c\u00e1psulas de liberaci\u00f3n prolongada, v\u00eda intravenosa (IV), supositorios y epidural.<\/p>\n<p>La morfina tambi\u00e9n puede usarse indebidamente y est\u00e1 contraindicada en personas con antecedentes de abuso de sustancias o dependencia de opioides.<\/p>\n<p>La morfina est\u00e1 clasificada como una sustancia controlada en la Lista 2 de la Ley de Sustancias Controladas (CSA). Esto indica que, si bien la morfina tiene un alto potencial de abuso, tambi\u00e9n tiene un prop\u00f3sito m\u00e9dico actualmente reconocido como tratamiento, aunque con fuertes restricciones. El abuso puede conducir a una dependencia psicol\u00f3gica o f\u00edsica grave.<\/p>\n<h2>Efectos secundarios de la morfina. Comprar sulfato de morfina en l\u00ednea.<\/h2>\n<p>Efectos secundarios comunes de la morfina:<\/p>\n<p>Los efectos secundarios comunes de la morfina incluyen somnolencia, mareos, fatiga, ansiedad, n\u00e1useas, v\u00f3mitos, dolor de est\u00f3mago, gases o estre\u00f1imiento, sudoraci\u00f3n, niveles bajos de ox\u00edgeno (dificultad para respirar), sensaci\u00f3n de mareo y sensaci\u00f3n de mucha felicidad o tristeza.<\/p>\n<p>Efectos adversos graves de la morfina.<\/p>\n<p>Si experimenta s\u00edntomas de alergia a la morfina, como urticaria, dificultad para respirar o hinchaz\u00f3n de la cara, los labios, la lengua o la garganta, busque atenci\u00f3n m\u00e9dica de emergencia.<\/p>\n<p>Los opioides pueden retardar o detener la respiraci\u00f3n, causando la muerte, especialmente si usted bebe alcohol o usa otras drogas que le producen somnolencia o ralentizan su respiraci\u00f3n. Si experimenta respiraci\u00f3n lenta con pausas prolongadas, labios azulados o dificultad para despertarse, los cuidadores deben proporcionarle naloxona y\/o buscar atenci\u00f3n m\u00e9dica de emergencia.<\/p>\n<p>Visita nuestra tienda en l\u00ednea si est\u00e1s buscando <a href=\"https:\/\/www.casadellamedicina.com\/es\/analgesicos\/\">comprar analg\u00e9sicos<\/a>, benzodiazepinas, estimulantes, \u00e9xtasis, nembutal y psicod\u00e9licos de grado farmac\u00e9utico. Comprar sulfato de morfina 60 mg en l\u00ednea, comprar sulfato de morfina 30 mg en l\u00ednea, sulfato de morfina en venta en l\u00ednea, compra de morfina, comprar morfina en l\u00ednea, pedir sulfato de morfina, morfina en venta, morfina a la venta.<\/p>\n","protected":false},"excerpt":{"rendered":"<p>\u00bfQu\u00e9 es la morfina? Comprar sulfato de morfina en l\u00ednea. La morfina se utiliza para tratar el dolor moderado a intenso cuando otros analg\u00e9sicos son ineficaces o no se toleran. La morfina es un analg\u00e9sico opioide que puede proporcionar un alivio significativo tanto para el dolor a corto plazo como para el cr\u00f3nico. La morfina [&hellip;]<\/p>\n","protected":false},"featured_media":2195,"comment_status":"open","ping_status":"closed","template":"","meta":{"site-sidebar-layout":"default","site-content-layout":"","ast-site-content-layout":"default","site-content-style":"default","site-sidebar-style":"default","ast-global-header-display":"","ast-banner-title-visibility":"","ast-main-header-display":"","ast-hfb-above-header-display":"","ast-hfb-below-header-display":"","ast-hfb-mobile-header-display":"","site-post-title":"","ast-breadcrumbs-content":"","ast-featured-img":"","footer-sml-layout":"","ast-disable-related-posts":"","theme-transparent-header-meta":"default","adv-header-id-meta":"","stick-header-meta":"","header-above-stick-meta":"","header-main-stick-meta":"","header-below-stick-meta":"","astra-migrate-meta-layouts":"set","ast-page-background-enabled":"default","ast-page-background-meta":{"desktop":{"background-color":"","background-image":"","background-repeat":"repeat","background-position":"center center","background-size":"auto","background-attachment":"scroll","background-type":"","background-media":"","overlay-type":"","overlay-color":"","overlay-opacity":"","overlay-gradient":""},"tablet":{"background-color":"","background-image":"","background-repeat":"repeat","background-position":"center center","background-size":"auto","background-attachment":"scroll","background-type":"","background-media":"","overlay-type":"","overlay-color":"","overlay-opacity":"","overlay-gradient":""},"mobile":{"background-color":"","background-image":"","background-repeat":"repeat","background-position":"center center","background-size":"auto","background-attachment":"scroll","background-type":"","background-media":"","overlay-type":"","overlay-color":"","overlay-opacity":"","overlay-gradient":""}},"ast-content-background-meta":{"desktop":{"background-color":"var(--ast-global-color-5)","background-image":"","background-repeat":"repeat","background-position":"center center","background-size":"auto","background-attachment":"scroll","background-type":"","background-media":"","overlay-type":"","overlay-color":"","overlay-opacity":"","overlay-gradient":""},"tablet":{"background-color":"var(--ast-global-color-5)","background-image":"","background-repeat":"repeat","background-position":"center center","background-size":"auto","background-attachment":"scroll","background-type":"","background-media":"","overlay-type":"","overlay-color":"","overlay-opacity":"","overlay-gradient":""},"mobile":{"background-color":"var(--ast-global-color-5)","background-image":"","background-repeat":"repeat","background-position":"center center","background-size":"auto","background-attachment":"scroll","background-type":"","background-media":"","overlay-type":"","overlay-color":"","overlay-opacity":"","overlay-gradient":""}}},"product_brand":[],"product_cat":[48],"product_tag":[],"class_list":{"0":"post-2334","1":"product","2":"type-product","3":"status-publish","4":"has-post-thumbnail","6":"product_cat-analgesicos","7":"desktop-align-left","8":"tablet-align-left","9":"mobile-align-left","11":"first","12":"instock","13":"shipping-taxable","14":"purchasable","15":"product-type-variable"},"_links":{"self":[{"href":"https:\/\/www.casadellamedicina.com\/es\/wp-json\/wp\/v2\/product\/2334","targetHints":{"allow":["GET"]}}],"collection":[{"href":"https:\/\/www.casadellamedicina.com\/es\/wp-json\/wp\/v2\/product"}],"about":[{"href":"https:\/\/www.casadellamedicina.com\/es\/wp-json\/wp\/v2\/types\/product"}],"replies":[{"embeddable":true,"href":"https:\/\/www.casadellamedicina.com\/es\/wp-json\/wp\/v2\/comments?post=2334"}],"wp:featuredmedia":[{"embeddable":true,"href":"https:\/\/www.casadellamedicina.com\/es\/wp-json\/wp\/v2\/media\/2195"}],"wp:attachment":[{"href":"https:\/\/www.casadellamedicina.com\/es\/wp-json\/wp\/v2\/media?parent=2334"}],"wp:term":[{"taxonomy":"product_brand","embeddable":true,"href":"https:\/\/www.casadellamedicina.com\/es\/wp-json\/wp\/v2\/product_brand?post=2334"},{"taxonomy":"product_cat","embeddable":true,"href":"https:\/\/www.casadellamedicina.com\/es\/wp-json\/wp\/v2\/product_cat?post=2334"},{"taxonomy":"product_tag","embeddable":true,"href":"https:\/\/www.casadellamedicina.com\/es\/wp-json\/wp\/v2\/product_tag?post=2334"}],"curies":[{"name":"wp","href":"https:\/\/api.w.org\/{rel}","templated":true}]}}