{"id":2344,"date":"2024-10-15T04:16:40","date_gmt":"2024-10-15T04:16:40","guid":{"rendered":"https:\/\/www.casadellamedicina.com\/Prodotto\/adderall\/"},"modified":"2024-10-15T04:16:40","modified_gmt":"2024-10-15T04:16:40","slug":"adderall","status":"publish","type":"product","link":"https:\/\/www.casadellamedicina.com\/es\/Prodotto\/adderall\/","title":{"rendered":"Adderall"},"content":{"rendered":"<h2>Compre Adderall para el TDAH y la narcolepsia.<\/h2>\n<p>Comprar Adderall en l\u00ednea. Las dos afecciones principales que se tratan con Adderall son la narcolepsia y el trastorno por d\u00e9ficit de atenci\u00f3n con hiperactividad (TDAH). Es una mezcla de dextroanfetamina y anfetamina, dos estimulantes. Estos estimulantes act\u00faan sobre ciertas sustancias qu\u00edmicas cerebrales implicadas en el control de los impulsos y la hiperactividad.   <\/p>\n<p>La edad del paciente, la salud y la respuesta a la terapia son algunas de las variables que pueden influir en la dosis de Adderall. Las dosis de Adderall a menudo se titulan cuidadosamente para lograr el m\u00e1ximo impacto terap\u00e9utico con la menor cantidad de efectos secundarios posible. A continuaci\u00f3n se presentan algunas recomendaciones generales de dosis:  <\/p>\n<h2>Comprar Adderall en l\u00ednea sin receta | Usos m\u00e9dicos.<\/h2>\n<p>El TDAH, a menudo conocido como trastorno por d\u00e9ficit de atenci\u00f3n con hiperactividad, se trata con esta combinaci\u00f3n de medicamentos. Act\u00faa alterando la composici\u00f3n qu\u00edmica natural del cerebro. La anfetamina\/desxtroanfetamina es un miembro de la clase de drogas estimulantes. Puede mejorar la capacidad de prestar atenci\u00f3n, mantener la concentraci\u00f3n en una tarea y gestionar problemas de conducta. Tambi\u00e9n puede ayudar a mejorar la organizaci\u00f3n del trabajo y la comprensi\u00f3n auditiva.    <\/p>\n<p>Para ayudar a mantenerse despierto durante el d\u00eda, este medicamento tambi\u00e9n se usa para tratar la narcolepsia, un tipo espec\u00edfico de trastorno del sue\u00f1o. No se recomienda su uso para el tratamiento del cansancio o para retrasar el sue\u00f1o en individuos sanos. <\/p>\n<p>Adem\u00e1s de Adderall, puedes comprar otros medicamentos para el TDAH como Concerta, Ritalin, tabletas de dextroanfetamina y tabletas de Strattera. Visite nuestra tienda en l\u00ednea para todos sus medicamentos recetados hoy. Comprar adderall cerca de m\u00ed, adderall en venta cerca de m\u00ed, comprar adderall xr en l\u00ednea, comprar adderall ir en l\u00ednea, comprar adderall sin receta en l\u00ednea, comprar adderall 10 mg, comprar adderall 20 mg en l\u00ednea, comprar adderall 25 mg en l\u00ednea, comprar adderall 30 mg en l\u00ednea.  <\/p>\n<h3><a href=\"https:\/\/pentobarbital.blog\/product\/buy-adderall-online\/\" target=\"_blank\" rel=\"noopener\">Efectos secundarios del Adderall <\/a><\/h3>\n<p>P\u00e9rdida de apetito, p\u00e9rdida de peso, boca seca, dolor o malestar estomacal, n\u00e1useas, v\u00f3mitos, dolor de cabeza, mareos, diarrea, fiebre, ansiedad y dificultad para dormir son posibles efectos secundarios. Si cualquiera de estos efectos secundarios persiste o empeora, debe informar a su m\u00e9dico inmediatamente. <\/p>\n<p>Recuerde que el motivo por el que su m\u00e9dico le recet\u00f3 este medicamento es porque consider\u00f3 que le traer\u00eda m\u00e1s beneficios que efectos negativos. Los efectos secundarios graves son raros en muchos usuarios de este medicamento. <\/p>\n<p>La presi\u00f3n arterial puede aumentar al tomar este medicamento. Informe a su m\u00e9dico si los resultados de su medici\u00f3n de presi\u00f3n arterial de rutina son elevados. <\/p>\n<p>Si experimenta alg\u00fan efecto secundario grave, inf\u00f3rmeselo a su m\u00e9dico inmediatamente. Estos pueden incluir: rasgu\u00f1os inusuales en los dedos de las manos, de los pies o de los pies; signos de problemas de flujo sangu\u00edneo en los dedos de las manos, de los pies o de los pies (como fr\u00edo, hematomas, dolor o cambios en el color de la piel); movimientos incontrolables; movimientos continuos de masticaci\u00f3n\/masticaci\u00f3n de los dientes; estancamientos de palabras\/sonidos; cambios en la capacidad\/deseo sexual; erecciones frecuentes y duraderas (en los hombres). <\/p>\n<p>Si experimenta efectos secundarios extremadamente graves, como dificultad para respirar, dolor en el pecho, la mand\u00edbula o el brazo izquierdo, desmayos, dolor de cabeza intenso, ritmo card\u00edaco r\u00e1pido, fuerte o irregular, convulsiones, hinchaz\u00f3n de tobillos o pies, cansancio extremo, visi\u00f3n borrosa, debilidad en un lado del cuerpo, dificultad para hablar o confusi\u00f3n, busque atenci\u00f3n m\u00e9dica inmediata.<\/p>\n<h3>Compre Adderall en l\u00ednea sin receta.<\/h3>\n<p><a href=\"https:\/\/medicijnhuis.com\/it\/prodotto\/comprare-adderall-online\/\" target=\"_blank\" rel=\"noopener\">Adderall<\/a> es un medicamento controlado, que se vende con receta m\u00e9dica \u00fanicamente en farmacias. Esto ha hecho que sea muy dif\u00edcil para los pacientes que necesitan este medicamento comprar Adderall, comprar Adderall sin receta, comprar Adderall en l\u00ednea. <\/p>\n<p>Debido a todas estas dificultades, en <a href=\"https:\/\/www.casadellamedicina.com\/es\/\">Casa Della Medicina<\/a> hemos hecho posible que nuestros clientes y pacientes puedan comprar Adderall en l\u00ednea con y sin receta.<\/p>\n<p>Podemos ofrecer a nuestros clientes medicamentos de la mejor calidad gracias a nuestro conocimiento de c\u00f3mo funciona el mercado farmac\u00e9utico, lo que nos permite poseer y vender Adderall y otros medicamentos recetados a nuestros clientes sin necesidad de receta m\u00e9dica. Comprar adderall en l\u00ednea, comprar adderall en l\u00ednea, comprar adderall sin receta, adderall en venta en l\u00ednea, ordenar adderall en l\u00ednea. Puede comprar otros medicamentos de calidad como Concerta, Ritalin sin receta a precios asequibles.  <\/p>\n","protected":false},"excerpt":{"rendered":"<p>Disponible en:<br \/>\nPublicaci\u00f3n inmediata (IR)<br \/>\nVersi\u00f3n extendida (XR)<\/p>\n<p>&nbsp;<\/p>\n","protected":false},"featured_media":2021,"comment_status":"open","ping_status":"closed","template":"","meta":{"site-sidebar-layout":"default","site-content-layout":"","ast-site-content-layout":"default","site-content-style":"default","site-sidebar-style":"default","ast-global-header-display":"","ast-banner-title-visibility":"","ast-main-header-display":"","ast-hfb-above-header-display":"","ast-hfb-below-header-display":"","ast-hfb-mobile-header-display":"","site-post-title":"","ast-breadcrumbs-content":"","ast-featured-img":"","footer-sml-layout":"","ast-disable-related-posts":"","theme-transparent-header-meta":"default","adv-header-id-meta":"","stick-header-meta":"","header-above-stick-meta":"","header-main-stick-meta":"","header-below-stick-meta":"","astra-migrate-meta-layouts":"default","ast-page-background-enabled":"default","ast-page-background-meta":{"desktop":{"background-color":"","background-image":"","background-repeat":"repeat","background-position":"center center","background-size":"auto","background-attachment":"scroll","background-type":"","background-media":"","overlay-type":"","overlay-color":"","overlay-opacity":"","overlay-gradient":""},"tablet":{"background-color":"","background-image":"","background-repeat":"repeat","background-position":"center center","background-size":"auto","background-attachment":"scroll","background-type":"","background-media":"","overlay-type":"","overlay-color":"","overlay-opacity":"","overlay-gradient":""},"mobile":{"background-color":"","background-image":"","background-repeat":"repeat","background-position":"center center","background-size":"auto","background-attachment":"scroll","background-type":"","background-media":"","overlay-type":"","overlay-color":"","overlay-opacity":"","overlay-gradient":""}},"ast-content-background-meta":{"desktop":{"background-color":"var(--ast-global-color-5)","background-image":"","background-repeat":"repeat","background-position":"center center","background-size":"auto","background-attachment":"scroll","background-type":"","background-media":"","overlay-type":"","overlay-color":"","overlay-opacity":"","overlay-gradient":""},"tablet":{"background-color":"var(--ast-global-color-5)","background-image":"","background-repeat":"repeat","background-position":"center center","background-size":"auto","background-attachment":"scroll","background-type":"","background-media":"","overlay-type":"","overlay-color":"","overlay-opacity":"","overlay-gradient":""},"mobile":{"background-color":"var(--ast-global-color-5)","background-image":"","background-repeat":"repeat","background-position":"center center","background-size":"auto","background-attachment":"scroll","background-type":"","background-media":"","overlay-type":"","overlay-color":"","overlay-opacity":"","overlay-gradient":""}}},"product_brand":[],"product_cat":[47],"product_tag":[],"class_list":{"0":"post-2344","1":"product","2":"type-product","3":"status-publish","4":"has-post-thumbnail","6":"product_cat-tdah-y-ansiedad","7":"desktop-align-left","8":"tablet-align-left","9":"mobile-align-left","11":"first","12":"instock","13":"shipping-taxable","14":"purchasable","15":"product-type-variable"},"_links":{"self":[{"href":"https:\/\/www.casadellamedicina.com\/es\/wp-json\/wp\/v2\/product\/2344","targetHints":{"allow":["GET"]}}],"collection":[{"href":"https:\/\/www.casadellamedicina.com\/es\/wp-json\/wp\/v2\/product"}],"about":[{"href":"https:\/\/www.casadellamedicina.com\/es\/wp-json\/wp\/v2\/types\/product"}],"replies":[{"embeddable":true,"href":"https:\/\/www.casadellamedicina.com\/es\/wp-json\/wp\/v2\/comments?post=2344"}],"wp:featuredmedia":[{"embeddable":true,"href":"https:\/\/www.casadellamedicina.com\/es\/wp-json\/wp\/v2\/media\/2021"}],"wp:attachment":[{"href":"https:\/\/www.casadellamedicina.com\/es\/wp-json\/wp\/v2\/media?parent=2344"}],"wp:term":[{"taxonomy":"product_brand","embeddable":true,"href":"https:\/\/www.casadellamedicina.com\/es\/wp-json\/wp\/v2\/product_brand?post=2344"},{"taxonomy":"product_cat","embeddable":true,"href":"https:\/\/www.casadellamedicina.com\/es\/wp-json\/wp\/v2\/product_cat?post=2344"},{"taxonomy":"product_tag","embeddable":true,"href":"https:\/\/www.casadellamedicina.com\/es\/wp-json\/wp\/v2\/product_tag?post=2344"}],"curies":[{"name":"wp","href":"https:\/\/api.w.org\/{rel}","templated":true}]}}