{"id":2349,"date":"2024-10-16T19:38:57","date_gmt":"2024-10-16T19:38:57","guid":{"rendered":"https:\/\/www.casadellamedicina.com\/Prodotto\/concerta\/"},"modified":"2025-04-09T07:28:26","modified_gmt":"2025-04-09T07:28:26","slug":"comprar-concerta-online","status":"publish","type":"product","link":"https:\/\/www.casadellamedicina.com\/es\/Prodotto\/comprar-concerta-online\/","title":{"rendered":"Concerta"},"content":{"rendered":"<h1>Comprar Concerta en l\u00ednea para el TDAH | Metilfenidato en venta en l\u00ednea.<\/h1>\n<p>Comprar concerta online. <a href=\"https:\/\/medicijnhuis.com\/it\/prodotto\/comprare-concerta-online\/\" target=\"_blank\" rel=\"noopener\">Concerta (metilfenidato de liberaci\u00f3n prolongada)<\/a> es un medicamento recetado ampliamente utilizado para tratar el trastorno por d\u00e9ficit de atenci\u00f3n con hiperactividad (TDAH) en ni\u00f1os, adolescentes y adultos. Como estimulante del sistema nervioso central, Concerta juega un papel importante en la mejora de la atenci\u00f3n, la concentraci\u00f3n y el control del comportamiento. Tambi\u00e9n ayuda a controlar los s\u00edntomas de la narcolepsia, un trastorno del sue\u00f1o caracterizado por per\u00edodos incontrolables de somnolencia diurna.<\/p>\n<p>El ingrediente activo, metilfenidato, act\u00faa sobre los neurotransmisores del cerebro, como la dopamina y la noradrenalina, que participan en el control de los impulsos y la hiperactividad. Concerta en venta, comprar concerta 54 mg en l\u00ednea, comprar concerta sin receta, comprar metilfenidato en l\u00ednea, comprar concerta en l\u00ednea cerca de m\u00ed, concerta en venta cerca de m\u00ed.<\/p>\n<p>Este medicamento se utiliza para tratar el TDAH o trastorno por d\u00e9ficit de atenci\u00f3n con hiperactividad. Act\u00faa alterando las concentraciones de compuestos org\u00e1nicos espec\u00edficos en el cerebro. El metilfenidato es un f\u00e1rmaco de la clase de los estimulantes. Puede mejorar la capacidad de mantener la concentraci\u00f3n, controlar conductas inapropiadas y prestar atenci\u00f3n. Tambi\u00e9n puede ayudar con la organizaci\u00f3n del trabajo y la comprensi\u00f3n auditiva.<\/p>\n<p>Su condici\u00f3n m\u00e9dica y su respuesta al tratamiento determinar\u00e1n la dosis. Es posible que su m\u00e9dico le indique que aumente o disminuya gradualmente su dosis. Adem\u00e1s, no deje de tomar repentinamente este medicamento sin hablar primero con su m\u00e9dico si lo ha estado usando durante mucho tiempo. Comprar concerta 36mg online, comprar concerta 54mg online, concerta a la venta.<\/p>\n<p>Si deja de tomar este medicamento abruptamente, puede experimentar s\u00edntomas de abstinencia (como depresi\u00f3n, pensamientos suicidas u otros problemas mentales\/an\u00edmicos). Su m\u00e9dico puede reducir gradualmente su dosis para evitar la abstinencia. Si ha estado usando dosis altas de metilfenidato durante un per\u00edodo prolongado de tiempo, es m\u00e1s probable que sufra s\u00edntomas de abstinencia.<\/p>\n<h2>Dosis de Concerta. Comprar Concerta 54 mg en l\u00ednea.<\/h2>\n<p>Para adaptar el tratamiento a las necesidades espec\u00edficas de cada paciente, Concerta se ofrece en una variedad de niveles de dosis. Las dosis de los comprimidos de liberaci\u00f3n prolongada de Concerta son 18 mg, 27 mg, 36 mg y 54 mg. Se recomienda la administraci\u00f3n oral del medicamento una vez al d\u00eda, preferiblemente por la ma\u00f1ana con o sin comidas.<\/p>\n<p>En el tratamiento del TDAH en ni\u00f1os y adolescentes, la dosis inicial recomendada suele ser de 18 o 36 mg una vez al d\u00eda. La dosis inicial para sujetos con TDAH puede ser alternativamente de 18 o 36 mg. Dependiendo de la respuesta y tolerancia del paciente al medicamento, la dosis puede ajustarse cada semana en incrementos de 18 mg. La dosis m\u00e1xima diaria para ni\u00f1os y adultos no debe exceder los 54 mg y 72 mg respectivamente. Compre concerta en l\u00ednea sin receta, ordene concerta 18 mg, compre concerta 54 mg en l\u00ednea, compre concerta 36 mg en l\u00ednea, compre concerta en l\u00ednea.<\/p>\n<p>En <a href=\"https:\/\/www.casadellamedicina.com\/es\/\">Casa Della Medicina<\/a> ofrecemos a nuestros clientes los medicamentos de mejor calidad disponibles. Nuestros servicios son los mejores en la industria y lo m\u00e1s importante es que brindamos entregas confiables y seguras. Los clientes reciben su pedido en el plazo acordado y de forma discreta. Vis\u00edtenos hoy para comprar medicamentos de calidad en Italia y Europa.<\/p>\n<h3>Efectos secundarios de comprar Concerta.<\/h3>\n<p>Pueden causar dolor de cabeza, n\u00e1useas, v\u00f3mitos, mareos, ansiedad, dificultad para dormir, p\u00e9rdida de apetito y p\u00e9rdida de peso. Informe a su farmac\u00e9utico o m\u00e9dico inmediatamente si cualquiera de estos efectos secundarios persiste o empeora.<\/p>\n<p>Es posible que notes una c\u00e1scara de tableta vac\u00eda en tus heces. Dado que el medicamento ya ha sido absorbido por el organismo, este efecto secundario es inofensivo.<\/p>\n<p>Recuerde que su m\u00e9dico le ha recetado este medicamento porque cree que le traer\u00e1 m\u00e1s beneficios que efectos secundarios negativos. Muchos usuarios de este medicamento no informan efectos adversos significativos.<\/p>\n<p>La presi\u00f3n arterial puede aumentar debido a este medicamento. Controle peri\u00f3dicamente su presi\u00f3n arterial e informe a su m\u00e9dico si sus valores son altos.<\/p>\n<p>Si experimenta alg\u00fan efecto secundario grave, informe a su m\u00e9dico inmediatamente. Estos s\u00edntomas pueden incluir: llagas inusuales en los dedos de las manos o de los pies; latidos del coraz\u00f3n r\u00e1pidos, fuertes e irregulares; cambios mentales, an\u00edmicos o de comportamiento (como agitaci\u00f3n, agresi\u00f3n, cambios de humor, pensamientos anormales, pensamientos suicidas); espasmos o sacudidas incontroladas; estallidos repentinos e incontrolables de palabras o sonidos; cambios en la visi\u00f3n (como visi\u00f3n borrosa).<\/p>\n","protected":false},"excerpt":{"rendered":"<p>Comprar Concerta en l\u00ednea para el TDAH | Metilfenidato en venta en l\u00ednea. Comprar concerta online. Concerta (metilfenidato de liberaci\u00f3n prolongada) es un medicamento recetado ampliamente utilizado para tratar el trastorno por d\u00e9ficit de atenci\u00f3n con hiperactividad (TDAH) en ni\u00f1os, adolescentes y adultos. Como estimulante del sistema nervioso central, Concerta juega un papel importante en [&hellip;]<\/p>\n","protected":false},"featured_media":2181,"comment_status":"open","ping_status":"closed","template":"","meta":{"site-sidebar-layout":"default","site-content-layout":"","ast-site-content-layout":"default","site-content-style":"default","site-sidebar-style":"default","ast-global-header-display":"","ast-banner-title-visibility":"","ast-main-header-display":"","ast-hfb-above-header-display":"","ast-hfb-below-header-display":"","ast-hfb-mobile-header-display":"","site-post-title":"","ast-breadcrumbs-content":"","ast-featured-img":"","footer-sml-layout":"","ast-disable-related-posts":"","theme-transparent-header-meta":"default","adv-header-id-meta":"","stick-header-meta":"","header-above-stick-meta":"","header-main-stick-meta":"","header-below-stick-meta":"","astra-migrate-meta-layouts":"set","ast-page-background-enabled":"default","ast-page-background-meta":{"desktop":{"background-color":"","background-image":"","background-repeat":"repeat","background-position":"center center","background-size":"auto","background-attachment":"scroll","background-type":"","background-media":"","overlay-type":"","overlay-color":"","overlay-opacity":"","overlay-gradient":""},"tablet":{"background-color":"","background-image":"","background-repeat":"repeat","background-position":"center center","background-size":"auto","background-attachment":"scroll","background-type":"","background-media":"","overlay-type":"","overlay-color":"","overlay-opacity":"","overlay-gradient":""},"mobile":{"background-color":"","background-image":"","background-repeat":"repeat","background-position":"center center","background-size":"auto","background-attachment":"scroll","background-type":"","background-media":"","overlay-type":"","overlay-color":"","overlay-opacity":"","overlay-gradient":""}},"ast-content-background-meta":{"desktop":{"background-color":"var(--ast-global-color-5)","background-image":"","background-repeat":"repeat","background-position":"center center","background-size":"auto","background-attachment":"scroll","background-type":"","background-media":"","overlay-type":"","overlay-color":"","overlay-opacity":"","overlay-gradient":""},"tablet":{"background-color":"var(--ast-global-color-5)","background-image":"","background-repeat":"repeat","background-position":"center center","background-size":"auto","background-attachment":"scroll","background-type":"","background-media":"","overlay-type":"","overlay-color":"","overlay-opacity":"","overlay-gradient":""},"mobile":{"background-color":"var(--ast-global-color-5)","background-image":"","background-repeat":"repeat","background-position":"center center","background-size":"auto","background-attachment":"scroll","background-type":"","background-media":"","overlay-type":"","overlay-color":"","overlay-opacity":"","overlay-gradient":""}}},"product_brand":[],"product_cat":[47],"product_tag":[],"class_list":{"0":"post-2349","1":"product","2":"type-product","3":"status-publish","4":"has-post-thumbnail","6":"product_cat-tdah-y-ansiedad","7":"desktop-align-left","8":"tablet-align-left","9":"mobile-align-left","11":"first","12":"instock","13":"featured","14":"shipping-taxable","15":"purchasable","16":"product-type-variable"},"_links":{"self":[{"href":"https:\/\/www.casadellamedicina.com\/es\/wp-json\/wp\/v2\/product\/2349","targetHints":{"allow":["GET"]}}],"collection":[{"href":"https:\/\/www.casadellamedicina.com\/es\/wp-json\/wp\/v2\/product"}],"about":[{"href":"https:\/\/www.casadellamedicina.com\/es\/wp-json\/wp\/v2\/types\/product"}],"replies":[{"embeddable":true,"href":"https:\/\/www.casadellamedicina.com\/es\/wp-json\/wp\/v2\/comments?post=2349"}],"wp:featuredmedia":[{"embeddable":true,"href":"https:\/\/www.casadellamedicina.com\/es\/wp-json\/wp\/v2\/media\/2181"}],"wp:attachment":[{"href":"https:\/\/www.casadellamedicina.com\/es\/wp-json\/wp\/v2\/media?parent=2349"}],"wp:term":[{"taxonomy":"product_brand","embeddable":true,"href":"https:\/\/www.casadellamedicina.com\/es\/wp-json\/wp\/v2\/product_brand?post=2349"},{"taxonomy":"product_cat","embeddable":true,"href":"https:\/\/www.casadellamedicina.com\/es\/wp-json\/wp\/v2\/product_cat?post=2349"},{"taxonomy":"product_tag","embeddable":true,"href":"https:\/\/www.casadellamedicina.com\/es\/wp-json\/wp\/v2\/product_tag?post=2349"}],"curies":[{"name":"wp","href":"https:\/\/api.w.org\/{rel}","templated":true}]}}