{"id":2359,"date":"2024-10-17T09:15:45","date_gmt":"2024-10-17T09:15:45","guid":{"rendered":"https:\/\/www.casadellamedicina.com\/Prodotto\/xanax\/"},"modified":"2025-04-09T07:24:01","modified_gmt":"2025-04-09T07:24:01","slug":"comprar-xanax-2mg-en-linea","status":"publish","type":"product","link":"https:\/\/www.casadellamedicina.com\/es\/Prodotto\/comprar-xanax-2mg-en-linea\/","title":{"rendered":"Xanax"},"content":{"rendered":"<h1>Comprar Alprazolam (Xanax)<\/h1>\n<p>El alprazolam es un medicamento utilizado para tratar la ansiedad. Act\u00faa ayudando al sistema nervioso a calmarse. Pertenece a un grupo de medicamentos llamados benzodiazepinas. Este medicamento puede utilizarse para otros fines; Preg\u00fantele a su proveedor de atenci\u00f3n m\u00e9dica o farmac\u00e9utico si tiene alguna pregunta. Puede comprar alprazolam en l\u00ednea con nosotros hoy y recibirlo sin receta. Compre Xanax en l\u00ednea hoy, comprar Xanax 2mg, ordene Xanax en l\u00ednea, Xanax en venta en l\u00ednea, compra de Xanax en l\u00ednea, compra de Alprazolam en l\u00ednea.<\/p>\n<p>Es aconsejable estar siempre acompa\u00f1ado de un adulto o un amigo durante el tratamiento, especialmente si est\u00e1s a punto de empezar a utilizar alprazolam. El alprazolam s\u00f3lo debe tomarse bajo la supervisi\u00f3n de un m\u00e9dico o terapeuta. No exceda la cantidad prescrita.<\/p>\n<p>Compre Xanax en l\u00ednea para tratar trastornos de ansiedad, ataques de p\u00e1nico y otros trastornos de ansiedad. Del mismo modo, se utiliza para tratar los trastornos de ansiedad y sus s\u00edntomas. Xanax s\u00f3lo debe tomarse bajo la supervisi\u00f3n de un m\u00e9dico u otro profesional de la salud.<\/p>\n<p>En <a href=\"https:\/\/www.casadellamedicina.com\/es\/\">Casa Della Medicina<\/a> ofrecemos a nuestros clientes los medicamentos de mejor calidad disponibles. Nuestros servicios son los mejores en la industria y lo m\u00e1s importante es que brindamos entregas confiables y seguras. Los clientes reciben su pedido en el plazo acordado y de forma discreta. Vis\u00edtenos hoy para comprar medicamentos de calidad en Italia y Europa.<\/p>\n<h2><a href=\"https:\/\/medicijnhuis.com\/it\/prodotto\/acquistare-xanax-online\/\" target=\"_blank\" rel=\"noopener\">Uso de Xanax<\/a>: Compre Xanax sin receta.<\/h2>\n<p>Los pacientes que sufren ataques de p\u00e1nico o ansiedad tambi\u00e9n pueden beneficiarse del alprazolam. Los beneficios m\u00e1s obvios de esta droga son el resultado de la relajaci\u00f3n de la mente y el cuerpo, como la relajaci\u00f3n muscular, la falta de ansiedad, etc. Xanax es un medicamento recetado que se utiliza para aliviar la ansiedad. Pertenece a la clase de medicamentos conocidos como benzodiazepinas.<\/p>\n<p>Xanax es un medicamento utilizado en todo el mundo, por lo que es f\u00e1cil comprarlo en l\u00ednea. Adem\u00e1s, los m\u00e9dicos pueden recetar Alprazolam como tratamiento a corto plazo para los s\u00edntomas de depresi\u00f3n o ansiedad. Se ha establecido que la depresi\u00f3n puede comenzar como consecuencia de un trastorno de ansiedad. Todos deben saber que Alprazolam no est\u00e1 destinado a aliviar la tensi\u00f3n o el estr\u00e9s cotidianos. Los problemas que la gente enfrenta todos los d\u00edas no se pueden resolver con medicamentos. Los m\u00e9dicos pueden recetarlo como parte de un tratamiento combinado. Comprar alprazolam en l\u00ednea, comprar xanax 2 mg en l\u00ednea, comprar xanax Italia, comprar xanax en l\u00ednea, comprar xanax en l\u00ednea.<\/p>\n<h2>Dosis de Xanax: Comprar Xanax 2mg Online.<\/h2>\n<p>Al comenzar a tomarlo, es importante asegurarse de que est\u00e1 tomando la dosis correcta para sus necesidades. El alprazolam est\u00e1 disponible en diferentes dosis que se administran a los pacientes dependiendo de su estado mental y f\u00edsico. Comprar xanax sin receta,<\/p>\n<p>Antes de recetar Xanax (alprazolam) a un paciente, se tienen en cuenta algunos criterios, como la edad del individuo, su estado de salud personal y la gravedad de su condici\u00f3n. Comprar Xanax en l\u00ednea, comprar Xanax en l\u00ednea, comprar Alprazolam en l\u00ednea, Xanax en venta, Alprazolam en venta en l\u00ednea, xanax a la venta.<\/p>\n<p>El alprazolam (Xanax) est\u00e1 disponible en formas de 0,25 mg, 0,5 mg, 1 mg y 2 mg. Por lo general, se recetan para tratar la depresi\u00f3n, la ansiedad y las recurrencias de los ataques de ansiedad. Aumente gradualmente la dosis de Alprazolam cada semana. Sin embargo, esto s\u00f3lo debe realizarse bajo la supervisi\u00f3n de un m\u00e9dico competente.<\/p>\n<p>Antes de comprar Xanax en l\u00ednea sin receta, es bueno saber que la dosis m\u00e1xima para los pacientes es de 4 mg. No exceda el l\u00edmite de potencia, ya que puede causar efectos secundarios negativos graves. Adem\u00e1s del alprazolam (Xanax), hay varias benzodiazepinas que se pueden comprar para tratar la ansiedad, como <a href=\"https:\/\/www.casadellamedicina.com\/es\/tdah-y-ansiedad\/\">diazepam<\/a>, rivotril y temazepam.<\/p>\n<h3>Efectos secundarios de Xanax<\/h3>\n<p>Los pacientes que toman Alprazolam seg\u00fan lo prescrito no sufren efectos secundarios del medicamento. No es necesario que todas las personas experimenten un efecto secundario despu\u00e9s del uso de Xanax 2 mg. cansancio y fatiga, somnolencia, v\u00f3mitos, n\u00e1useas, falta de coordinaci\u00f3n, estre\u00f1imiento, dificultad para hablar, problemas para retener la memoria, sensaci\u00f3n de ansiedad, depresi\u00f3n, pensamientos suicidas, agitaci\u00f3n, alucinaciones, confusi\u00f3n al tomar decisiones, movimientos musculares incontrolados, ritmo card\u00edaco acelerado, temblores, convulsiones.<\/p>\n","protected":false},"excerpt":{"rendered":"<p>Comprar Alprazolam (Xanax) El alprazolam es un medicamento utilizado para tratar la ansiedad. Act\u00faa ayudando al sistema nervioso a calmarse. Pertenece a un grupo de medicamentos llamados benzodiazepinas. Este medicamento puede utilizarse para otros fines; Preg\u00fantele a su proveedor de atenci\u00f3n m\u00e9dica o farmac\u00e9utico si tiene alguna pregunta. Puede comprar alprazolam en l\u00ednea con nosotros [&hellip;]<\/p>\n","protected":false},"featured_media":2167,"comment_status":"open","ping_status":"closed","template":"","meta":{"site-sidebar-layout":"default","site-content-layout":"","ast-site-content-layout":"default","site-content-style":"default","site-sidebar-style":"default","ast-global-header-display":"","ast-banner-title-visibility":"","ast-main-header-display":"","ast-hfb-above-header-display":"","ast-hfb-below-header-display":"","ast-hfb-mobile-header-display":"","site-post-title":"","ast-breadcrumbs-content":"","ast-featured-img":"","footer-sml-layout":"","ast-disable-related-posts":"","theme-transparent-header-meta":"default","adv-header-id-meta":"","stick-header-meta":"","header-above-stick-meta":"","header-main-stick-meta":"","header-below-stick-meta":"","astra-migrate-meta-layouts":"set","ast-page-background-enabled":"default","ast-page-background-meta":{"desktop":{"background-color":"","background-image":"","background-repeat":"repeat","background-position":"center center","background-size":"auto","background-attachment":"scroll","background-type":"","background-media":"","overlay-type":"","overlay-color":"","overlay-opacity":"","overlay-gradient":""},"tablet":{"background-color":"","background-image":"","background-repeat":"repeat","background-position":"center center","background-size":"auto","background-attachment":"scroll","background-type":"","background-media":"","overlay-type":"","overlay-color":"","overlay-opacity":"","overlay-gradient":""},"mobile":{"background-color":"","background-image":"","background-repeat":"repeat","background-position":"center center","background-size":"auto","background-attachment":"scroll","background-type":"","background-media":"","overlay-type":"","overlay-color":"","overlay-opacity":"","overlay-gradient":""}},"ast-content-background-meta":{"desktop":{"background-color":"var(--ast-global-color-5)","background-image":"","background-repeat":"repeat","background-position":"center center","background-size":"auto","background-attachment":"scroll","background-type":"","background-media":"","overlay-type":"","overlay-color":"","overlay-opacity":"","overlay-gradient":""},"tablet":{"background-color":"var(--ast-global-color-5)","background-image":"","background-repeat":"repeat","background-position":"center center","background-size":"auto","background-attachment":"scroll","background-type":"","background-media":"","overlay-type":"","overlay-color":"","overlay-opacity":"","overlay-gradient":""},"mobile":{"background-color":"var(--ast-global-color-5)","background-image":"","background-repeat":"repeat","background-position":"center center","background-size":"auto","background-attachment":"scroll","background-type":"","background-media":"","overlay-type":"","overlay-color":"","overlay-opacity":"","overlay-gradient":""}}},"product_brand":[],"product_cat":[47],"product_tag":[],"class_list":{"0":"post-2359","1":"product","2":"type-product","3":"status-publish","4":"has-post-thumbnail","6":"product_cat-tdah-y-ansiedad","7":"desktop-align-left","8":"tablet-align-left","9":"mobile-align-left","11":"first","12":"instock","13":"featured","14":"shipping-taxable","15":"purchasable","16":"product-type-simple"},"_links":{"self":[{"href":"https:\/\/www.casadellamedicina.com\/es\/wp-json\/wp\/v2\/product\/2359","targetHints":{"allow":["GET"]}}],"collection":[{"href":"https:\/\/www.casadellamedicina.com\/es\/wp-json\/wp\/v2\/product"}],"about":[{"href":"https:\/\/www.casadellamedicina.com\/es\/wp-json\/wp\/v2\/types\/product"}],"replies":[{"embeddable":true,"href":"https:\/\/www.casadellamedicina.com\/es\/wp-json\/wp\/v2\/comments?post=2359"}],"wp:featuredmedia":[{"embeddable":true,"href":"https:\/\/www.casadellamedicina.com\/es\/wp-json\/wp\/v2\/media\/2167"}],"wp:attachment":[{"href":"https:\/\/www.casadellamedicina.com\/es\/wp-json\/wp\/v2\/media?parent=2359"}],"wp:term":[{"taxonomy":"product_brand","embeddable":true,"href":"https:\/\/www.casadellamedicina.com\/es\/wp-json\/wp\/v2\/product_brand?post=2359"},{"taxonomy":"product_cat","embeddable":true,"href":"https:\/\/www.casadellamedicina.com\/es\/wp-json\/wp\/v2\/product_cat?post=2359"},{"taxonomy":"product_tag","embeddable":true,"href":"https:\/\/www.casadellamedicina.com\/es\/wp-json\/wp\/v2\/product_tag?post=2359"}],"curies":[{"name":"wp","href":"https:\/\/api.w.org\/{rel}","templated":true}]}}