{"id":2277,"date":"2024-10-14T17:53:35","date_gmt":"2024-10-14T17:53:35","guid":{"rendered":"https:\/\/www.casadellamedicina.com\/analgesicos\/"},"modified":"2025-02-17T16:36:01","modified_gmt":"2025-02-17T16:36:01","slug":"analgesicos","status":"publish","type":"page","link":"https:\/\/www.casadellamedicina.com\/pt-pt\/analgesicos\/","title":{"rendered":"Analg\u00e9sicos"},"content":{"rendered":"<div data-block-name=\"woocommerce\/product-category\" data-categories=\"[51]\" class=\"wc-block-grid wp-block-product-category wp-block-woocommerce-product-category wc-block-product-category has-3-columns has-multiple-rows\"><ul class=\"wc-block-grid__products\"><li class=\"wc-block-grid__product\">\r\n                        <a href=\"https:\/\/www.casadellamedicina.com\/pt-pt\/Prodotto\/oxicodona\/\" class=\"wc-block-grid__product-link\">\r\n                                <div class=\"wc-block-grid__product-image\"><img fetchpriority=\"high\" decoding=\"async\" width=\"300\" height=\"300\" src=\"https:\/\/www.casadellamedicina.com\/wp-content\/uploads\/2024\/10\/oxxyy-300x300.jpg\" class=\"attachment-woocommerce_thumbnail size-woocommerce_thumbnail\" alt=\"Ossicodone Acquisto Online\" srcset=\"https:\/\/www.casadellamedicina.com\/wp-content\/uploads\/2024\/10\/oxxyy-300x300.jpg 300w, https:\/\/www.casadellamedicina.com\/wp-content\/uploads\/2024\/10\/oxxyy-150x150.jpg 150w, https:\/\/www.casadellamedicina.com\/wp-content\/uploads\/2024\/10\/oxxyy-100x100.jpg 100w\" sizes=\"(max-width: 300px) 100vw, 300px\" \/><\/div>\r\n                                <div class=\"wc-block-grid__product-title\">oxicodona<\/div>\r\n                        <\/a>\r\n                        \r\n                        <div class=\"wc-block-grid__product-price price\"><span class=\"woocommerce-Price-amount amount\" aria-hidden=\"true\"><span class=\"woocommerce-Price-currencySymbol\">&euro;<\/span>5.50<\/span> <span aria-hidden=\"true\">&ndash;<\/span> <span class=\"woocommerce-Price-amount amount\" aria-hidden=\"true\"><span class=\"woocommerce-Price-currencySymbol\">&euro;<\/span>6.00<\/span><span class=\"screen-reader-text\">Price range: &euro;5.50 through &euro;6.00<\/span><\/div>\r\n                        \r\n                        <div class=\"wp-block-button wc-block-grid__product-add-to-cart\"><a href=\"https:\/\/www.casadellamedicina.com\/pt-pt\/Prodotto\/oxicodona\/\" aria-label=\"Seleccione as op\u00e7\u00f5es para &ldquo;oxicodona&rdquo;\" data-quantity=\"1\" data-product_id=\"2260\" data-product_sku=\"\" rel=\"nofollow\" class=\"wp-block-button__link add_to_cart_button\">Ver op\u00e7\u00f5es<\/a><\/div>\r\n                <\/li><li class=\"wc-block-grid__product\">\r\n                        <a href=\"https:\/\/www.casadellamedicina.com\/pt-pt\/Prodotto\/injecao-de-cetamina\/\" class=\"wc-block-grid__product-link\">\r\n                                <div class=\"wc-block-grid__product-image\"><img decoding=\"async\" width=\"300\" height=\"300\" src=\"https:\/\/www.casadellamedicina.com\/wp-content\/uploads\/2024\/10\/ket1-300x300.webp\" class=\"attachment-woocommerce_thumbnail size-woocommerce_thumbnail\" alt=\"Acquistare la ketamina online\" srcset=\"https:\/\/www.casadellamedicina.com\/wp-content\/uploads\/2024\/10\/ket1-300x300.webp 300w, https:\/\/www.casadellamedicina.com\/wp-content\/uploads\/2024\/10\/ket1-150x150.webp 150w, https:\/\/www.casadellamedicina.com\/wp-content\/uploads\/2024\/10\/ket1-100x100.webp 100w\" sizes=\"(max-width: 300px) 100vw, 300px\" \/><\/div>\r\n                                <div class=\"wc-block-grid__product-title\">inje\u00e7\u00e3o de cetamina<\/div>\r\n                        <\/a>\r\n                        \r\n                        <div class=\"wc-block-grid__product-price price\"><span class=\"woocommerce-Price-amount amount\"><span class=\"woocommerce-Price-currencySymbol\">&euro;<\/span>15.00<\/span><\/div>\r\n                        \r\n                        <div class=\"wp-block-button wc-block-grid__product-add-to-cart\"><a href=\"\/pt-pt\/wp-json\/wp\/v2\/pages\/2277?add-to-cart=2255\" aria-label=\"Adiciona ao carrinho: &ldquo;inje\u00e7\u00e3o de cetamina&rdquo;\" data-quantity=\"1\" data-product_id=\"2255\" data-product_sku=\"\" rel=\"nofollow\" class=\"wp-block-button__link add_to_cart_button ajax_add_to_cart\">Adicionar<\/a><\/div>\r\n                <\/li><li class=\"wc-block-grid__product\">\r\n                        <a href=\"https:\/\/www.casadellamedicina.com\/pt-pt\/Prodotto\/sulfato-de-morfina\/\" class=\"wc-block-grid__product-link\">\r\n                                <div class=\"wc-block-grid__product-image\"><img decoding=\"async\" width=\"300\" height=\"300\" src=\"https:\/\/www.casadellamedicina.com\/wp-content\/uploads\/2024\/10\/mor60.jpg\" class=\"attachment-woocommerce_thumbnail size-woocommerce_thumbnail\" alt=\"Acquistare morfina solfato\" srcset=\"https:\/\/www.casadellamedicina.com\/wp-content\/uploads\/2024\/10\/mor60.jpg 300w, https:\/\/www.casadellamedicina.com\/wp-content\/uploads\/2024\/10\/mor60-150x150.jpg 150w, https:\/\/www.casadellamedicina.com\/wp-content\/uploads\/2024\/10\/mor60-100x100.jpg 100w\" sizes=\"(max-width: 300px) 100vw, 300px\" \/><\/div>\r\n                                <div class=\"wc-block-grid__product-title\">Sulfato de Morfina<\/div>\r\n                        <\/a>\r\n                        \r\n                        <div class=\"wc-block-grid__product-price price\"><span class=\"woocommerce-Price-amount amount\" aria-hidden=\"true\"><span class=\"woocommerce-Price-currencySymbol\">&euro;<\/span>5.00<\/span> <span aria-hidden=\"true\">&ndash;<\/span> <span class=\"woocommerce-Price-amount amount\" aria-hidden=\"true\"><span class=\"woocommerce-Price-currencySymbol\">&euro;<\/span>6.00<\/span><span class=\"screen-reader-text\">Price range: &euro;5.00 through &euro;6.00<\/span><\/div>\r\n                        \r\n                        <div class=\"wp-block-button wc-block-grid__product-add-to-cart\"><a href=\"https:\/\/www.casadellamedicina.com\/pt-pt\/Prodotto\/sulfato-de-morfina\/\" aria-label=\"Seleccione as op\u00e7\u00f5es para &ldquo;Sulfato de Morfina&rdquo;\" data-quantity=\"1\" data-product_id=\"2368\" data-product_sku=\"\" rel=\"nofollow\" class=\"wp-block-button__link add_to_cart_button\">Ver op\u00e7\u00f5es<\/a><\/div>\r\n                <\/li><li class=\"wc-block-grid__product\">\r\n                        <a href=\"https:\/\/www.casadellamedicina.com\/pt-pt\/Prodotto\/metadona\/\" class=\"wc-block-grid__product-link\">\r\n                                <div class=\"wc-block-grid__product-image\"><img loading=\"lazy\" decoding=\"async\" width=\"300\" height=\"300\" src=\"https:\/\/www.casadellamedicina.com\/wp-content\/uploads\/2024\/10\/meta-300x300.jpg\" class=\"attachment-woocommerce_thumbnail size-woocommerce_thumbnail\" alt=\"Acquistare il metadone online\" srcset=\"https:\/\/www.casadellamedicina.com\/wp-content\/uploads\/2024\/10\/meta-300x300.jpg 300w, https:\/\/www.casadellamedicina.com\/wp-content\/uploads\/2024\/10\/meta-1024x1024.jpg 1024w, https:\/\/www.casadellamedicina.com\/wp-content\/uploads\/2024\/10\/meta-150x150.jpg 150w, https:\/\/www.casadellamedicina.com\/wp-content\/uploads\/2024\/10\/meta-768x768.jpg 768w, https:\/\/www.casadellamedicina.com\/wp-content\/uploads\/2024\/10\/meta-600x600.jpg 600w, https:\/\/www.casadellamedicina.com\/wp-content\/uploads\/2024\/10\/meta-100x100.jpg 100w, https:\/\/www.casadellamedicina.com\/wp-content\/uploads\/2024\/10\/meta.jpg 1200w\" sizes=\"(max-width: 300px) 100vw, 300px\" \/><\/div>\r\n                                <div class=\"wc-block-grid__product-title\">Metadona<\/div>\r\n                        <\/a>\r\n                        \r\n                        <div class=\"wc-block-grid__product-price price\"><span class=\"woocommerce-Price-amount amount\" aria-hidden=\"true\"><span class=\"woocommerce-Price-currencySymbol\">&euro;<\/span>4.00<\/span> <span aria-hidden=\"true\">&ndash;<\/span> <span class=\"woocommerce-Price-amount amount\" aria-hidden=\"true\"><span class=\"woocommerce-Price-currencySymbol\">&euro;<\/span>5.00<\/span><span class=\"screen-reader-text\">Price range: &euro;4.00 through &euro;5.00<\/span><\/div>\r\n                        \r\n                        <div class=\"wp-block-button wc-block-grid__product-add-to-cart\"><a href=\"https:\/\/www.casadellamedicina.com\/pt-pt\/Prodotto\/metadona\/\" aria-label=\"Seleccione as op\u00e7\u00f5es para &ldquo;Metadona&rdquo;\" data-quantity=\"1\" data-product_id=\"2364\" data-product_sku=\"\" rel=\"nofollow\" class=\"wp-block-button__link add_to_cart_button\">Ver op\u00e7\u00f5es<\/a><\/div>\r\n                <\/li><li class=\"wc-block-grid__product\">\r\n                        <a href=\"https:\/\/www.casadellamedicina.com\/pt-pt\/Prodotto\/fentanil-em-comprimidos\/\" class=\"wc-block-grid__product-link\">\r\n                                <div class=\"wc-block-grid__product-image\"><img loading=\"lazy\" decoding=\"async\" width=\"300\" height=\"300\" src=\"https:\/\/www.casadellamedicina.com\/wp-content\/uploads\/2024\/10\/fentanyl-tabz-300x300.webp\" class=\"attachment-woocommerce_thumbnail size-woocommerce_thumbnail\" alt=\"Comprare fentanil compresse\" srcset=\"https:\/\/www.casadellamedicina.com\/wp-content\/uploads\/2024\/10\/fentanyl-tabz-300x300.webp 300w, https:\/\/www.casadellamedicina.com\/wp-content\/uploads\/2024\/10\/fentanyl-tabz-150x150.webp 150w, https:\/\/www.casadellamedicina.com\/wp-content\/uploads\/2024\/10\/fentanyl-tabz-100x100.webp 100w\" sizes=\"(max-width: 300px) 100vw, 300px\" \/><\/div>\r\n                                <div class=\"wc-block-grid__product-title\">Fentanil em comprimidos<\/div>\r\n                        <\/a>\r\n                        \r\n                        <div class=\"wc-block-grid__product-price price\"><span class=\"woocommerce-Price-amount amount\"><span class=\"woocommerce-Price-currencySymbol\">&euro;<\/span>6.00<\/span><\/div>\r\n                        \r\n                        <div class=\"wp-block-button wc-block-grid__product-add-to-cart\"><a href=\"\/pt-pt\/wp-json\/wp\/v2\/pages\/2277?add-to-cart=2242\" aria-label=\"Adiciona ao carrinho: &ldquo;Fentanil em comprimidos&rdquo;\" data-quantity=\"1\" data-product_id=\"2242\" data-product_sku=\"\" rel=\"nofollow\" class=\"wp-block-button__link add_to_cart_button ajax_add_to_cart\">Adicionar<\/a><\/div>\r\n                <\/li><\/ul><\/div>\n<h2 class=\"wp-block-heading\">O que s\u00e3o analg\u00e9sicos? Compre analg\u00e9sicos online. <\/h2>\n\n<p>S\u00e3o medicamentos ou subst\u00e2ncias utilizadas para aliviar ou reduzir a dor. A dor pode ser classificada de diferentes formas. Por exemplo, existe dor aguda, como uma tor\u00e7\u00e3o do tornozelo, ou dor cr\u00f3nica, como uma les\u00e3o nervosa.  <\/p>\n\n<p>Os analg\u00e9sicos s\u00e3o utilizados para aliviar ou reduzir a dor, uma vez que existem muitos tipos diferentes de dor, incluindo a causada por les\u00f5es, m\u00fasculos, nervos e dores de cabe\u00e7a. Al\u00e9m disso, a sensa\u00e7\u00e3o de dor varia muito consoante a causa subjacente. Por exemplo, a dor \u00e9 surda, puls\u00e1til, ardente, lancinante e esp\u00e1stica (c\u00f3licas).  <\/p>\n\n<p>Existem muitos tipos diferentes de analg\u00e9sicos no mercado, pois existe uma grande variedade de dores e as pessoas reagem de diferentes formas a determinados medicamentos. Os mais fortes s\u00e3o chamados opi\u00f3ides e podem levar a overdose e depend\u00eancia. Comprar analg\u00e9sicos em It\u00e1lia, comprar analg\u00e9sicos em Roma, comprar analg\u00e9sicos online, comprar analg\u00e9sicos em Espanha, comprar analg\u00e9sicos online.  <\/p>\n\n<h2 class=\"wp-block-heading\"><a href=\"https:\/\/medicijnhuis.com\/it\/categoria-prodotto\/antidolorifici-acquistare\/\" target=\"_blank\" rel=\"noopener\">Tipos de analg\u00e9sicos<\/a><\/h2>\n\n<p><strong>Paracetamolo<\/strong><\/p>\n\n<p>O paracetamol \u00e9 o analg\u00e9sico e antipir\u00e9tico mais utilizado no mundo. Ao inibir tipos espec\u00edficos de ciclooxigenase (COX), uma enzima que converte o \u00e1cido araquid\u00f3nico em prostaglandinas, que aumentam a perce\u00e7\u00e3o da dor, o paracetamol reduz a dor. Atualmente n\u00e3o est\u00e1 claro exatamente como funciona. Como medicamento geralmente seguro, o paracetamol pode ser tomado durante a gravidez.   <\/p>\n\n<p><strong>AINEs<\/strong><\/p>\n\n<p>Os anti-inflamat\u00f3rios n\u00e3o ester\u00f3ides, ou AINE, s\u00e3o uma classe de anti-inflamat\u00f3rios distinta da classe dos corticoster\u00f3ides. A supress\u00e3o da s\u00edntese de prostaglandinas pelo organismo \u00e9 a base do efeito analg\u00e9sico. As prostaglandinas desempenham um papel na perce\u00e7\u00e3o da dor, induzindo-a. Al\u00e9m disso, t\u00eam impacto na fun\u00e7\u00e3o protetora da mucosa g\u00e1strica. Tomar AINE pode causar hemorragia ou dor de est\u00f4mago. O primeiro medicamento desta classe a ser identificado foi a aspirina. Os AINE mais utilizados s\u00e3o o naproxeno, o diclofenac e o ibuprofeno.      <\/p>\n\n<p><strong>Inibidores da COX-2<\/strong><\/p>\n\n<p>Outra classe de analg\u00e9sicos AINE \u00e9 representada pelos inibidores da COX-2. No entanto, ao contr\u00e1rio dos AINE convencionais que inibem diretamente as enzimas COX-1 e COX-2, inibe exclusivamente a enzima COX-2, respons\u00e1vel pelas rea\u00e7\u00f5es inflamat\u00f3rias e pela dor. Comparativamente \u00e0 utiliza\u00e7\u00e3o de AINE convencionais, o risco de \u00falcera g\u00e1strica \u00e9 significativamente reduzido gra\u00e7as ao simples bloqueio das enzimas COX-2. Este mecanismo de a\u00e7\u00e3o \u00e9 demonstrado pelos medicamentos celecoxib, etoricoxib (Arcoxia\u00ae) e rofecoxib (Vioxx\u00ae), este \u00faltimo retirado do mercado devido aos efeitos negativos no sistema cardiovascular.   <\/p>\n\n<p><strong>Opioides<\/strong><\/p>\n\n<p>Os opi\u00f3ides s\u00e3o medicamentos utilizados como analg\u00e9sicos e derivados da planta do \u00f3pio. Atuam sobre recetores opi\u00f3ides presentes no sistema nervoso perif\u00e9rico, no c\u00e9rebro e na medula espinhal. Entre estas, a morfina \u00e9 a mais conhecida. Outros morfinomim\u00e9ticos frequentemente utilizados s\u00e3o o tramadol, a oxicodona, a code\u00edna, o fentanil, a metadona, a dilaudida, o demerol e a petidina.   <\/p>\n\n<p>comprar oxicodona online, comprar oxicodona, oxicodona para venda, encomendar oxicodona online, comprar fentanil online, encomendar fentanil online, fentanil para venda, encomendar dilaudid online, dilaudid para venda, comprar dilaudid online, comprar cetamina online, compra de metadona, comprar metadona online, metadona para venda online.<\/p>\n\n<h3 class=\"wp-block-heading\">Efeitos dos analg\u00e9sicos<\/h3>\n\n<p>Todos os analg\u00e9sicos t\u00eam como principal objetivo reduzir a dor. Os m\u00e9dicos prescrevem frequentemente medicamentos para tratar a dor. <\/p>\n\n<p>Os opi\u00f3ides est\u00e3o entre os medicamentos que tamb\u00e9m t\u00eam efeito intoxicante. Sente-se confort\u00e1vel e come\u00e7a a ficar let\u00e1rgico e relaxado. Tal como o \u00e1lcool, esquece temporariamente os seus problemas e fica entorpecido. Entra num estado de sonho l\u00facido. Como resultado, estas drogas podem ser altamente viciantes.    <\/p>\n\n<p>A depend\u00eancia de drogas tamb\u00e9m pode resultar de subst\u00e2ncias n\u00e3o t\u00f3xicas. Por exemplo, se tomar paracetamol durante muito tempo, o seu organismo pode habituar-se \u00e0 subst\u00e2ncia e acabar por se tornar dependente dela. <\/p>\n\n<p>Os analg\u00e9sicos opi\u00f3ides t\u00eam tamb\u00e9m os seguintes efeitos f\u00edsicos:<\/p>\n\n<div class=\"wp-block-group is-vertical is-layout-flex wp-container-core-group-is-layout-fe9cc265 wp-block-group-is-layout-flex\">\n<div class=\"wp-block-group is-vertical is-content-justification-stretch is-layout-flex wp-container-core-group-is-layout-353c4f5a wp-block-group-is-layout-flex\">\n<p>A frequ\u00eancia card\u00edaca diminui.<\/p>\n\n\n\n<p>A respira\u00e7\u00e3o \u00e9 mais lenta.<\/p>\n\n\n\n<p>A temperatura corporal desce.<\/p>\n\n\n\n<p>As pupilas ficam mais pequenas.<\/p>\n\n\n\n<p>A motilidade intestinal diminui.<\/p>\n\n\n\n<p>A motilidade intestinal diminui.<\/p>\n\n\n\n<p>As necessidades sexuais diminuem.<\/p>\n\n\n\n<p>O utilizador tem problemas com fezes e mic\u00e7\u00e3o.<\/p>\n\n\n\n<p>A menstrua\u00e7\u00e3o pode tornar-se irregular nas mulheres.<\/p>\n<\/div>\n<\/div>\n\n<h3 class=\"wp-block-heading\">como comprar metadona online?<\/h3>\n\n<p>Comprar metadona online tornou-se mais f\u00e1cil gra\u00e7as \u00e0 internet e requer receita m\u00e9dica. Este medicamento pode ser adquirido online na Casa Della Medicina a pre\u00e7os acess\u00edveis e com entrega r\u00e1pida. A metadona, como qualquer outro medicamento opi\u00f3ide, pode ser comprada online sem receita m\u00e9dica, mas tenha cuidado, pois existem muitos sites n\u00e3o fi\u00e1veis.  <\/p>\n\n<p>Para encomendar metadona online, basta visitar a p\u00e1gina da <a href=\"https:\/\/www.casadellamedicina.com\/shop\/\">nossa loja<\/a>, selecionar a quantidade e clicar em finalizar compra. Depois de introduzir os detalhes da entrega e efetuar o pagamento, o seu pedido ser\u00e1 processado e as informa\u00e7\u00f5es de seguimento ser\u00e3o fornecidas. <\/p>\n\n<h3 class=\"wp-block-heading\">Que medicamentos para a dor est\u00e3o dispon\u00edveis na Casa Della Medicina?<\/h3>\n\n<p>Atualmente est\u00e3o dispon\u00edveis comprimidos de metadona, fentanil, oxicodona, dilaudida, morfina, code\u00edna e tramadol. Pode comprar fentanil connosco com seguran\u00e7a hoje. Encomende oxicodona online, dilaudid \u00e0 venda.  <\/p>\n","protected":false},"excerpt":{"rendered":"<p>O que s\u00e3o analg\u00e9sicos? Compre analg\u00e9sicos online. S\u00e3o medicamentos ou subst\u00e2ncias utilizadas para aliviar ou reduzir a dor. A dor pode ser classificada de diferentes formas. Por exemplo, existe dor aguda, como uma tor\u00e7\u00e3o do tornozelo, ou dor cr\u00f3nica, como uma les\u00e3o nervosa. Os analg\u00e9sicos s\u00e3o utilizados para aliviar ou reduzir a dor, uma vez [&hellip;]<\/p>\n","protected":false},"author":1,"featured_media":2158,"parent":0,"menu_order":0,"comment_status":"closed","ping_status":"closed","template":"","meta":{"site-sidebar-layout":"default","site-content-layout":"","ast-site-content-layout":"default","site-content-style":"default","site-sidebar-style":"default","ast-global-header-display":"","ast-banner-title-visibility":"","ast-main-header-display":"","ast-hfb-above-header-display":"","ast-hfb-below-header-display":"","ast-hfb-mobile-header-display":"","site-post-title":"","ast-breadcrumbs-content":"","ast-featured-img":"disabled","footer-sml-layout":"","ast-disable-related-posts":"","theme-transparent-header-meta":"","adv-header-id-meta":"","stick-header-meta":"","header-above-stick-meta":"","header-main-stick-meta":"","header-below-stick-meta":"","astra-migrate-meta-layouts":"default","ast-page-background-enabled":"default","ast-page-background-meta":{"desktop":{"background-color":"","background-image":"","background-repeat":"repeat","background-position":"center center","background-size":"auto","background-attachment":"scroll","background-type":"","background-media":"","overlay-type":"","overlay-color":"","overlay-opacity":"","overlay-gradient":""},"tablet":{"background-color":"","background-image":"","background-repeat":"repeat","background-position":"center center","background-size":"auto","background-attachment":"scroll","background-type":"","background-media":"","overlay-type":"","overlay-color":"","overlay-opacity":"","overlay-gradient":""},"mobile":{"background-color":"","background-image":"","background-repeat":"repeat","background-position":"center center","background-size":"auto","background-attachment":"scroll","background-type":"","background-media":"","overlay-type":"","overlay-color":"","overlay-opacity":"","overlay-gradient":""}},"ast-content-background-meta":{"desktop":{"background-color":"var(--ast-global-color-5)","background-image":"","background-repeat":"repeat","background-position":"center center","background-size":"auto","background-attachment":"scroll","background-type":"","background-media":"","overlay-type":"","overlay-color":"","overlay-opacity":"","overlay-gradient":""},"tablet":{"background-color":"var(--ast-global-color-5)","background-image":"","background-repeat":"repeat","background-position":"center center","background-size":"auto","background-attachment":"scroll","background-type":"","background-media":"","overlay-type":"","overlay-color":"","overlay-opacity":"","overlay-gradient":""},"mobile":{"background-color":"var(--ast-global-color-5)","background-image":"","background-repeat":"repeat","background-position":"center center","background-size":"auto","background-attachment":"scroll","background-type":"","background-media":"","overlay-type":"","overlay-color":"","overlay-opacity":"","overlay-gradient":""}},"footnotes":""},"class_list":["post-2277","page","type-page","status-publish","has-post-thumbnail","hentry"],"_links":{"self":[{"href":"https:\/\/www.casadellamedicina.com\/pt-pt\/wp-json\/wp\/v2\/pages\/2277","targetHints":{"allow":["GET"]}}],"collection":[{"href":"https:\/\/www.casadellamedicina.com\/pt-pt\/wp-json\/wp\/v2\/pages"}],"about":[{"href":"https:\/\/www.casadellamedicina.com\/pt-pt\/wp-json\/wp\/v2\/types\/page"}],"author":[{"embeddable":true,"href":"https:\/\/www.casadellamedicina.com\/pt-pt\/wp-json\/wp\/v2\/users\/1"}],"replies":[{"embeddable":true,"href":"https:\/\/www.casadellamedicina.com\/pt-pt\/wp-json\/wp\/v2\/comments?post=2277"}],"version-history":[{"count":1,"href":"https:\/\/www.casadellamedicina.com\/pt-pt\/wp-json\/wp\/v2\/pages\/2277\/revisions"}],"predecessor-version":[{"id":2278,"href":"https:\/\/www.casadellamedicina.com\/pt-pt\/wp-json\/wp\/v2\/pages\/2277\/revisions\/2278"}],"wp:featuredmedia":[{"embeddable":true,"href":"https:\/\/www.casadellamedicina.com\/pt-pt\/wp-json\/wp\/v2\/media\/2158"}],"wp:attachment":[{"href":"https:\/\/www.casadellamedicina.com\/pt-pt\/wp-json\/wp\/v2\/media?parent=2277"}],"curies":[{"name":"wp","href":"https:\/\/api.w.org\/{rel}","templated":true}]}}