{"id":2281,"date":"2024-10-14T19:02:21","date_gmt":"2024-10-14T19:02:21","guid":{"rendered":"https:\/\/www.casadellamedicina.com\/mdma\/"},"modified":"2025-02-18T11:23:48","modified_gmt":"2025-02-18T11:23:48","slug":"mdma","status":"publish","type":"page","link":"https:\/\/www.casadellamedicina.com\/pt-pt\/mdma\/","title":{"rendered":"MDMA"},"content":{"rendered":"<div data-block-name=\"woocommerce\/product-category\" data-categories=\"[57]\" class=\"wc-block-grid wp-block-product-category wp-block-woocommerce-product-category wc-block-product-category has-3-columns has-multiple-rows\"><ul class=\"wc-block-grid__products\"><li class=\"wc-block-grid__product\">\r\n                        <a href=\"https:\/\/www.casadellamedicina.com\/pt-pt\/Prodotto\/tesla-xtc-laranja\/\" class=\"wc-block-grid__product-link\">\r\n                                <div class=\"wc-block-grid__product-image\"><img fetchpriority=\"high\" decoding=\"async\" width=\"300\" height=\"300\" src=\"https:\/\/www.casadellamedicina.com\/wp-content\/uploads\/2024\/10\/orange-tesla-300x300.jpg\" class=\"attachment-woocommerce_thumbnail size-woocommerce_thumbnail\" alt=\"Acquistare tesla xtc arancione\" srcset=\"https:\/\/www.casadellamedicina.com\/wp-content\/uploads\/2024\/10\/orange-tesla-300x300.jpg 300w, https:\/\/www.casadellamedicina.com\/wp-content\/uploads\/2024\/10\/orange-tesla-150x150.jpg 150w, https:\/\/www.casadellamedicina.com\/wp-content\/uploads\/2024\/10\/orange-tesla-100x100.jpg 100w\" sizes=\"(max-width: 300px) 100vw, 300px\" \/><\/div>\r\n                                <div class=\"wc-block-grid__product-title\">Tesla Xtc Laranja<\/div>\r\n                        <\/a>\r\n                        \r\n                        <div class=\"wc-block-grid__product-price price\"><span class=\"woocommerce-Price-amount amount\"><span class=\"woocommerce-Price-currencySymbol\">&euro;<\/span>3.00<\/span><\/div>\r\n                        \r\n                        <div class=\"wp-block-button wc-block-grid__product-add-to-cart\"><a href=\"\/pt-pt\/wp-json\/wp\/v2\/pages\/2281?add-to-cart=2372\" aria-label=\"Adiciona ao carrinho: &ldquo;Tesla Xtc Laranja&rdquo;\" data-quantity=\"1\" data-product_id=\"2372\" data-product_sku=\"\" rel=\"nofollow\" class=\"wp-block-button__link add_to_cart_button ajax_add_to_cart\">Adicionar<\/a><\/div>\r\n                <\/li><li class=\"wc-block-grid__product\">\r\n                        <a href=\"https:\/\/www.casadellamedicina.com\/pt-pt\/Prodotto\/punidor-azul-xtc\/\" class=\"wc-block-grid__product-link\">\r\n                                <div class=\"wc-block-grid__product-image\"><img decoding=\"async\" width=\"225\" height=\"225\" src=\"https:\/\/www.casadellamedicina.com\/wp-content\/uploads\/2024\/10\/blue-punisher.jpeg\" class=\"attachment-woocommerce_thumbnail size-woocommerce_thumbnail\" alt=\"Punidor Azul Xtc\" srcset=\"https:\/\/www.casadellamedicina.com\/wp-content\/uploads\/2024\/10\/blue-punisher.jpeg 225w, https:\/\/www.casadellamedicina.com\/wp-content\/uploads\/2024\/10\/blue-punisher-150x150.jpeg 150w, https:\/\/www.casadellamedicina.com\/wp-content\/uploads\/2024\/10\/blue-punisher-100x100.jpeg 100w\" sizes=\"(max-width: 225px) 100vw, 225px\" \/><\/div>\r\n                                <div class=\"wc-block-grid__product-title\">Punidor Azul Xtc<\/div>\r\n                        <\/a>\r\n                        \r\n                        <div class=\"wc-block-grid__product-price price\"><span class=\"woocommerce-Price-amount amount\"><span class=\"woocommerce-Price-currencySymbol\">&euro;<\/span>3.00<\/span><\/div>\r\n                        \r\n                        <div class=\"wp-block-button wc-block-grid__product-add-to-cart\"><a href=\"\/pt-pt\/wp-json\/wp\/v2\/pages\/2281?add-to-cart=2371\" aria-label=\"Adiciona ao carrinho: &ldquo;Punidor Azul Xtc&rdquo;\" data-quantity=\"1\" data-product_id=\"2371\" data-product_sku=\"\" rel=\"nofollow\" class=\"wp-block-button__link add_to_cart_button ajax_add_to_cart\">Adicionar<\/a><\/div>\r\n                <\/li><\/ul><\/div>\n<h2 class=\"wp-block-heading\">O que \u00e9 o Ecstasy (MDMA) e onde comprar Ecstasy online?<\/h2>\n\n<p>Comprar mdma online. Aqui veremos o que \u00e9 o MDMA ou ecstasy, como \u00e9 chamado nas ruas, como o faz sentir e onde pode comprar MDMA online, ou ecstasy, como \u00e9 chamado. <\/p>\n\n<p>O ecstasy, tamb\u00e9m conhecido como (<a href=\"https:\/\/pentobarbital.blog\/buy-ecstasy-online\/\" target=\"_blank\" rel=\"noopener\">MDMA<\/a>) metilenodioximetanfetamina, \u00e9 um empat\u00f3geno que aumenta o sentido de empatia e bondade de um indiv\u00edduo e aumenta os sentimentos de aceita\u00e7\u00e3o social e de liga\u00e7\u00e3o com os outros. Os consumidores acreditam que a droga os faz sentir bem e lhes permite passar dias sem descansar. No entanto, os consumidores de ecstasy desconhecem os perigos da droga.  <\/p>\n\n<p>O ecstasy \u00e9 um estimulante que pode produzir alucina\u00e7\u00f5es. \u00c9 classificada como uma \u201cdroga sint\u00e9tica\u201d, pois foi produzida com a inten\u00e7\u00e3o de fazer com que as pessoas se sentissem pedradas. Esta subst\u00e2ncia \u00e9 popular entre adolescentes e jovens adultos que frequentam discotecas, concertos ou eventos \u201crave\u201d.  <\/p>\n\n<h2 class=\"wp-block-heading\">O que faz o ecstasy (MDMA)? Comprar MDMA online. <\/h2>\n\n<p>Antes de comprar ecstasy online, precisa de estar ciente do que faz ao corpo humano. O ecstasy \u00e9 uma subst\u00e2ncia alucinog\u00e9nia e estimulante. Proporciona ao utilizador uma onda de sensa\u00e7\u00f5es positivas (um barato) e intensifica os sentimentos, sejam eles positivos ou negativos. Os efeitos da droga duram geralmente at\u00e9 seis horas.   <\/p>\n\n<p>Al\u00e9m disso, comprar MDMA online tamb\u00e9m aumenta a frequ\u00eancia card\u00edaca e pode causar boca seca, dentes cerrados, problemas de vis\u00e3o, arrepios, suores ou n\u00e1useas. Isto pode fazer com que alguns consumidores se sintam preocupados, confusos e paran\u00f3icos, como se algu\u00e9m estivesse a tentar prejudic\u00e1-los ou a conspirar contra eles. O ecstasy pode danificar as c\u00e9lulas cerebrais envolvidas no pensamento e na mem\u00f3ria.  <\/p>\n\n<p>O uso de ecstasy pode causar sobreaquecimento no corpo de uma pessoa enquanto dan\u00e7a ou faz outras atividades f\u00edsicas, resultando em insufici\u00eancia muscular, danos renais, hep\u00e1ticos e card\u00edacos, bem como morte. O uso de ecstasy pode causar convuls\u00f5es, incha\u00e7o cerebral, poss\u00edveis danos cerebrais e at\u00e9 a morte. <\/p>\n\n<h3 class=\"wp-block-heading\">Outros nomes para MDMA (Ecstasy)<\/h3>\n\n<p>O MDMA tem muitos nomes, incluindo Ecstasy, c\u00e1psulas, Eckies, E, XTC, comprimidos, pingers, bikkies, flippers, molly, M&amp;M, Adam, Roll, etc.<\/p>\n\n<h3 class=\"wp-block-heading\">Onde posso comprar Xtc online?<\/h3>\n\n<p>Pode encomendar comprimidos de MDM de qualidade na <a href=\"https:\/\/www.casadellamedicina.com\/pt-pt\/\">Casa Della Medicina<\/a> e receb\u00ea-los em seguran\u00e7a no seu endere\u00e7o. \u00c9 importante compreender que todos os pedidos de medicamentos sujeitos a receita m\u00e9dica requerem uma consulta cl\u00ednica online, e um m\u00e9dico decidir\u00e1 se deve prescrever o medicamento. Comprar mdma online, mdma para venda, encomendar mdma online, comprar mdma online, comprar ecstasy online, comprar comprimidos de mdma  <\/p>\n\n<p>Antes de comprar MDMA online, procure uma consulta para verificar e garantir os efeitos deste medicamento e o tratamento adequado \u00e0s suas necessidades espec\u00edficas. Este m\u00e9todo garante que comprar MDMA online \u00e9 seguro e adequado para si, semelhante a compr\u00e1-lo numa farm\u00e1cia online. Antes de iniciar qualquer medicamento, \u00e9 essencial consultar sempre o seu m\u00e9dico ou profissional de sa\u00fade para garantir a sua seguran\u00e7a e adequa\u00e7\u00e3o \u00e0s suas necessidades individuais.  <\/p>\n\n<p>Todas as perguntas sobre onde comprar mdma online ou como comprar ecstasy online s\u00e3o respondidas aqui. Comprar comprimidos de MDMA online, comprar comprimidos de XTC online, comprar ecstasy online, comprar XTC online, venda XTC, comprar Molly online, comprar Molly, venda Molly, venda cristais de MDMA, venda p\u00f3 de MDMA. comprar ecstasy online, comprar comprimidos de mdma, comprar cristal de mdma, comprar xtc online,   <\/p>\n\n<h3 class=\"wp-block-heading\">Efeitos do MDMA<\/h3>\n\n<p>O uso de qualquer droga traz riscos. \u00c9 essencial ter precau\u00e7\u00e3o ao utilizar qualquer tipo de medicamento. <\/p>\n\n<p>O MDMA tem efeitos diferentes em cada um de n\u00f3s, dependendo de:<\/p>\n\n<p>tamanho, peso e sa\u00fade<br\/>Os fatores a considerar na toma de um medicamento s\u00e3o o h\u00e1bito, o hor\u00e1rio, a quantidade, a pot\u00eancia e o local.<br\/>Os efeitos do MDMA come\u00e7am geralmente 20 minutos a uma hora ap\u00f3s a ingest\u00e3o e continuam durante tr\u00eas a quatro horas. 2, 3 O auge desta experi\u00eancia \u00e9 frequentemente designado por \u201cpico\u201d.<\/p>\n\n<p>euforia<br\/>sensa\u00e7\u00e3o de energia e seguran\u00e7a<br\/>pupilas dilatadas (aumentadas)<br\/>aperto da mand\u00edbula e ranger dos dentes<br\/>sentidos aumentados (vis\u00e3o, audi\u00e7\u00e3o e tato)<br\/>suor excessivo e formigueiro na pele<br\/>dor muscular<br\/>redu\u00e7\u00e3o do apetite<br\/>batimento card\u00edaco r\u00e1pido<br\/>aumento da press\u00e3o arterial<br\/>desidrata\u00e7\u00e3o<br\/>insola\u00e7\u00e3o<br\/>beber quantidades extremas de \u00e1gua (pode causar a morte)<\/p>\n","protected":false},"excerpt":{"rendered":"<p>O que \u00e9 o Ecstasy (MDMA) e onde comprar Ecstasy online? Comprar mdma online. Aqui veremos o que \u00e9 o MDMA ou ecstasy, como \u00e9 chamado nas ruas, como o faz sentir e onde pode comprar MDMA online, ou ecstasy, como \u00e9 chamado. O ecstasy, tamb\u00e9m conhecido como (MDMA) metilenodioximetanfetamina, \u00e9 um empat\u00f3geno que aumenta [&hellip;]<\/p>\n","protected":false},"author":1,"featured_media":2160,"parent":0,"menu_order":0,"comment_status":"closed","ping_status":"closed","template":"","meta":{"site-sidebar-layout":"default","site-content-layout":"","ast-site-content-layout":"default","site-content-style":"default","site-sidebar-style":"default","ast-global-header-display":"","ast-banner-title-visibility":"","ast-main-header-display":"","ast-hfb-above-header-display":"","ast-hfb-below-header-display":"","ast-hfb-mobile-header-display":"","site-post-title":"","ast-breadcrumbs-content":"","ast-featured-img":"disabled","footer-sml-layout":"","ast-disable-related-posts":"","theme-transparent-header-meta":"","adv-header-id-meta":"","stick-header-meta":"","header-above-stick-meta":"","header-main-stick-meta":"","header-below-stick-meta":"","astra-migrate-meta-layouts":"default","ast-page-background-enabled":"default","ast-page-background-meta":{"desktop":{"background-color":"","background-image":"","background-repeat":"repeat","background-position":"center center","background-size":"auto","background-attachment":"scroll","background-type":"","background-media":"","overlay-type":"","overlay-color":"","overlay-opacity":"","overlay-gradient":""},"tablet":{"background-color":"","background-image":"","background-repeat":"repeat","background-position":"center center","background-size":"auto","background-attachment":"scroll","background-type":"","background-media":"","overlay-type":"","overlay-color":"","overlay-opacity":"","overlay-gradient":""},"mobile":{"background-color":"","background-image":"","background-repeat":"repeat","background-position":"center center","background-size":"auto","background-attachment":"scroll","background-type":"","background-media":"","overlay-type":"","overlay-color":"","overlay-opacity":"","overlay-gradient":""}},"ast-content-background-meta":{"desktop":{"background-color":"var(--ast-global-color-5)","background-image":"","background-repeat":"repeat","background-position":"center center","background-size":"auto","background-attachment":"scroll","background-type":"","background-media":"","overlay-type":"","overlay-color":"","overlay-opacity":"","overlay-gradient":""},"tablet":{"background-color":"var(--ast-global-color-5)","background-image":"","background-repeat":"repeat","background-position":"center center","background-size":"auto","background-attachment":"scroll","background-type":"","background-media":"","overlay-type":"","overlay-color":"","overlay-opacity":"","overlay-gradient":""},"mobile":{"background-color":"var(--ast-global-color-5)","background-image":"","background-repeat":"repeat","background-position":"center center","background-size":"auto","background-attachment":"scroll","background-type":"","background-media":"","overlay-type":"","overlay-color":"","overlay-opacity":"","overlay-gradient":""}},"footnotes":""},"class_list":["post-2281","page","type-page","status-publish","has-post-thumbnail","hentry"],"_links":{"self":[{"href":"https:\/\/www.casadellamedicina.com\/pt-pt\/wp-json\/wp\/v2\/pages\/2281","targetHints":{"allow":["GET"]}}],"collection":[{"href":"https:\/\/www.casadellamedicina.com\/pt-pt\/wp-json\/wp\/v2\/pages"}],"about":[{"href":"https:\/\/www.casadellamedicina.com\/pt-pt\/wp-json\/wp\/v2\/types\/page"}],"author":[{"embeddable":true,"href":"https:\/\/www.casadellamedicina.com\/pt-pt\/wp-json\/wp\/v2\/users\/1"}],"replies":[{"embeddable":true,"href":"https:\/\/www.casadellamedicina.com\/pt-pt\/wp-json\/wp\/v2\/comments?post=2281"}],"version-history":[{"count":1,"href":"https:\/\/www.casadellamedicina.com\/pt-pt\/wp-json\/wp\/v2\/pages\/2281\/revisions"}],"predecessor-version":[{"id":2282,"href":"https:\/\/www.casadellamedicina.com\/pt-pt\/wp-json\/wp\/v2\/pages\/2281\/revisions\/2282"}],"wp:featuredmedia":[{"embeddable":true,"href":"https:\/\/www.casadellamedicina.com\/pt-pt\/wp-json\/wp\/v2\/media\/2160"}],"wp:attachment":[{"href":"https:\/\/www.casadellamedicina.com\/pt-pt\/wp-json\/wp\/v2\/media?parent=2281"}],"curies":[{"name":"wp","href":"https:\/\/api.w.org\/{rel}","templated":true}]}}