{"id":2285,"date":"2024-10-14T19:38:43","date_gmt":"2024-10-14T19:38:43","guid":{"rendered":"https:\/\/www.casadellamedicina.com\/psichedelici\/"},"modified":"2025-02-18T11:42:52","modified_gmt":"2025-02-18T11:42:52","slug":"psichedelici","status":"publish","type":"page","link":"https:\/\/www.casadellamedicina.com\/pt-pt\/psichedelici\/","title":{"rendered":"Psichedelici"},"content":{"rendered":"<div data-block-name=\"woocommerce\/product-category\" data-categories=\"[52]\" class=\"wc-block-grid wp-block-product-category wp-block-woocommerce-product-category wc-block-product-category has-3-columns has-multiple-rows\"><ul class=\"wc-block-grid__products\"><li class=\"wc-block-grid__product\">\r\n                        <a href=\"https:\/\/www.casadellamedicina.com\/pt-pt\/Prodotto\/dmt-5-meo-4-aco\/\" class=\"wc-block-grid__product-link\">\r\n                                <div class=\"wc-block-grid__product-image\"><img fetchpriority=\"high\" decoding=\"async\" width=\"225\" height=\"225\" src=\"https:\/\/www.casadellamedicina.com\/wp-content\/uploads\/2024\/10\/5meo1.jpeg\" class=\"attachment-woocommerce_thumbnail size-woocommerce_thumbnail\" alt=\"Acquistare DMT online\" srcset=\"https:\/\/www.casadellamedicina.com\/wp-content\/uploads\/2024\/10\/5meo1.jpeg 225w, https:\/\/www.casadellamedicina.com\/wp-content\/uploads\/2024\/10\/5meo1-150x150.jpeg 150w, https:\/\/www.casadellamedicina.com\/wp-content\/uploads\/2024\/10\/5meo1-100x100.jpeg 100w\" sizes=\"(max-width: 225px) 100vw, 225px\" \/><\/div>\r\n                                <div class=\"wc-block-grid__product-title\">Dmt ( 5-Meo, 4-AcO )<\/div>\r\n                        <\/a>\r\n                        \r\n                        <div class=\"wc-block-grid__product-price price\"><span class=\"woocommerce-Price-amount amount\" aria-hidden=\"true\"><span class=\"woocommerce-Price-currencySymbol\">&euro;<\/span>11.00<\/span> <span aria-hidden=\"true\">&ndash;<\/span> <span class=\"woocommerce-Price-amount amount\" aria-hidden=\"true\"><span class=\"woocommerce-Price-currencySymbol\">&euro;<\/span>12.00<\/span><span class=\"screen-reader-text\">Price range: &euro;11.00 through &euro;12.00<\/span><\/div>\r\n                        \r\n                        <div class=\"wp-block-button wc-block-grid__product-add-to-cart\"><a href=\"https:\/\/www.casadellamedicina.com\/pt-pt\/Prodotto\/dmt-5-meo-4-aco\/\" aria-label=\"Seleccione as op\u00e7\u00f5es para &ldquo;Dmt ( 5-Meo, 4-AcO )&rdquo;\" data-quantity=\"1\" data-product_id=\"2257\" data-product_sku=\"\" rel=\"nofollow\" class=\"wp-block-button__link add_to_cart_button\">Ver op\u00e7\u00f5es<\/a><\/div>\r\n                <\/li><li class=\"wc-block-grid__product\">\r\n                        <a href=\"https:\/\/www.casadellamedicina.com\/pt-pt\/Prodotto\/lsd-liquido\/\" class=\"wc-block-grid__product-link\">\r\n                                <div class=\"wc-block-grid__product-image\"><img decoding=\"async\" width=\"300\" height=\"300\" src=\"https:\/\/www.casadellamedicina.com\/wp-content\/uploads\/2024\/10\/liquid-lsd-300x300.jpg\" class=\"attachment-woocommerce_thumbnail size-woocommerce_thumbnail\" alt=\"Acquistare LSD liquido\" srcset=\"https:\/\/www.casadellamedicina.com\/wp-content\/uploads\/2024\/10\/liquid-lsd-300x300.jpg 300w, https:\/\/www.casadellamedicina.com\/wp-content\/uploads\/2024\/10\/liquid-lsd-150x150.jpg 150w, https:\/\/www.casadellamedicina.com\/wp-content\/uploads\/2024\/10\/liquid-lsd-100x100.jpg 100w\" sizes=\"(max-width: 300px) 100vw, 300px\" \/><\/div>\r\n                                <div class=\"wc-block-grid__product-title\">LSD liquido<\/div>\r\n                        <\/a>\r\n                        \r\n                        <div class=\"wc-block-grid__product-price price\"><span class=\"woocommerce-Price-amount amount\" aria-hidden=\"true\"><span class=\"woocommerce-Price-currencySymbol\">&euro;<\/span>290.00<\/span> <span aria-hidden=\"true\">&ndash;<\/span> <span class=\"woocommerce-Price-amount amount\" aria-hidden=\"true\"><span class=\"woocommerce-Price-currencySymbol\">&euro;<\/span>700.00<\/span><span class=\"screen-reader-text\">Price range: &euro;290.00 through &euro;700.00<\/span><\/div>\r\n                        \r\n                        <div class=\"wp-block-button wc-block-grid__product-add-to-cart\"><a href=\"https:\/\/www.casadellamedicina.com\/pt-pt\/Prodotto\/lsd-liquido\/\" aria-label=\"Seleccione as op\u00e7\u00f5es para &ldquo;LSD liquido&rdquo;\" data-quantity=\"1\" data-product_id=\"2252\" data-product_sku=\"\" rel=\"nofollow\" class=\"wp-block-button__link add_to_cart_button\">Ver op\u00e7\u00f5es<\/a><\/div>\r\n                <\/li><\/ul><\/div>\n<h1 class=\"wp-block-heading\"><a href=\"https:\/\/medicijnhuis.com\/it\/categoria-prodotto\/acquistare-psichedelici\/\" target=\"_blank\" rel=\"noopener\">O que s\u00e3o psicad\u00e9licos<\/a>?<\/h1>\n\n<p>Compre psicad\u00e9licos online. As drogas psicad\u00e9licas, tamb\u00e9m conhecidas como alucinog\u00e9nios, s\u00e3o amplamente utilizadas recreativamente. Estas drogas melhoram os n\u00edveis de energia, as fun\u00e7\u00f5es mentais e a perce\u00e7\u00e3o sensorial, produzindo at\u00e9 experi\u00eancias m\u00edsticas. Desde os tempos antigos que as pessoas utilizam subst\u00e2ncias psicoativas para melhorar os seus encontros espirituais.   <\/p>\n\n<p>Comprar psicad\u00e9licos online, tamb\u00e9m conhecidos como alucinog\u00e9nios, s\u00e3o uma classe de subst\u00e2ncias psicoativas que alteram a perce\u00e7\u00e3o, o humor e os processos cognitivos. Estas subst\u00e2ncias t\u00eam sido utilizadas h\u00e1 s\u00e9culos em contextos espirituais, terap\u00eauticos e recreativos, induzindo muitas vezes experi\u00eancias profundas e \u00fanicas. Nos \u00faltimos anos, os psicad\u00e9licos t\u00eam recebido um interesse renovado na investiga\u00e7\u00e3o cient\u00edfica pelas suas potenciais aplica\u00e7\u00f5es terap\u00eauticas no tratamento de perturba\u00e7\u00f5es mentais.  <\/p>\n\n<p>As drogas psicad\u00e9licas s\u00e3o uma classe de subst\u00e2ncias qu\u00edmicas que alteram ou melhoram os processos mentais, os n\u00edveis de energia e a experi\u00eancia sensorial. Estes compostos s\u00e3o por vezes chamados de alucinog\u00e9nios ou simplesmente drogas alucinog\u00e9nias. Podem assumir muitas formas diferentes, desde subst\u00e2ncias como o LSD a plantas como o peiote.  <\/p>\n\n<p>Os psicad\u00e9licos afetam todos os sentidos, alterando as perce\u00e7\u00f5es do tempo, as emo\u00e7\u00f5es e os processos de pensamento. Al\u00e9m disso, podem provocar alucina\u00e7\u00f5es, em que a pessoa v\u00ea ou ouve objetos distorcidos ou inexistentes. <\/p>\n\n<h2 class=\"wp-block-heading\">Como s\u00e3o os psicad\u00e9licos? encomendar psicad\u00e9licos online <\/h2>\n\n<p>Os psicad\u00e9licos v\u00eam numa ampla gama de variedades. Alguns encontram-se em plantas como \u00e1rvores, trepadeiras, cogumelos, sementes e folhas. Alguns s\u00e3o criados em laborat\u00f3rio. Est\u00e3o dispon\u00edveis em v\u00e1rias formas, como comprimidos, papel mata-borr\u00e3o, p\u00f3s, p\u00f3s cristalinos e cogumelos secos.   <\/p>\n\n<p>Os psicad\u00e9licos incluem uma vasta gama de subst\u00e2ncias, cada uma com uma estrutura qu\u00edmica e propriedades psicoativas \u00fanicas. Estas subst\u00e2ncias atuam principalmente nos recetores de serotonina no c\u00e9rebro, particularmente no recetor 5-HT2A, provocando altera\u00e7\u00f5es na perce\u00e7\u00e3o, no humor e na cogni\u00e7\u00e3o. Os efeitos dos psicad\u00e9licos podem variar muito, dependendo de fatores como a dosagem, o ambiente (estado mental do utilizador) e as diferen\u00e7as individuais na neuroqu\u00edmica. Comprar lsd l\u00edquido, comprar 1cp lsd online, comprar dmt online   <\/p>\n\n<h2 class=\"wp-block-heading\">Tipos de psicad\u00e9licos. Compra de psicad\u00e9licos. <\/h2>\n\n<p>Antes de comprar psicad\u00e9licos online, \u00e9 uma boa ideia conhecer os diferentes tipos dispon\u00edveis. Abaixo est\u00e1 uma lista de alucinog\u00e9nios normalmente utilizados; <\/p>\n\n<p><strong>LSD<\/strong><\/p>\n\n<p>O LSD (dietilamida do \u00e1cido lis\u00e9rgico), tamb\u00e9m conhecido como \u00e1cido, \u00e9 uma das primeiras subst\u00e2ncias psicad\u00e9licas amplamente utilizadas. O alucinog\u00e9nio semissint\u00e9tico LSD \u00e9 bastante potente. Misture materiais naturais e artificiais. Uma vez que este medicamento aumenta a s\u00edntese e os recetores de serotonina, pode experimentar altera\u00e7\u00f5es significativas na perce\u00e7\u00e3o, no pensamento, na vis\u00e3o e na audi\u00e7\u00e3o. comprar psicad\u00e9licos online, comprar lsd online, comprar lsd em It\u00e1lia, lsd para venda em It\u00e1lia, encomendar lsd online, encomendar psicad\u00e9licos online, psicad\u00e9licos para venda, comprar lsd l\u00edquido, <a href=\"https:\/\/www.casadellamedicina.com\/pt-pt\/Prodotto\/lsd-liquido\/\">comprar lsd l\u00edquido online<\/a>, comprar psicad\u00e9licos online.    <\/p>\n\n<p>Os efeitos dos comprimidos, pastilhas ou gotas de \u00e1cido oral podem ser fortes e durar at\u00e9 12 horas. Em 1948, o \u00e1cido foi introduzido como produto farmac\u00eautico. Na d\u00e9cada de 50, iniciaram-se os ensaios cl\u00ednicos para o tratamento da depress\u00e3o, ansiedade e alcoolismo, com resultados surpreendentes.  <\/p>\n\n<p><strong>DMT (dimetiltriptamina):<\/strong><\/p>\n\n<p>O DMT \u00e9 um poderoso composto psicad\u00e9lico encontrado em algumas plantas e em pequenas quantidades no c\u00e9rebro humano. \u00c9 frequentemente consumido sob a forma de ayahuasca, uma bebida tradicional utilizada em cerim\u00f3nias ind\u00edgenas na regi\u00e3o da Amaz\u00f3nia. O DMT provoca alucina\u00e7\u00f5es visuais e auditivas intensas, frequentemente descritas como experi\u00eancias sobrenaturais ou m\u00edsticas. Temos 5-MeO Dmt e 4-AcO Dmt dispon\u00edveis para venda. 5 meo dmt comprar, dmt comprar, comprar dmt online, comprar 4-aco dmt, dmt para venda, encomendar dmt online.    <\/p>\n\n<p>A dimetiltriptamina, ou DMT, \u00e9 uma subst\u00e2ncia que pode ser sintetizada intencionalmente, mas tamb\u00e9m se encontra naturalmente em humanos, animais e plantas. A vers\u00e3o sint\u00e9tica do DMT \u00e9 conhecida pelo nome de rua Dimitri. <\/p>\n\n<p>Acredita-se que esta droga \u00e9 segura porque \u00e9 utilizada para fins religiosos e \u00e9 uma subst\u00e2ncia natural. Na verdade, o DMT cria uma das experi\u00eancias psicad\u00e9licas mais fortes e \u00e9 classificado como uma subst\u00e2ncia de Tabela I. A maioria dos locais no mundo tem restri\u00e7\u00f5es a esta droga. <\/p>\n\n<p>Algu\u00e9m pode perguntar-se quanto tempo dura o DMT. Depende, porque a sua perce\u00e7\u00e3o do tempo ser\u00e1 alterada pelos poderosos efeitos do DMT. Embora a experi\u00eancia dure geralmente cerca de quinze minutos, o indiv\u00edduo sentir\u00e1 que dura horas. Doses elevadas levam o utilizador a um estado psicad\u00e9lico completo, afastando-o completamente da realidade.   <\/p>\n\n<p><strong>Cogumelos Psicad\u00e9licos<\/strong><\/p>\n\n<p>Psilocibina, tamb\u00e9m conhecida como cogumelo m\u00e1gico ou shroom, \u00e9 o nome deste alucinog\u00e9nio. Desde os tempos pr\u00e9-hist\u00f3ricos que os humanos utilizam uma classe de cogumelos que inclui esta conhecida subst\u00e2ncia psicad\u00e9lica. O OEDT refere que, ap\u00f3s ser consumida no est\u00f4mago, a psilocibina \u00e9 transformada em psilocina. Algumas pessoas podem experimentar alguns dias de consci\u00eancia alterada. Comprar cogumelos psicad\u00e9licos, comprar cogumelos psicad\u00e9licos online, cogumelos psicad\u00e9licos \u00e0 venda, comprar cogumelos m\u00e1gicos online, cogumelos m\u00e1gicos \u00e0 venda online, comprar cogumelos online, cogumelos \u00e0 venda em It\u00e1lia, cogumelos \u00e0 venda em Espanha, cogumelos \u00e0 venda em Portugal, comprar dmt online.    <\/p>\n","protected":false},"excerpt":{"rendered":"<p>O que s\u00e3o psicad\u00e9licos? Compre psicad\u00e9licos online. As drogas psicad\u00e9licas, tamb\u00e9m conhecidas como alucinog\u00e9nios, s\u00e3o amplamente utilizadas recreativamente. Estas drogas melhoram os n\u00edveis de energia, as fun\u00e7\u00f5es mentais e a perce\u00e7\u00e3o sensorial, produzindo at\u00e9 experi\u00eancias m\u00edsticas. Desde os tempos antigos que as pessoas utilizam subst\u00e2ncias psicoativas para melhorar os seus encontros espirituais. Comprar psicad\u00e9licos online, [&hellip;]<\/p>\n","protected":false},"author":1,"featured_media":2164,"parent":0,"menu_order":0,"comment_status":"closed","ping_status":"closed","template":"","meta":{"site-sidebar-layout":"default","site-content-layout":"","ast-site-content-layout":"default","site-content-style":"default","site-sidebar-style":"default","ast-global-header-display":"","ast-banner-title-visibility":"","ast-main-header-display":"","ast-hfb-above-header-display":"","ast-hfb-below-header-display":"","ast-hfb-mobile-header-display":"","site-post-title":"","ast-breadcrumbs-content":"","ast-featured-img":"disabled","footer-sml-layout":"","ast-disable-related-posts":"","theme-transparent-header-meta":"","adv-header-id-meta":"","stick-header-meta":"","header-above-stick-meta":"","header-main-stick-meta":"","header-below-stick-meta":"","astra-migrate-meta-layouts":"default","ast-page-background-enabled":"default","ast-page-background-meta":{"desktop":{"background-color":"","background-image":"","background-repeat":"repeat","background-position":"center center","background-size":"auto","background-attachment":"scroll","background-type":"","background-media":"","overlay-type":"","overlay-color":"","overlay-opacity":"","overlay-gradient":""},"tablet":{"background-color":"","background-image":"","background-repeat":"repeat","background-position":"center center","background-size":"auto","background-attachment":"scroll","background-type":"","background-media":"","overlay-type":"","overlay-color":"","overlay-opacity":"","overlay-gradient":""},"mobile":{"background-color":"","background-image":"","background-repeat":"repeat","background-position":"center center","background-size":"auto","background-attachment":"scroll","background-type":"","background-media":"","overlay-type":"","overlay-color":"","overlay-opacity":"","overlay-gradient":""}},"ast-content-background-meta":{"desktop":{"background-color":"var(--ast-global-color-5)","background-image":"","background-repeat":"repeat","background-position":"center center","background-size":"auto","background-attachment":"scroll","background-type":"","background-media":"","overlay-type":"","overlay-color":"","overlay-opacity":"","overlay-gradient":""},"tablet":{"background-color":"var(--ast-global-color-5)","background-image":"","background-repeat":"repeat","background-position":"center center","background-size":"auto","background-attachment":"scroll","background-type":"","background-media":"","overlay-type":"","overlay-color":"","overlay-opacity":"","overlay-gradient":""},"mobile":{"background-color":"var(--ast-global-color-5)","background-image":"","background-repeat":"repeat","background-position":"center center","background-size":"auto","background-attachment":"scroll","background-type":"","background-media":"","overlay-type":"","overlay-color":"","overlay-opacity":"","overlay-gradient":""}},"footnotes":""},"class_list":["post-2285","page","type-page","status-publish","has-post-thumbnail","hentry"],"_links":{"self":[{"href":"https:\/\/www.casadellamedicina.com\/pt-pt\/wp-json\/wp\/v2\/pages\/2285","targetHints":{"allow":["GET"]}}],"collection":[{"href":"https:\/\/www.casadellamedicina.com\/pt-pt\/wp-json\/wp\/v2\/pages"}],"about":[{"href":"https:\/\/www.casadellamedicina.com\/pt-pt\/wp-json\/wp\/v2\/types\/page"}],"author":[{"embeddable":true,"href":"https:\/\/www.casadellamedicina.com\/pt-pt\/wp-json\/wp\/v2\/users\/1"}],"replies":[{"embeddable":true,"href":"https:\/\/www.casadellamedicina.com\/pt-pt\/wp-json\/wp\/v2\/comments?post=2285"}],"version-history":[{"count":1,"href":"https:\/\/www.casadellamedicina.com\/pt-pt\/wp-json\/wp\/v2\/pages\/2285\/revisions"}],"predecessor-version":[{"id":2286,"href":"https:\/\/www.casadellamedicina.com\/pt-pt\/wp-json\/wp\/v2\/pages\/2285\/revisions\/2286"}],"wp:featuredmedia":[{"embeddable":true,"href":"https:\/\/www.casadellamedicina.com\/pt-pt\/wp-json\/wp\/v2\/media\/2164"}],"wp:attachment":[{"href":"https:\/\/www.casadellamedicina.com\/pt-pt\/wp-json\/wp\/v2\/media?parent=2285"}],"curies":[{"name":"wp","href":"https:\/\/api.w.org\/{rel}","templated":true}]}}