{"id":2240,"date":"2024-10-17T13:17:21","date_gmt":"2024-10-17T13:17:21","guid":{"rendered":"https:\/\/www.casadellamedicina.com\/Prodotto\/mefedrona\/"},"modified":"2024-10-17T13:17:21","modified_gmt":"2024-10-17T13:17:21","slug":"mefedrona","status":"publish","type":"product","link":"https:\/\/www.casadellamedicina.com\/pt-pt\/Prodotto\/mefedrona\/","title":{"rendered":"Mefedrona"},"content":{"rendered":"<h1>Mefedrona | Comprare 4 MMC Online.<\/h1>\n<p>Comprar mefedrona em linha. A mefedrona \u00e9 um estimulante sint\u00e9tico pertencente \u00e0s fam\u00edlias das anfetaminas e das catinonas. \u00c9 tamb\u00e9m chamada 4-metilmetcatinona, 4-MMC e 4-metilfedrona. Drone, M-CAT, White Magic, meow meow e bubble s\u00e3o exemplos de termos coloquiais. Tem semelhan\u00e7as qu\u00edmicas com os produtos qu\u00edmicos da catinona encontrados nas plantas de Khat da \u00c1frica Oriental. Est\u00e1 dispon\u00edvel em comprimidos ou cristais que os utilizadores podem injetar, snifar ou ingerir. Os seus efeitos s\u00e3o compar\u00e1veis aos da coca\u00edna, das anfetaminas e da MDMA. Embora a mefedrona tenha sido sintetizada pela primeira vez em 1929, n\u00e3o era muito conhecida at\u00e9 \u00e0 sua redescoberta em 1999-2000. Nessa altura, a sua produ\u00e7\u00e3o e posse era legal em muitos pa\u00edses. Em 2000, a mefedrona estava alegadamente dispon\u00edvel para venda online, em 2008 era conhecida pelas ag\u00eancias de aplica\u00e7\u00e3o da lei e em 2010 estava amplamente dispon\u00edvel na maior parte da Europa, sendo o Reino Unido o pa\u00eds onde era mais comum. Para al\u00e9m dos seus efeitos estimulantes, a mefedrona tem efeitos adversos, o mais comum dos quais \u00e9 o bruxismo.O metabolismo da mefedrona foi estudado em ratos e humanos, e os metabolitos podem ser encontrados na urina ap\u00f3s o uso. comprar 4-metilmetcatinona online, comprar 3-metilmetcatinona online, comprar 4-metilmetcatinona para venda, comprar 4-metilmetcatinona Austr\u00e1lia, comprar mefedrona online, comprar M-CAT online, comprar miau-miau online, comprar magia branca online, comprar 4-metilmetcatinona online. Na <a href=\"https:\/\/www.casadellamedicina.com\/pt-pt\/\">Casa Della Medicina<\/a> fornecemos aos nossos clientes os medicamentos de melhor qualidade dispon\u00edveis. Os nossos servi\u00e7os s\u00e3o os melhores da ind\u00fastria e, acima de tudo, fornecemos uma entrega fi\u00e1vel e de confian\u00e7a. Os clientes recebem a sua encomenda atempadamente e de forma discreta. Visite-nos hoje para comprar medicamentos de qualidade em It\u00e1lia e na Europa.      <\/p>\n<h2>Comprar mefedrona online em diferentes formas | 4-MMC Comprar.<\/h2>\n<p>A mefedrona est\u00e1 dispon\u00edvel sob a forma de comprimidos, c\u00e1psulas ou p\u00f3 branco, que os utilizadores podem injetar, fumar, snifar, consumir ou utilizar topicamente. Se for tomada por via oral, os utilizadores referem sentir os efeitos em 15-45 minutos; se for snifada, os efeitos come\u00e7am a surgir imediatamente e atingem o seu pico em 30 minutos. Se administrada por via intravenosa, os efeitos desaparecem em meia hora, enquanto persistem durante duas a tr\u00eas horas se for tomada por via oral ou pelo nariz. Tamb\u00e9m \u00e9 ocasionalmente misturada com outras catinonas, como a etcatinona, a butilona, a fluorometacatinona e a metedrona, e vendida no Reino Unido num produto conhecido como bubbles together with methylone. Comprar 4-mmc online, 4-mmc comprar online, comprar mefedrona online, comprar mefedrona online, comprar mefedrona online, 4-mmc comprar uk, 4-mmc para venda. Os efeitos da mefedrona, compar\u00e1veis aos da coca\u00edna, anfetaminas e MDMA e com dura\u00e7\u00e3o vari\u00e1vel consoante a dose, incluem euforia, estimula\u00e7\u00e3o, aumento da aprecia\u00e7\u00e3o da m\u00fasica, humor elevado, diminui\u00e7\u00e3o da hostilidade, melhoria das fun\u00e7\u00f5es mentais e estimula\u00e7\u00e3o sexual ligeira, segundo os utilizadores. De 70 holandeses que consumiram mefedrona, 58 relataram uma experi\u00eancia geralmente positiva, enquanto 12 relataram uma experi\u00eancia desagrad\u00e1vel. Num estudo realizado no Reino Unido, a maioria das pessoas que tinham consumido coca\u00edna no passado referiu que esta subst\u00e2ncia era menos viciante e oferecia um efeito relaxante de maior qualidade e dura\u00e7\u00e3o. <a href=\"https:\/\/www.casadellamedicina.com\/pt-pt\/investigacao-quimica\/\">Meow meow para venda<\/a>, 3 mmc para venda na Austr\u00e1lia, 3 mmc para venda no Canad\u00e1, <a href=\"https:\/\/medicijnhuis.com\/it\/prodotto\/acquistare-mefedrone-online\/\" target=\"_blank\" rel=\"noopener\">3 mmc para venda em portugal<\/a>. <\/p>\n<h4>Efeitos da 4MMC ( Mefedrona ). Encomendar 4-MMC | Comprar mefedrona online. <\/h4>\n<p><strong>Euforia<\/strong>: os utilizadores podem sentir uma sensa\u00e7\u00e3o de felicidade intensa e bem-estar. <strong>Aumento da energia:<\/strong> a mefedrona \u00e9 conhecida por aumentar os n\u00edveis de energia.<strong> Melhoria da sociabilidade:<\/strong> alguns utilizadores relatam um aumento da capacidade de falar e da sociabilidade. <strong>Riscos para a sa\u00fade:<\/strong> o consumo de mefedrona est\u00e1 associado a efeitos adversos para a sa\u00fade, incluindo aumento do ritmo card\u00edaco, aumento da tens\u00e3o arterial e poss\u00edveis complica\u00e7\u00f5es cardiovasculares. <strong>Efeitos psicol\u00f3gicos:<\/strong> Os utilizadores podem sentir ansiedade, paranoia e alucina\u00e7\u00f5es, especialmente em doses elevadas. <strong>Potencial de depend\u00eancia:<\/strong> A mefedrona pode levar \u00e0 depend\u00eancia e ao v\u00edcio, com os utilizadores a desejarem e a procurarem compulsivamente a droga. <strong>Efeitos secund\u00e1rios f\u00edsicos:<\/strong> Outros efeitos secund\u00e1rios f\u00edsicos incluem n\u00e1useas, v\u00f3mitos, dores de cabe\u00e7a e problemas de sono. <strong>Comprometimento cognitivo:<\/strong> A mefedrona pode comprometer as fun\u00e7\u00f5es cognitivas e afetar a mem\u00f3ria, a aten\u00e7\u00e3o e a tomada de decis\u00f5es. Comprar mefedrona online, comprar 4-mmc online, 4-mmc para venda online, mefedrona para venda online, comprar mefedrona online, 4-mmc comprar online, comprar 4-metilfedrona online.<\/p>\n","protected":false},"excerpt":{"rendered":"<p>Mefedrona | Comprare 4 MMC Online. Comprar mefedrona em linha. A mefedrona \u00e9 um estimulante sint\u00e9tico pertencente \u00e0s fam\u00edlias das anfetaminas e das catinonas. \u00c9 tamb\u00e9m chamada 4-metilmetcatinona, 4-MMC e 4-metilfedrona. Drone, M-CAT, White Magic, meow meow e bubble s\u00e3o exemplos de termos coloquiais. Tem semelhan\u00e7as qu\u00edmicas com os produtos qu\u00edmicos da catinona encontrados nas [&hellip;]<\/p>\n","protected":false},"featured_media":1996,"comment_status":"open","ping_status":"closed","template":"","meta":{"site-sidebar-layout":"default","site-content-layout":"","ast-site-content-layout":"default","site-content-style":"default","site-sidebar-style":"default","ast-global-header-display":"","ast-banner-title-visibility":"","ast-main-header-display":"","ast-hfb-above-header-display":"","ast-hfb-below-header-display":"","ast-hfb-mobile-header-display":"","site-post-title":"","ast-breadcrumbs-content":"","ast-featured-img":"","footer-sml-layout":"","ast-disable-related-posts":"","theme-transparent-header-meta":"default","adv-header-id-meta":"","stick-header-meta":"","header-above-stick-meta":"","header-main-stick-meta":"","header-below-stick-meta":"","astra-migrate-meta-layouts":"default","ast-page-background-enabled":"default","ast-page-background-meta":{"desktop":{"background-color":"","background-image":"","background-repeat":"repeat","background-position":"center center","background-size":"auto","background-attachment":"scroll","background-type":"","background-media":"","overlay-type":"","overlay-color":"","overlay-opacity":"","overlay-gradient":""},"tablet":{"background-color":"","background-image":"","background-repeat":"repeat","background-position":"center center","background-size":"auto","background-attachment":"scroll","background-type":"","background-media":"","overlay-type":"","overlay-color":"","overlay-opacity":"","overlay-gradient":""},"mobile":{"background-color":"","background-image":"","background-repeat":"repeat","background-position":"center center","background-size":"auto","background-attachment":"scroll","background-type":"","background-media":"","overlay-type":"","overlay-color":"","overlay-opacity":"","overlay-gradient":""}},"ast-content-background-meta":{"desktop":{"background-color":"var(--ast-global-color-5)","background-image":"","background-repeat":"repeat","background-position":"center center","background-size":"auto","background-attachment":"scroll","background-type":"","background-media":"","overlay-type":"","overlay-color":"","overlay-opacity":"","overlay-gradient":""},"tablet":{"background-color":"var(--ast-global-color-5)","background-image":"","background-repeat":"repeat","background-position":"center center","background-size":"auto","background-attachment":"scroll","background-type":"","background-media":"","overlay-type":"","overlay-color":"","overlay-opacity":"","overlay-gradient":""},"mobile":{"background-color":"var(--ast-global-color-5)","background-image":"","background-repeat":"repeat","background-position":"center center","background-size":"auto","background-attachment":"scroll","background-type":"","background-media":"","overlay-type":"","overlay-color":"","overlay-opacity":"","overlay-gradient":""}}},"product_brand":[],"product_cat":[49],"product_tag":[],"class_list":{"0":"post-2240","1":"product","2":"type-product","3":"status-publish","4":"has-post-thumbnail","6":"product_cat-investigacao-quimica","7":"desktop-align-left","8":"tablet-align-left","9":"mobile-align-left","11":"first","12":"instock","13":"shipping-taxable","14":"purchasable","15":"product-type-simple"},"_links":{"self":[{"href":"https:\/\/www.casadellamedicina.com\/pt-pt\/wp-json\/wp\/v2\/product\/2240","targetHints":{"allow":["GET"]}}],"collection":[{"href":"https:\/\/www.casadellamedicina.com\/pt-pt\/wp-json\/wp\/v2\/product"}],"about":[{"href":"https:\/\/www.casadellamedicina.com\/pt-pt\/wp-json\/wp\/v2\/types\/product"}],"replies":[{"embeddable":true,"href":"https:\/\/www.casadellamedicina.com\/pt-pt\/wp-json\/wp\/v2\/comments?post=2240"}],"wp:featuredmedia":[{"embeddable":true,"href":"https:\/\/www.casadellamedicina.com\/pt-pt\/wp-json\/wp\/v2\/media\/1996"}],"wp:attachment":[{"href":"https:\/\/www.casadellamedicina.com\/pt-pt\/wp-json\/wp\/v2\/media?parent=2240"}],"wp:term":[{"taxonomy":"product_brand","embeddable":true,"href":"https:\/\/www.casadellamedicina.com\/pt-pt\/wp-json\/wp\/v2\/product_brand?post=2240"},{"taxonomy":"product_cat","embeddable":true,"href":"https:\/\/www.casadellamedicina.com\/pt-pt\/wp-json\/wp\/v2\/product_cat?post=2240"},{"taxonomy":"product_tag","embeddable":true,"href":"https:\/\/www.casadellamedicina.com\/pt-pt\/wp-json\/wp\/v2\/product_tag?post=2240"}],"curies":[{"name":"wp","href":"https:\/\/api.w.org\/{rel}","templated":true}]}}