{"id":2248,"date":"2024-10-17T13:54:30","date_gmt":"2024-10-17T13:54:30","guid":{"rendered":"https:\/\/www.casadellamedicina.com\/Prodotto\/a-pvp\/"},"modified":"2024-10-17T13:54:30","modified_gmt":"2024-10-17T13:54:30","slug":"a-pvp","status":"publish","type":"product","link":"https:\/\/www.casadellamedicina.com\/pt-pt\/Prodotto\/a-pvp\/","title":{"rendered":"A-pvp"},"content":{"rendered":"<h1>A-Pyrrolidinopentiophenone | Comprare A-PVP online.<\/h1>\n<p>A-pvp purchase online. Um estimulante sint\u00e9tico da classe das catinonas, \u03b1-pirrolidinopentiofenona (tamb\u00e9m referido como \u03b1-pirrolidinovalerofenona, \u03b1-PVP, O-2387, \u03b2-ceto-prolintano, prolintanona ou desmetilpirrovalerona) foi criado na d\u00e9cada de 1960 e comercializado como uma droga de designer. A \u03b1-PVP \u00e9 o an\u00e1logo cet\u00f3nico do prolintano e tem semelhan\u00e7as qu\u00edmicas com a pirovalerona. \u00c0s vezes \u00e9 chamado de cascalho, flakka ou droga zumbi na linguagem comum. Comprar \u03b1-pirrolidinopentiofenona online, a-pvp para venda, <a href=\"https:\/\/www.casadellamedicina.com\/pt-pt\/investigacao-quimica\/\">comprar alfa pvp<\/a>. No campo da medicina, estimulantes artificiais como o alfa-PVP s\u00e3o usados para tratar v\u00e1rias doen\u00e7as. Est\u00e1 inclu\u00eddo na categoria de pr\u00f3-drogas \u00e0 base de catinona. Como droga artificial, a alfa-PVP foi inicialmente criada para s\u00edntese. Para outros fins, como analg\u00e9sico, ganhou muita popularidade. As pessoas que consomem estupefacientes podem satisfazer o seu desejo com este estimulante artificial. Depois de o produto inicial ter sido lan\u00e7ado em 2000, ganhou popularidade quarenta anos mais tarde. Mas o mais significativo \u00e9 que, nestes anos, nem sequer foi utilizado por uma pequena comunidade de pessoas. Comprar alfa-pirrolidinopentiofenona, alfa-pvp para venda, A-pvp para venda online.    <\/p>\n<h4>Utiliza\u00e7\u00e3o m\u00e9dica de alfa-PVP. Encomenda de A-PVP. <\/h4>\n<p>A alfa-PVP tamb\u00e9m ajuda a mente humana a controlar sentimentos imediatos como a felicidade, a tristeza ou a dor. Este medicamento ajuda a mente a imaginar um quadro normal para funcionar normalmente sem obst\u00e1culos. Desta forma, o alfa-PVP \u00e9 usado para obter al\u00edvio de qualquer tipo de choque. A-pvp comprar online, alpha pvp para venda, encomendar a-pvp online. As pessoas usam esta droga profissional em clubes de dan\u00e7a e bares. Mas tamb\u00e9m \u00e9 usado por prescri\u00e7\u00e3o em alguns tratamentos. Encomendar alpha-pvp, alpha-pvp para venda. Os m\u00e9dicos usam drogas alfa-pvp para tratar pessoas. Seu principal uso \u00e9 para tratar depress\u00e3o e ansiedade. Comprar A-pvp sem receita m\u00e9dica, comprar a-pvp online, comprar alpha-pvp online. Estas s\u00e3o algumas das principais carater\u00edsticas que fazem com que o uso de Alpha-PVP aumente dia a dia. Est\u00e1 se tornando popular em ambos os setores da vida. Voc\u00ea tamb\u00e9m pode comprar outros produtos qu\u00edmicos de pesquisa 3-MMC, 4-MMC ou crystal meth.   <\/p>\n<h3><a href=\"https:\/\/medicijnhuis.com\/it\/prodotto\/acquistare-a-pvp-online\/\" target=\"_blank\" rel=\"noopener\">Onde posso comprar A-PVP<\/a>? Comprar A-PVP online. <\/h3>\n<p>Na <a href=\"https:\/\/www.casadellamedicina.com\/pt-pt\/\">Casa Della Medicina<\/a>, fornecemos aos nossos clientes os medicamentos de melhor qualidade dispon\u00edveis. Os nossos servi\u00e7os s\u00e3o os melhores do sector e, acima de tudo, oferecemos uma entrega fi\u00e1vel e de confian\u00e7a. Os clientes recebem a sua encomenda atempadamente e de forma discreta. Visite-nos hoje para comprar medicamentos de qualidade em It\u00e1lia e na Europa. O Alpha-PVP pertence \u00e0 classe mais popular de pr\u00f3-drogas e \u00e9 amplamente utilizado. A principal raz\u00e3o da sua popularidade \u00e9 a sua elevada pot\u00eancia e rapidez de a\u00e7\u00e3o. Actua diretamente no sistema nervoso central, tal como outros estimulantes.   <\/p>\n","protected":false},"excerpt":{"rendered":"<p>A-Pyrrolidinopentiophenone | Comprare A-PVP online. A-pvp purchase online. Um estimulante sint\u00e9tico da classe das catinonas, \u03b1-pirrolidinopentiofenona (tamb\u00e9m referido como \u03b1-pirrolidinovalerofenona, \u03b1-PVP, O-2387, \u03b2-ceto-prolintano, prolintanona ou desmetilpirrovalerona) foi criado na d\u00e9cada de 1960 e comercializado como uma droga de designer. A \u03b1-PVP \u00e9 o an\u00e1logo cet\u00f3nico do prolintano e tem semelhan\u00e7as qu\u00edmicas com a pirovalerona. \u00c0s [&hellip;]<\/p>\n","protected":false},"featured_media":2073,"comment_status":"open","ping_status":"closed","template":"","meta":{"site-sidebar-layout":"default","site-content-layout":"","ast-site-content-layout":"default","site-content-style":"default","site-sidebar-style":"default","ast-global-header-display":"","ast-banner-title-visibility":"","ast-main-header-display":"","ast-hfb-above-header-display":"","ast-hfb-below-header-display":"","ast-hfb-mobile-header-display":"","site-post-title":"","ast-breadcrumbs-content":"","ast-featured-img":"","footer-sml-layout":"","ast-disable-related-posts":"","theme-transparent-header-meta":"default","adv-header-id-meta":"","stick-header-meta":"","header-above-stick-meta":"","header-main-stick-meta":"","header-below-stick-meta":"","astra-migrate-meta-layouts":"default","ast-page-background-enabled":"default","ast-page-background-meta":{"desktop":{"background-color":"","background-image":"","background-repeat":"repeat","background-position":"center center","background-size":"auto","background-attachment":"scroll","background-type":"","background-media":"","overlay-type":"","overlay-color":"","overlay-opacity":"","overlay-gradient":""},"tablet":{"background-color":"","background-image":"","background-repeat":"repeat","background-position":"center center","background-size":"auto","background-attachment":"scroll","background-type":"","background-media":"","overlay-type":"","overlay-color":"","overlay-opacity":"","overlay-gradient":""},"mobile":{"background-color":"","background-image":"","background-repeat":"repeat","background-position":"center center","background-size":"auto","background-attachment":"scroll","background-type":"","background-media":"","overlay-type":"","overlay-color":"","overlay-opacity":"","overlay-gradient":""}},"ast-content-background-meta":{"desktop":{"background-color":"var(--ast-global-color-5)","background-image":"","background-repeat":"repeat","background-position":"center center","background-size":"auto","background-attachment":"scroll","background-type":"","background-media":"","overlay-type":"","overlay-color":"","overlay-opacity":"","overlay-gradient":""},"tablet":{"background-color":"var(--ast-global-color-5)","background-image":"","background-repeat":"repeat","background-position":"center center","background-size":"auto","background-attachment":"scroll","background-type":"","background-media":"","overlay-type":"","overlay-color":"","overlay-opacity":"","overlay-gradient":""},"mobile":{"background-color":"var(--ast-global-color-5)","background-image":"","background-repeat":"repeat","background-position":"center center","background-size":"auto","background-attachment":"scroll","background-type":"","background-media":"","overlay-type":"","overlay-color":"","overlay-opacity":"","overlay-gradient":""}}},"product_brand":[],"product_cat":[49],"product_tag":[],"class_list":{"0":"post-2248","1":"product","2":"type-product","3":"status-publish","4":"has-post-thumbnail","6":"product_cat-investigacao-quimica","7":"desktop-align-left","8":"tablet-align-left","9":"mobile-align-left","11":"first","12":"instock","13":"shipping-taxable","14":"purchasable","15":"product-type-simple"},"_links":{"self":[{"href":"https:\/\/www.casadellamedicina.com\/pt-pt\/wp-json\/wp\/v2\/product\/2248","targetHints":{"allow":["GET"]}}],"collection":[{"href":"https:\/\/www.casadellamedicina.com\/pt-pt\/wp-json\/wp\/v2\/product"}],"about":[{"href":"https:\/\/www.casadellamedicina.com\/pt-pt\/wp-json\/wp\/v2\/types\/product"}],"replies":[{"embeddable":true,"href":"https:\/\/www.casadellamedicina.com\/pt-pt\/wp-json\/wp\/v2\/comments?post=2248"}],"wp:featuredmedia":[{"embeddable":true,"href":"https:\/\/www.casadellamedicina.com\/pt-pt\/wp-json\/wp\/v2\/media\/2073"}],"wp:attachment":[{"href":"https:\/\/www.casadellamedicina.com\/pt-pt\/wp-json\/wp\/v2\/media?parent=2248"}],"wp:term":[{"taxonomy":"product_brand","embeddable":true,"href":"https:\/\/www.casadellamedicina.com\/pt-pt\/wp-json\/wp\/v2\/product_brand?post=2248"},{"taxonomy":"product_cat","embeddable":true,"href":"https:\/\/www.casadellamedicina.com\/pt-pt\/wp-json\/wp\/v2\/product_cat?post=2248"},{"taxonomy":"product_tag","embeddable":true,"href":"https:\/\/www.casadellamedicina.com\/pt-pt\/wp-json\/wp\/v2\/product_tag?post=2248"}],"curies":[{"name":"wp","href":"https:\/\/api.w.org\/{rel}","templated":true}]}}