{"id":2249,"date":"2024-10-18T03:38:52","date_gmt":"2024-10-18T03:38:52","guid":{"rendered":"https:\/\/www.casadellamedicina.com\/Prodotto\/cocaina\/"},"modified":"2024-10-18T03:38:52","modified_gmt":"2024-10-18T03:38:52","slug":"cocaina","status":"publish","type":"product","link":"https:\/\/www.casadellamedicina.com\/pt-pt\/Prodotto\/cocaina\/","title":{"rendered":"Cocaina"},"content":{"rendered":"<h1>O que \u00e9 a coca\u00edna? Comprar coca\u00edna perto de mim. <\/h1>\n<p>Comprar coca\u00edna online. A coca\u00edna, uma subst\u00e2ncia altamente viciante, \u00e9 obtida a partir das folhas da planta da coca, que cresce na Am\u00e9rica do Sul. A maioria das pessoas s\u00f3 pode obt\u00ea-la ilegalmente e algumas utilizam-na como sedativo. Ocasionalmente, \u00e9 tamb\u00e9m prescrita como medicamento para ser utilizado como anest\u00e9sico durante determinados procedimentos cir\u00fargicos. \u00c9 produzida a partir das folhas da planta do arbusto da coca, Erythroxylon coca (E. coca), que cresce nas terras altas da Cordilheira dos Andes na Am\u00e9rica do Sul e tamb\u00e9m \u00e9 chamada de Trusted Source. Comprar coca\u00edna online, comprar coca\u00edna na Austr\u00e1lia, comprar coca\u00edna no Canad\u00e1, comprar crack coca\u00edna perto de mim, comprar coca\u00edna online, comprar coca\u00edna online, comprar coca\u00edna online, comprar coca\u00edna online. \u00c9 o estimulante natural mais forte que existe. Nove miligramas de coca\u00edna foram adicionados a cada copo de Coca-Cola quando esta foi produzida pela primeira vez. A bebida ainda cont\u00e9m o aroma da coca, apesar de este ingrediente ter sido eliminado em 1903. A primeira vez que a coca\u00edna foi utilizada como anest\u00e9sico numa cirurgia ocular foi pelo oftalmologista austr\u00edaco Karl Koller, em 1884. At\u00e9 ao in\u00edcio do s\u00e9culo XX, foi um anest\u00e9sico popular e frequentemente utilizado.   <\/p>\n<h2>Comprar Coca\u00edna Online | Como comprar coca\u00edna.<\/h2>\n<p>O que \u00e9 a coca\u00edna crack? \u00c9 uma forma de coca\u00edna \u00e0 qual foi retirado o cloridrato para poder ser fumada, conhecida nas ruas como \u201ccrack\u201d. Quando a mistura \u00e9 aquecida, produz um som crepitante, da\u00ed o nome. Os produtores de crack utilizam \u00e1gua, bicarbonato de s\u00f3dio e amon\u00edaco; o cloridrato \u00e9 removido atrav\u00e9s do aquecimento da mistura. S\u00e3o administradas grandes quantidades de coca\u00edna ao fumador de crack. Tal como acontece com a coca\u00edna injet\u00e1vel, o efeito \u00e9 forte e quase instant\u00e2neo, mas a \u201cmoca\u201d dura apenas cerca de cinco minutos. Na <a href=\"https:\/\/www.casadellamedicina.com\/pt-pt\/\">Casa Della Medicina<\/a>, fornecemos aos nossos clientes os medicamentos de melhor qualidade dispon\u00edveis. Os nossos servi\u00e7os s\u00e3o os melhores do sector e, acima de tudo, oferecemos uma entrega fi\u00e1vel e de confian\u00e7a. Os clientes recebem a sua encomenda atempadamente e de forma discreta. Visite-nos hoje para comprar medicamentos de qualidade em It\u00e1lia e na Europa. <\/p>\n<h2>Como \u00e9 que a Coca\u00edna \u00e9 usada? Comprar Crack Coca\u00edna Online. <\/h2>\n<p>A coca\u00edna em p\u00f3 \u00e9 esfregada nas gengivas ou inalada pelo nariz. Algumas pessoas injectam o p\u00f3 na corrente sangu\u00ednea depois de o dissolverem. Por vezes, a coca\u00edna e a hero\u00edna s\u00e3o injectadas em conjunto, o que tamb\u00e9m se designa por \u201cspeedballs\u201d. As pessoas fumam crack cocaine. Cocaine purchase, cocaine for sale online, order cocaine online, buy cocaine online.    <\/p>\n<h3>Quais s\u00e3o os efeitos imediatos da coca\u00edna?<\/h3>\n<p>A coca\u00edna \u00e9 um estimulante que pode dar ao utilizador uma maior sensa\u00e7\u00e3o de energia e de alerta. No entanto, em algumas pessoas pode tamb\u00e9m causar agita\u00e7\u00e3o, irrita\u00e7\u00e3o, ansiedade e paranoia. O consumo excessivo de coca\u00edna pode provocar comportamentos estranhos, err\u00e1ticos e violentos.  <\/p>\n<p><a href=\"https:\/\/pentobarbital.blog\/product\/buy-cocaine-online\" target=\"_blank\" rel=\"noopener\">Utiliza\u00e7\u00e3o recreativa de coca\u00edna<\/a><\/p>\n<p>Como droga recreativa, a coca\u00edna \u00e9 conhecida pelos nomes p\u00f3, neve, esqui, macio, sopro, pista, coca, p\u00f3 de marcha, benzoilmetilecgonina e rebu\u00e7ado para o nariz. Apresenta-se normalmente como um material esbranqui\u00e7ado e volumoso ou como um p\u00f3 branco cristalino. Quando em p\u00f3, cont\u00e9m normalmente cloridrato de coca\u00edna dilu\u00eddo, juntamente com outros ingredientes, como lactose, inositol, manitol e lidoca\u00edna, um anest\u00e9sico local. Ao \u201cesticar\u201d a quantidade de coca\u00edna pura a ser oferecida, o vendedor de droga pode aumentar a sua margem de lucro diluindo a droga. Coca\u00edna comprar online, <a href=\"https:\/\/www.casadellamedicina.com\/pt-pt\/investigacao-quimica\/\">encomendar coca\u00edna online<\/a>, coca\u00edna para venda online, comprar coca\u00edna online. A coca\u00edna pode ser consumida atrav\u00e9s de snifagem ou inala\u00e7\u00e3o pelo nariz. Entra na corrente sangu\u00ednea atrav\u00e9s dos tecidos nasais.<br \/>\npor inje\u00e7\u00e3o, que a liberta diretamente na corrente sangu\u00ednea<br \/>\nfumando ou inalando para os pulm\u00f5es, onde entra rapidamente na corrente sangu\u00ednea <\/p>\n","protected":false},"excerpt":{"rendered":"<p>95% de pureza<br \/>\nPara grandes encomendas, contacte-nos para obter um desconto.<\/p>\n","protected":false},"featured_media":2079,"comment_status":"open","ping_status":"closed","template":"","meta":{"site-sidebar-layout":"default","site-content-layout":"","ast-site-content-layout":"default","site-content-style":"default","site-sidebar-style":"default","ast-global-header-display":"","ast-banner-title-visibility":"","ast-main-header-display":"","ast-hfb-above-header-display":"","ast-hfb-below-header-display":"","ast-hfb-mobile-header-display":"","site-post-title":"","ast-breadcrumbs-content":"","ast-featured-img":"","footer-sml-layout":"","ast-disable-related-posts":"","theme-transparent-header-meta":"default","adv-header-id-meta":"","stick-header-meta":"","header-above-stick-meta":"","header-main-stick-meta":"","header-below-stick-meta":"","astra-migrate-meta-layouts":"default","ast-page-background-enabled":"default","ast-page-background-meta":{"desktop":{"background-color":"","background-image":"","background-repeat":"repeat","background-position":"center center","background-size":"auto","background-attachment":"scroll","background-type":"","background-media":"","overlay-type":"","overlay-color":"","overlay-opacity":"","overlay-gradient":""},"tablet":{"background-color":"","background-image":"","background-repeat":"repeat","background-position":"center center","background-size":"auto","background-attachment":"scroll","background-type":"","background-media":"","overlay-type":"","overlay-color":"","overlay-opacity":"","overlay-gradient":""},"mobile":{"background-color":"","background-image":"","background-repeat":"repeat","background-position":"center center","background-size":"auto","background-attachment":"scroll","background-type":"","background-media":"","overlay-type":"","overlay-color":"","overlay-opacity":"","overlay-gradient":""}},"ast-content-background-meta":{"desktop":{"background-color":"var(--ast-global-color-5)","background-image":"","background-repeat":"repeat","background-position":"center center","background-size":"auto","background-attachment":"scroll","background-type":"","background-media":"","overlay-type":"","overlay-color":"","overlay-opacity":"","overlay-gradient":""},"tablet":{"background-color":"var(--ast-global-color-5)","background-image":"","background-repeat":"repeat","background-position":"center center","background-size":"auto","background-attachment":"scroll","background-type":"","background-media":"","overlay-type":"","overlay-color":"","overlay-opacity":"","overlay-gradient":""},"mobile":{"background-color":"var(--ast-global-color-5)","background-image":"","background-repeat":"repeat","background-position":"center center","background-size":"auto","background-attachment":"scroll","background-type":"","background-media":"","overlay-type":"","overlay-color":"","overlay-opacity":"","overlay-gradient":""}}},"product_brand":[],"product_cat":[49],"product_tag":[],"class_list":{"0":"post-2249","1":"product","2":"type-product","3":"status-publish","4":"has-post-thumbnail","6":"product_cat-investigacao-quimica","7":"desktop-align-left","8":"tablet-align-left","9":"mobile-align-left","11":"first","12":"instock","13":"shipping-taxable","14":"purchasable","15":"product-type-simple"},"_links":{"self":[{"href":"https:\/\/www.casadellamedicina.com\/pt-pt\/wp-json\/wp\/v2\/product\/2249","targetHints":{"allow":["GET"]}}],"collection":[{"href":"https:\/\/www.casadellamedicina.com\/pt-pt\/wp-json\/wp\/v2\/product"}],"about":[{"href":"https:\/\/www.casadellamedicina.com\/pt-pt\/wp-json\/wp\/v2\/types\/product"}],"replies":[{"embeddable":true,"href":"https:\/\/www.casadellamedicina.com\/pt-pt\/wp-json\/wp\/v2\/comments?post=2249"}],"wp:featuredmedia":[{"embeddable":true,"href":"https:\/\/www.casadellamedicina.com\/pt-pt\/wp-json\/wp\/v2\/media\/2079"}],"wp:attachment":[{"href":"https:\/\/www.casadellamedicina.com\/pt-pt\/wp-json\/wp\/v2\/media?parent=2249"}],"wp:term":[{"taxonomy":"product_brand","embeddable":true,"href":"https:\/\/www.casadellamedicina.com\/pt-pt\/wp-json\/wp\/v2\/product_brand?post=2249"},{"taxonomy":"product_cat","embeddable":true,"href":"https:\/\/www.casadellamedicina.com\/pt-pt\/wp-json\/wp\/v2\/product_cat?post=2249"},{"taxonomy":"product_tag","embeddable":true,"href":"https:\/\/www.casadellamedicina.com\/pt-pt\/wp-json\/wp\/v2\/product_tag?post=2249"}],"curies":[{"name":"wp","href":"https:\/\/api.w.org\/{rel}","templated":true}]}}