{"id":2252,"date":"2024-10-18T09:18:05","date_gmt":"2024-10-18T09:18:05","guid":{"rendered":"https:\/\/www.casadellamedicina.com\/Prodotto\/lsd-liquido\/"},"modified":"2024-10-18T09:18:05","modified_gmt":"2024-10-18T09:18:05","slug":"lsd-liquido","status":"publish","type":"product","link":"https:\/\/www.casadellamedicina.com\/pt-pt\/Prodotto\/lsd-liquido\/","title":{"rendered":"LSD liquido"},"content":{"rendered":"<h1>Comprar LSD 25 | Compra LSD l\u00edquido online.<\/h1>\n<p>Comprar LSD l\u00edquido online. O alucinog\u00e9nio altamente potente \u00e1cido lis\u00e9rgico dietilamida (LSD) foi produzido pela primeira vez em 1938. O cogumelo da cravagem, que cresce no centeio e noutros cereais, cont\u00e9m \u00e1cido lis\u00e9rgico, que \u00e9 usado para o produzir artificialmente. As doses s\u00e3o frequentemente da ordem dos microgramas, devido \u00e0 sua extrema pot\u00eancia. Uma \u201ctrip\u201d, como \u00e9 vulgarmente chamada, pode ser excitante, agrad\u00e1vel e transformadora da mente, ou pode resultar numa experi\u00eancia desagrad\u00e1vel, por vezes aterradora, conhecida como \u201cbad trip\u201d. Quando o LSD \u00e9 produzido na forma cristalina, \u00e9 combinado com outras subst\u00e2ncias inertes ou dilu\u00eddo para se transformar num l\u00edquido que pode ser consumido. Tem um sabor ligeiramente amargo e n\u00e3o tem cor nem cheiro.    <\/p>\n<h2><a href=\"https:\/\/pentobarbital.blog\/buy-psychedelics-online\/\" target=\"_blank\" rel=\"noopener\">Compra LSD online<\/a> em diferentes formas.<\/h2>\n<p>O LSD pode geralmente ser encontrado na rua sob diversas formas: O tipo mais popular \u00e9 o papel mata-borr\u00e3o, que consiste em LSD embebido em folhas coloridas de papel mata-borr\u00e3o e depois dividido em pequenas unidades de dosagem individuais.<br \/>\nOs quadrados estreitos de gelatina s\u00e3o frequentemente designados por \u201cvidros de janela\u201d.<br \/>\nsob a forma de comprimidos (muitas vezes min\u00fasculos, chamados micropontos) ou c\u00e1psulas<br \/>\nl\u00edquido em cubos de a\u00e7\u00facar<br \/>\nestado l\u00edquido n\u00e3o adulterado (talvez bastante forte) Algumas pessoas podem tomar LSD injectando-o numa veia ou inalando-o pelo nariz. \u00c9 imposs\u00edvel estimar a quantidade de LSD, sob qualquer forma, que pode ser ingerida. Outros alucinog\u00e9nios incluem: Psilocibina (encontrada em cogumelos m\u00e1gicos e fungos)<br \/>\nMescalina (bot\u00f5es, cactos, peiote)<br \/>\nfenciclidina (p\u00f3 de formiga, PCP)<br \/>\nayahuasca com DMT<br \/>\nA planta Salvia divinorum<\/p>\n<h2>Acquistare LSD liquido online: Acquistare la Dietilamide dell&#8217;Acido Lisergico.<\/h2>\n<p>Comprando LSD online, o LSD Blotters \u00e9 uma droga da moda acompanhada por uma s\u00e9rie de compostos de investiga\u00e7\u00e3o que t\u00eam uma liga\u00e7\u00e3o com a hist\u00f3ria do ALD-52 e outros nomes not\u00e1veis do LSD. O LSD l\u00edquido \u00e9 adquirido por especialistas para utiliza\u00e7\u00e3o na investiga\u00e7\u00e3o, no desporto e na medicina. Para al\u00e9m do LSD, temos dispon\u00edveis para entrega produtos psicad\u00e9licos de qualidade a baixo custo que pode encomendar agora e que ser\u00e3o entregues na sua morada de forma r\u00e1pida e discreta. Estes produtos incluem: NN Dmt, 5-MeO Dmt, 4-ACO Dmt, trolley Dmt, ketamina, cogumelo m\u00e1gico, s\u00f3 para citar alguns. As qualidades psicoactivas do LSD tornam-no irrefut\u00e1vel tanto para os trabalhadores como para as autoridades. Muitos clientes habituais optam por comprar lsd para sentir satisfa\u00e7\u00e3o, excita\u00e7\u00e3o, manuten\u00e7\u00e3o da energia e aumento da atividade sexual. Lsd for sale online, lsd comprar online, order liquid lsd online, liquid lsd for sale online, purchase lsd. Enquanto fornecedor sem rival, a nossa associa\u00e7\u00e3o procura ativamente parcerias com associa\u00e7\u00f5es chinesas sinceras. Est\u00e1 autorizada a comercializar sais de duche do mais alto calibre e perfei\u00e7\u00e3o. O LSD \u00e9 misturado de acordo com todos os requisitos e sob rigorosa observa\u00e7\u00e3o. Sem d\u00favida, o pre\u00e7o mais fant\u00e1stico no maior site para comprar lsd, comprar lsd microdosing, e comprar lsd online est\u00e1 dispon\u00edvel para a informa\u00e7\u00e3o mais actualizada e fi\u00e1vel. <\/p>\n<h3>LSD 25: Efeitos do uso de LSD | 1P LSD Comprar online.<\/h3>\n<p>O LSD \u00e9 uma subst\u00e2ncia psicoactiva. Pensa-se que os efeitos alucinog\u00e9nios t\u00edpicos do LSD s\u00e3o causados por uma intera\u00e7\u00e3o com os receptores de serotonina no c\u00e9rebro. A serotonina \u00e9 um neurotransmissor que dirige os sentidos, modera os pensamentos e ajuda a regular o comportamento e o humor. Comprar LSD online agora, 1p lsd para venda, comprar 1p-lsd, comprar lsd 25 online, <a href=\"https:\/\/www.casadellamedicina.com\/psichedelici\/\">comprar lsd-25 online<\/a>, comprar liquid lsd Australia, comprar liquid lsd Uk, comprar lsd online USA. Cada pessoa reage de forma diferente ao LSD l\u00edquido e ningu\u00e9m pode prever se ter\u00e1 uma &#8216;viagem&#8217; positiva ou negativa. Quando tomada por via oral, a droga come\u00e7a a atuar 30 a 45 minutos ap\u00f3s a ingest\u00e3o, atinge o pico entre duas e quatro horas depois e pode continuar at\u00e9 doze horas. Quando administrada por via intravenosa (IV), os efeitos ocorrem muito mais rapidamente, normalmente em menos de dez minutos. Os efeitos incluem alucina\u00e7\u00f5es<br \/>\nperce\u00e7\u00e3o visual distorcida de formas e cores<br \/>\nsons alterados<br \/>\nansiedade e depress\u00e3o<br \/>\nflashbacks (retorno da experi\u00eancia da \u201cviagem\u201d) dias ou meses depois<br \/>\nbatimento card\u00edaco acelerado, aumento da temperatura corporal e da press\u00e3o arterial<br \/>\npupilas dilatadas Podem ocorrer altera\u00e7\u00f5es graves de humor. Se consumida em quantidades suficientes, a droga provoca alucina\u00e7\u00f5es visuais e del\u00edrios. Uma sobredosagem pode causar psicose grave. Uma vez que o LSD n\u00e3o tem uma dose letal conhecida, a maioria das mortes ocorre devido a les\u00f5es f\u00edsicas sofridas sob a influ\u00eancia da droga.   <\/p>\n","protected":false},"excerpt":{"rendered":"<p>Comprar LSD 25 | Compra LSD l\u00edquido online. Comprar LSD l\u00edquido online. O alucinog\u00e9nio altamente potente \u00e1cido lis\u00e9rgico dietilamida (LSD) foi produzido pela primeira vez em 1938. O cogumelo da cravagem, que cresce no centeio e noutros cereais, cont\u00e9m \u00e1cido lis\u00e9rgico, que \u00e9 usado para o produzir artificialmente. As doses s\u00e3o frequentemente da ordem dos [&hellip;]<\/p>\n","protected":false},"featured_media":2089,"comment_status":"open","ping_status":"closed","template":"","meta":{"site-sidebar-layout":"default","site-content-layout":"","ast-site-content-layout":"default","site-content-style":"default","site-sidebar-style":"default","ast-global-header-display":"","ast-banner-title-visibility":"","ast-main-header-display":"","ast-hfb-above-header-display":"","ast-hfb-below-header-display":"","ast-hfb-mobile-header-display":"","site-post-title":"","ast-breadcrumbs-content":"","ast-featured-img":"","footer-sml-layout":"","ast-disable-related-posts":"","theme-transparent-header-meta":"default","adv-header-id-meta":"","stick-header-meta":"","header-above-stick-meta":"","header-main-stick-meta":"","header-below-stick-meta":"","astra-migrate-meta-layouts":"default","ast-page-background-enabled":"default","ast-page-background-meta":{"desktop":{"background-color":"","background-image":"","background-repeat":"repeat","background-position":"center center","background-size":"auto","background-attachment":"scroll","background-type":"","background-media":"","overlay-type":"","overlay-color":"","overlay-opacity":"","overlay-gradient":""},"tablet":{"background-color":"","background-image":"","background-repeat":"repeat","background-position":"center center","background-size":"auto","background-attachment":"scroll","background-type":"","background-media":"","overlay-type":"","overlay-color":"","overlay-opacity":"","overlay-gradient":""},"mobile":{"background-color":"","background-image":"","background-repeat":"repeat","background-position":"center center","background-size":"auto","background-attachment":"scroll","background-type":"","background-media":"","overlay-type":"","overlay-color":"","overlay-opacity":"","overlay-gradient":""}},"ast-content-background-meta":{"desktop":{"background-color":"var(--ast-global-color-5)","background-image":"","background-repeat":"repeat","background-position":"center center","background-size":"auto","background-attachment":"scroll","background-type":"","background-media":"","overlay-type":"","overlay-color":"","overlay-opacity":"","overlay-gradient":""},"tablet":{"background-color":"var(--ast-global-color-5)","background-image":"","background-repeat":"repeat","background-position":"center center","background-size":"auto","background-attachment":"scroll","background-type":"","background-media":"","overlay-type":"","overlay-color":"","overlay-opacity":"","overlay-gradient":""},"mobile":{"background-color":"var(--ast-global-color-5)","background-image":"","background-repeat":"repeat","background-position":"center center","background-size":"auto","background-attachment":"scroll","background-type":"","background-media":"","overlay-type":"","overlay-color":"","overlay-opacity":"","overlay-gradient":""}}},"product_brand":[],"product_cat":[52],"product_tag":[],"class_list":{"0":"post-2252","1":"product","2":"type-product","3":"status-publish","4":"has-post-thumbnail","6":"product_cat-psicadelicos","7":"desktop-align-left","8":"tablet-align-left","9":"mobile-align-left","11":"first","12":"instock","13":"shipping-taxable","14":"purchasable","15":"product-type-variable"},"_links":{"self":[{"href":"https:\/\/www.casadellamedicina.com\/pt-pt\/wp-json\/wp\/v2\/product\/2252","targetHints":{"allow":["GET"]}}],"collection":[{"href":"https:\/\/www.casadellamedicina.com\/pt-pt\/wp-json\/wp\/v2\/product"}],"about":[{"href":"https:\/\/www.casadellamedicina.com\/pt-pt\/wp-json\/wp\/v2\/types\/product"}],"replies":[{"embeddable":true,"href":"https:\/\/www.casadellamedicina.com\/pt-pt\/wp-json\/wp\/v2\/comments?post=2252"}],"wp:featuredmedia":[{"embeddable":true,"href":"https:\/\/www.casadellamedicina.com\/pt-pt\/wp-json\/wp\/v2\/media\/2089"}],"wp:attachment":[{"href":"https:\/\/www.casadellamedicina.com\/pt-pt\/wp-json\/wp\/v2\/media?parent=2252"}],"wp:term":[{"taxonomy":"product_brand","embeddable":true,"href":"https:\/\/www.casadellamedicina.com\/pt-pt\/wp-json\/wp\/v2\/product_brand?post=2252"},{"taxonomy":"product_cat","embeddable":true,"href":"https:\/\/www.casadellamedicina.com\/pt-pt\/wp-json\/wp\/v2\/product_cat?post=2252"},{"taxonomy":"product_tag","embeddable":true,"href":"https:\/\/www.casadellamedicina.com\/pt-pt\/wp-json\/wp\/v2\/product_tag?post=2252"}],"curies":[{"name":"wp","href":"https:\/\/api.w.org\/{rel}","templated":true}]}}