{"id":2256,"date":"2024-10-25T11:03:56","date_gmt":"2024-10-25T11:03:56","guid":{"rendered":"https:\/\/www.casadellamedicina.com\/Prodotto\/cetamina-em-po\/"},"modified":"2024-10-25T11:03:56","modified_gmt":"2024-10-25T11:03:56","slug":"cetamina-em-po","status":"publish","type":"product","link":"https:\/\/www.casadellamedicina.com\/pt-pt\/Prodotto\/cetamina-em-po\/","title":{"rendered":"Cetamina em p\u00f3"},"content":{"rendered":"<h1>Comprar cetamina em p\u00f3 online<\/h1>\n<p>Comprar cetamina em p\u00f3 online. Uma vez que a <a href=\"https:\/\/pentobarbital.blog\/product\/buy-ketamine-online\" target=\"_blank\" rel=\"noopener\">cetamina <\/a>\u00e9 um anest\u00e9sico dissociativo, prejudica a capacidade de perce\u00e7\u00e3o da informa\u00e7\u00e3o sensorial. Nos EUA, tem sido utilizada tanto por humanos como por animais desde a d\u00e9cada de 1970. Pode ser utilizada como anest\u00e9sico geral e sedativo durante a cirurgia, bem como para aliviar a dor e provocar uma perda de mem\u00f3ria tempor\u00e1ria. Uma vez que n\u00e3o abranda a respira\u00e7\u00e3o nem baixa a tens\u00e3o arterial, \u00e9 um anest\u00e9sico mais seguro. \u00c9 tamb\u00e9m \u00fatil nos pa\u00edses em desenvolvimento porque n\u00e3o requer equipamento de monitoriza\u00e7\u00e3o do doente. Comprar cetamina em p\u00f3 online, <a href=\"https:\/\/www.casadellamedicina.com\/pt-pt\/Prodotto\/injecao-de-cetamina\/\">comprar cetamina para inje\u00e7\u00e3o<\/a>, cetamina para venda. Oferece al\u00edvio a muitos pacientes que anteriormente n\u00e3o haviam respondido a nada. Quando a cetamina funciona, o medicamento actua em poucas horas e n\u00e3o em semanas, o que a torna particularmente promissora para os doentes que tentam suicidar-se. A cetamina tamb\u00e9m interage com os receptores opi\u00f3ides e monoamin\u00e9rgicos, que contribuem para os efeitos antinociceptivos deste medicamento. A cetamina tem sido utilizada medicinalmente como ingrediente de um creme t\u00f3pico para al\u00edvio da dor devido \u00e0 sua capacidade de bloquear os receptores N-metil-D-aspartato (NMDA), o que tem demonstrado contribuir para a redu\u00e7\u00e3o da perce\u00e7\u00e3o da dor e para a redu\u00e7\u00e3o da experi\u00eancia da dor. Embora os utilizadores possam ser algo cautelosos quanto \u00e0 interrup\u00e7\u00e3o abrupta da ingest\u00e3o de cetamina, normalmente n\u00e3o h\u00e1 qualquer dano em faz\u00ea-lo. H\u00e1 quem considere que a cetamina causa depend\u00eancia psicol\u00f3gica, embora n\u00e3o seja dependente do ponto de vista m\u00e9dico (um utilizador regular ou de longa dura\u00e7\u00e3o pode deixar de tomar cetamina sem necessitar de assist\u00eancia m\u00e9dica).   <\/p>\n<h2>Comprar cetamina em p\u00f3 online.<\/h2>\n<p>A maioria das pessoas associa provavelmente a cetamina a uma \u201cdroga de discoteca\u201d ou a um tranquilizante para animais. Na realidade, tem uma vasta gama de outras aplica\u00e7\u00f5es, incluindo a anestesia e o al\u00edvio da dor e, mais recentemente, o tratamento da depress\u00e3o, da perturba\u00e7\u00e3o obsessiva compulsiva, da perturba\u00e7\u00e3o de stress p\u00f3s-traum\u00e1tico e de outras condi\u00e7\u00f5es de sa\u00fade mental. Continue a ler para saber mais sobre este medicamento e onde comprar cetamina. Temos toda a informa\u00e7\u00e3o de que necessita. Comprar cetamina em p\u00f3 online, comprar cetamina online. Embora a cetamina possa ser abusada e tenha propriedades viciantes, ela tamb\u00e9m tem uma infinidade de usos valiosos. Desde a ajuda a soldados feridos no terreno at\u00e9 ao fornecimento de op\u00e7\u00f5es anest\u00e9sicas seguras para o tratamento da depress\u00e3o e de outros problemas de sa\u00fade mental, a cetamina \u00e9 uma droga vers\u00e1til. Se pretende comprar cetamina online, consulte o nosso s\u00edtio Web para ver os nossos produtos. Fornecemos embalagens discretas e enviamos para sua casa. Comprar cetamina l\u00edquida online, comprar cetamina para inje\u00e7\u00e3o, cetamina em p\u00f3 para venda, encomendar cetamina em p\u00f3 online, comprar cetamina online, comprar cetamina It\u00e1lia, comprar cetamina Espanha, comprar cetamina Austr\u00e1lia, comprar cetamina Alemanha e outras drogas psicad\u00e9licas online na Casa Della Medicina.    <\/p>\n<h3>Para que \u00e9 utilizada a cetamina?<\/h3>\n<p>Comprar cetamina online s\u00f3 deve ser poss\u00edvel se sofrer de uma condi\u00e7\u00e3o m\u00e9dica. Vejamos os tratamentos para esta droga; Analg\u00e9sico: Durante a Guerra do Vietname, a cetamina era o anest\u00e9sico, sedativo e analg\u00e9sico mais utilizado. Os m\u00e9dicos de combate podiam administr\u00e1-la no terreno porque era dif\u00edcil chegar a instala\u00e7\u00f5es m\u00e9dicas adequadas em selvas remotas. Uma vez que n\u00e3o tem qualquer efeito sobre a fun\u00e7\u00e3o respirat\u00f3ria, os m\u00e9dicos podiam sedar os soldados feridos. Tamb\u00e9m \u00e9 transportado e utilizado no terreno pelos m\u00e9dicos dos Navy SEAL. Para al\u00e9m dos benef\u00edcios j\u00e1 mencionados, tamb\u00e9m pode aumentar a press\u00e3o sangu\u00ednea e o ritmo card\u00edaco de um soldado, reduzindo a perda de sangue. Tratamento da depress\u00e3o e outras doen\u00e7as mentais: Um spray nasal de cetamina foi aprovado pelo FDA em 2019 para uso por pessoas com depress\u00e3o que n\u00e3o respondem ao tratamento. Antes de a cetamina receber a aprova\u00e7\u00e3o da FDA, a pesquisa revelou que era um tratamento bem-sucedido para pessoas deprimidas que n\u00e3o respondiam aos antidepressivos convencionais. No prazo de 24 horas ap\u00f3s o in\u00edcio do tratamento, quase metade dos doentes que participaram em estudos controlados relataram melhorias nos seus sintomas de depress\u00e3o. A cetamina tem um efeito diferente dos antidepressivos t\u00edpicos, pelo que funciona bem em pessoas para as quais a medica\u00e7\u00e3o falhou. Tamb\u00e9m pode ajudar a restaurar os danos cerebrais causados pelas hormonas do stress cr\u00f3nico. O excesso de cortisol e outros qu\u00edmicos produzidos pelo organismo em resposta ao stress podem danificar o c\u00e9rebro. Estes danos podem ser tratados com cetamina. Encomendar cetamina em p\u00f3 online, comprar cetamina em p\u00f3, comprar cetamina em p\u00f3, cetamina para venda online. A cetamina est\u00e1 a ser estudada em alguns ensaios cl\u00ednicos como um poss\u00edvel tratamento para a dor, depress\u00e3o, transtorno bipolar, dist\u00farbios do sono e PTSD. Na d\u00e9cada de 2000, os investigadores come\u00e7aram a investigar a utiliza\u00e7\u00e3o da cetamina como tratamento para a perturba\u00e7\u00e3o depressiva major (MDD). A cetamina intravenosa misturada com midazolam foi utilizada para sedar gatos.2. A cetamina pode reduzir os efeitos da dor atrav\u00e9s da inibi\u00e7\u00e3o dos receptores NMDA no sistema nervoso central. A cetamina tem o potencial de induzir um efeito transformador quando administrada para outros fins que n\u00e3o a anestesia. <\/p>\n<p>&nbsp;<\/p>\n","protected":false},"excerpt":{"rendered":"<p>Comprar cetamina em p\u00f3 online Comprar cetamina em p\u00f3 online. Uma vez que a cetamina \u00e9 um anest\u00e9sico dissociativo, prejudica a capacidade de perce\u00e7\u00e3o da informa\u00e7\u00e3o sensorial. Nos EUA, tem sido utilizada tanto por humanos como por animais desde a d\u00e9cada de 1970. Pode ser utilizada como anest\u00e9sico geral e sedativo durante a cirurgia, bem [&hellip;]<\/p>\n","protected":false},"featured_media":2115,"comment_status":"open","ping_status":"closed","template":"","meta":{"site-sidebar-layout":"default","site-content-layout":"","ast-site-content-layout":"default","site-content-style":"default","site-sidebar-style":"default","ast-global-header-display":"","ast-banner-title-visibility":"","ast-main-header-display":"","ast-hfb-above-header-display":"","ast-hfb-below-header-display":"","ast-hfb-mobile-header-display":"","site-post-title":"","ast-breadcrumbs-content":"","ast-featured-img":"","footer-sml-layout":"","ast-disable-related-posts":"","theme-transparent-header-meta":"default","adv-header-id-meta":"","stick-header-meta":"","header-above-stick-meta":"","header-main-stick-meta":"","header-below-stick-meta":"","astra-migrate-meta-layouts":"default","ast-page-background-enabled":"default","ast-page-background-meta":{"desktop":{"background-color":"","background-image":"","background-repeat":"repeat","background-position":"center center","background-size":"auto","background-attachment":"scroll","background-type":"","background-media":"","overlay-type":"","overlay-color":"","overlay-opacity":"","overlay-gradient":""},"tablet":{"background-color":"","background-image":"","background-repeat":"repeat","background-position":"center center","background-size":"auto","background-attachment":"scroll","background-type":"","background-media":"","overlay-type":"","overlay-color":"","overlay-opacity":"","overlay-gradient":""},"mobile":{"background-color":"","background-image":"","background-repeat":"repeat","background-position":"center center","background-size":"auto","background-attachment":"scroll","background-type":"","background-media":"","overlay-type":"","overlay-color":"","overlay-opacity":"","overlay-gradient":""}},"ast-content-background-meta":{"desktop":{"background-color":"var(--ast-global-color-5)","background-image":"","background-repeat":"repeat","background-position":"center center","background-size":"auto","background-attachment":"scroll","background-type":"","background-media":"","overlay-type":"","overlay-color":"","overlay-opacity":"","overlay-gradient":""},"tablet":{"background-color":"var(--ast-global-color-5)","background-image":"","background-repeat":"repeat","background-position":"center center","background-size":"auto","background-attachment":"scroll","background-type":"","background-media":"","overlay-type":"","overlay-color":"","overlay-opacity":"","overlay-gradient":""},"mobile":{"background-color":"var(--ast-global-color-5)","background-image":"","background-repeat":"repeat","background-position":"center center","background-size":"auto","background-attachment":"scroll","background-type":"","background-media":"","overlay-type":"","overlay-color":"","overlay-opacity":"","overlay-gradient":""}}},"product_brand":[],"product_cat":[49],"product_tag":[],"class_list":{"0":"post-2256","1":"product","2":"type-product","3":"status-publish","4":"has-post-thumbnail","6":"product_cat-investigacao-quimica","7":"desktop-align-left","8":"tablet-align-left","9":"mobile-align-left","11":"first","12":"instock","13":"shipping-taxable","14":"purchasable","15":"product-type-simple"},"_links":{"self":[{"href":"https:\/\/www.casadellamedicina.com\/pt-pt\/wp-json\/wp\/v2\/product\/2256","targetHints":{"allow":["GET"]}}],"collection":[{"href":"https:\/\/www.casadellamedicina.com\/pt-pt\/wp-json\/wp\/v2\/product"}],"about":[{"href":"https:\/\/www.casadellamedicina.com\/pt-pt\/wp-json\/wp\/v2\/types\/product"}],"replies":[{"embeddable":true,"href":"https:\/\/www.casadellamedicina.com\/pt-pt\/wp-json\/wp\/v2\/comments?post=2256"}],"wp:featuredmedia":[{"embeddable":true,"href":"https:\/\/www.casadellamedicina.com\/pt-pt\/wp-json\/wp\/v2\/media\/2115"}],"wp:attachment":[{"href":"https:\/\/www.casadellamedicina.com\/pt-pt\/wp-json\/wp\/v2\/media?parent=2256"}],"wp:term":[{"taxonomy":"product_brand","embeddable":true,"href":"https:\/\/www.casadellamedicina.com\/pt-pt\/wp-json\/wp\/v2\/product_brand?post=2256"},{"taxonomy":"product_cat","embeddable":true,"href":"https:\/\/www.casadellamedicina.com\/pt-pt\/wp-json\/wp\/v2\/product_cat?post=2256"},{"taxonomy":"product_tag","embeddable":true,"href":"https:\/\/www.casadellamedicina.com\/pt-pt\/wp-json\/wp\/v2\/product_tag?post=2256"}],"curies":[{"name":"wp","href":"https:\/\/api.w.org\/{rel}","templated":true}]}}