{"id":2257,"date":"2024-10-25T11:25:28","date_gmt":"2024-10-25T11:25:28","guid":{"rendered":"https:\/\/www.casadellamedicina.com\/Prodotto\/dmt-5-meo-4-aco\/"},"modified":"2024-10-25T11:25:28","modified_gmt":"2024-10-25T11:25:28","slug":"dmt-5-meo-4-aco","status":"publish","type":"product","link":"https:\/\/www.casadellamedicina.com\/pt-pt\/Prodotto\/dmt-5-meo-4-aco\/","title":{"rendered":"Dmt ( 5-Meo, 4-AcO )"},"content":{"rendered":"<h1>Comprar dimetiltriptamina online.<\/h1>\n<p>Comprar DMT online. O DMT \u00e9 uma subst\u00e2ncia psicad\u00e9lica natural que pertence \u00e0 fam\u00edlia das triptaminas. Quimicamente, \u00e9 semelhante \u00e0 serotonina, um neurotransmissor encontrado no c\u00e9rebro humano. A<a href=\"https:\/\/pentobarbital.blog\/product\/buy-dmt-online\" target=\"_blank\" rel=\"noopener\"> DMT<\/a> encontra-se em v\u00e1rias plantas e tamb\u00e9m pode ser sintetizada artificialmente. Compra dmt online, vende dmt online, compra dmt uk, compra nn dmt online. Voc\u00ea tamb\u00e9m pode comprar mdma ou mefedrona online na House Of Medicine. Compre drogas psicad\u00e9licas online hoje com entrega r\u00e1pida e confi\u00e1vel. Dimetiltriptamina, ou DMT para abreviar, \u00e9 uma droga psicod\u00e9lica que ganhou popularidade nos \u00faltimos anos. Esta mol\u00e9cula tem atra\u00eddo muita aten\u00e7\u00e3o devido aos seus fortes efeitos psicad\u00e9licos e \u00e0 sua reputa\u00e7\u00e3o de induzir experi\u00eancias transcendentais. Encontra-se nas plantas e na gl\u00e2ndula pineal dos mam\u00edferos. Encomendar dmt online, dmt para venda online, compra de dmt.      <\/p>\n<h2>Onde comprar 4 AcO DMT online.<\/h2>\n<p>Comprar 4 AcO DMT online. Quimicamente, a 4 AcO DMT, tamb\u00e9m conhecida como 4 Acetoxi N,N-dimetiltriptamina, \u00e9 uma mol\u00e9cula sint\u00e9tica com semelhan\u00e7as \u00e0 psilocibina, o principal ingrediente da \u201ccarne do pesco\u00e7o\u201d. Devido \u00e0 subst\u00e2ncia qu\u00edmica que induz o corpo a produzir, com efeitos compar\u00e1veis aos da psilocibina, \u00e9 frequentemente referida como um pr\u00f3-f\u00e1rmaco da psilocibina. 4-aco dmt para venda online, encomenda DMT. Compre drogas psicad\u00e9licas online no Pentobarbital Blog, o vendedor online mais fi\u00e1vel e confi\u00e1vel de produtos psicad\u00e9licos na Europa, Reino Unido, EUA, Austr\u00e1lia.    <\/p>\n<h3>Comprar 4-AcO Dmt online | Comprar DMT online.<\/h3>\n<p>Os efeitos do 4 AcO DMT s\u00e3o frequentemente comparados aos dos cogumelos psilocibina, mas podem ser observadas diferen\u00e7as subtis. Os indiv\u00edduos podem experimentar v\u00e1rios encontros subjectivos, incluindo euforia, acontecimentos espirituais ou m\u00edsticos e uma maior sensibilidade emocional. A dura\u00e7\u00e3o e a intensidade destes efeitos variam, mas normalmente atingem o seu pico ap\u00f3s algumas horas. \u00c9 consumida por via oral em p\u00f3 ou em c\u00e1psulas; a dosagem e as experi\u00eancias individuais podem variar em fun\u00e7\u00e3o de factores como as carater\u00edsticas pessoais ou os n\u00edveis de toler\u00e2ncia. Tal como acontece com outras subst\u00e2ncias psicad\u00e9licas. 4-AcO DMT para venda, 4-aco dmt comprar online, <a href=\"https:\/\/www.casadellamedicina.com\/pt-pt\/psichedelici\/\">4 aco dmt comprar online<\/a>. <\/p>\n<h2>Onde posso comprar 5-MeO Dmt online.<\/h2>\n<p>Comprar 5 MeO Dmt online. O 5-MeO DMT, tamb\u00e9m conhecido como 5-metoxi-N, N-dimetiltriptamina, \u00e9 um ente\u00f3geno e psicad\u00e9lico potente e relativamente desconhecido da classe das triptaminas. Est\u00e1 presente no veneno de uma \u00fanica esp\u00e9cie de sapo alucinog\u00e9nio (Bufo Alvares) e numa vasta gama de esp\u00e9cies vegetais. Durante milhares de anos, os xam\u00e3s sul-americanos utilizaram-na como ente\u00f3geno, tal como os seus parentes pr\u00f3ximos DMT e bufotenina (5-HO-DMT). Atualmente, no entanto, a forma mais comum de a obter \u00e9 sob a forma de um p\u00f3 sint\u00e9tico, que pode ser encontrado na Internet em revendedores de produtos qu\u00edmicos de investiga\u00e7\u00e3o. A 5-MeO-DMT \u00e9 uma droga injet\u00e1vel, inal\u00e1vel ou vaporiz\u00e1vel, ativa a partir de 2 mg quando tomada na forma sint\u00e9tica ou pura. Quando combinado com um IMAO, o 5-Meo-DMT \u00e9 ativo quando tomado por via oral; no entanto, muitos relat\u00f3rios indicam que esta combina\u00e7\u00e3o tem frequentemente uma carga corporal significativa e tende a ser muito desagrad\u00e1vel. Comprar 5-meo dmt It\u00e1lia, Comprar 5-meo dmt Espanha, Comprar 5-meo dmt online.    <\/p>\n<h3>Comprar 5 MeO Dmt Online<\/h3>\n<p>A classe das triptaminas inclui o composto alcaloide em anel 5-metoxi-N substitu\u00eddo por indol, a N-dimetiltriptamina. A estrutura central de todas as triptaminas \u00e9 constitu\u00edda por um heterociclo de indol bic\u00edclico ligado a R3 a um grupo amina terminal por uma cadeia lateral de etilo. A 5-MeO-DMT tem dois grupos metilo CH3 ligados \u00e0 amina RN-terminal da sua estrutura de triptamina (DMT); tem tamb\u00e9m um grupo funcional metoxi (MeO) substitu\u00eddo por CH3O em R5 do seu heterociclo ind\u00f3lico. O an\u00e1logo met\u00edlico N-substitu\u00eddo do 5-MeO-MiPT \u00e9 o 5-MeO DMT Online, mas tem efeitos muito diferentes. \u00c9 importante notar que o 5-MeO-DMT, tal como o DMT, est\u00e1 classificado como subst\u00e2ncia controlada em muitos pa\u00edses. A sua utiliza\u00e7\u00e3o pode acarretar riscos, incluindo poss\u00edvel desconforto psicol\u00f3gico, reac\u00e7\u00f5es de p\u00e2nico e desconforto f\u00edsico. Comprar 5-Meo dmt, encomendar dmt, comprar nn dmt online. Temos uma variedade de drogas psicad\u00e9licas dispon\u00edveis na Casa Della Medicina, fa\u00e7a a sua encomenda agora e assegure uma entrega discreta e garantida. \u00c9 aconselh\u00e1vel abordar o 5-MeO-DMT com cautela e num ambiente seguro e de apoio se optar por explorar os seus efeitos. 5-MeO dmt em p\u00f3 para venda, 5-meo dmt para venda Como com qualquer subst\u00e2ncia psicad\u00e9lica, \u00e9 essencial colocar a seguran\u00e7a, o ambiente e as implica\u00e7\u00f5es legais em primeiro lugar antes de decidir usar o 5-MeO-DMT ou outras subst\u00e2ncias semelhantes.   <\/p>\n<p>&nbsp;<\/p>\n","protected":false},"excerpt":{"rendered":"<p>Comprar dimetiltriptamina online. Comprar DMT online. O DMT \u00e9 uma subst\u00e2ncia psicad\u00e9lica natural que pertence \u00e0 fam\u00edlia das triptaminas. Quimicamente, \u00e9 semelhante \u00e0 serotonina, um neurotransmissor encontrado no c\u00e9rebro humano. A DMT encontra-se em v\u00e1rias plantas e tamb\u00e9m pode ser sintetizada artificialmente. Compra dmt online, vende dmt online, compra dmt uk, compra nn dmt online. [&hellip;]<\/p>\n","protected":false},"featured_media":2117,"comment_status":"open","ping_status":"closed","template":"","meta":{"site-sidebar-layout":"default","site-content-layout":"","ast-site-content-layout":"default","site-content-style":"default","site-sidebar-style":"default","ast-global-header-display":"","ast-banner-title-visibility":"","ast-main-header-display":"","ast-hfb-above-header-display":"","ast-hfb-below-header-display":"","ast-hfb-mobile-header-display":"","site-post-title":"","ast-breadcrumbs-content":"","ast-featured-img":"","footer-sml-layout":"","ast-disable-related-posts":"","theme-transparent-header-meta":"default","adv-header-id-meta":"","stick-header-meta":"","header-above-stick-meta":"","header-main-stick-meta":"","header-below-stick-meta":"","astra-migrate-meta-layouts":"default","ast-page-background-enabled":"default","ast-page-background-meta":{"desktop":{"background-color":"","background-image":"","background-repeat":"repeat","background-position":"center center","background-size":"auto","background-attachment":"scroll","background-type":"","background-media":"","overlay-type":"","overlay-color":"","overlay-opacity":"","overlay-gradient":""},"tablet":{"background-color":"","background-image":"","background-repeat":"repeat","background-position":"center center","background-size":"auto","background-attachment":"scroll","background-type":"","background-media":"","overlay-type":"","overlay-color":"","overlay-opacity":"","overlay-gradient":""},"mobile":{"background-color":"","background-image":"","background-repeat":"repeat","background-position":"center center","background-size":"auto","background-attachment":"scroll","background-type":"","background-media":"","overlay-type":"","overlay-color":"","overlay-opacity":"","overlay-gradient":""}},"ast-content-background-meta":{"desktop":{"background-color":"var(--ast-global-color-5)","background-image":"","background-repeat":"repeat","background-position":"center center","background-size":"auto","background-attachment":"scroll","background-type":"","background-media":"","overlay-type":"","overlay-color":"","overlay-opacity":"","overlay-gradient":""},"tablet":{"background-color":"var(--ast-global-color-5)","background-image":"","background-repeat":"repeat","background-position":"center center","background-size":"auto","background-attachment":"scroll","background-type":"","background-media":"","overlay-type":"","overlay-color":"","overlay-opacity":"","overlay-gradient":""},"mobile":{"background-color":"var(--ast-global-color-5)","background-image":"","background-repeat":"repeat","background-position":"center center","background-size":"auto","background-attachment":"scroll","background-type":"","background-media":"","overlay-type":"","overlay-color":"","overlay-opacity":"","overlay-gradient":""}}},"product_brand":[],"product_cat":[52],"product_tag":[],"class_list":{"0":"post-2257","1":"product","2":"type-product","3":"status-publish","4":"has-post-thumbnail","6":"product_cat-psicadelicos","7":"desktop-align-left","8":"tablet-align-left","9":"mobile-align-left","11":"first","12":"instock","13":"shipping-taxable","14":"purchasable","15":"product-type-variable"},"_links":{"self":[{"href":"https:\/\/www.casadellamedicina.com\/pt-pt\/wp-json\/wp\/v2\/product\/2257","targetHints":{"allow":["GET"]}}],"collection":[{"href":"https:\/\/www.casadellamedicina.com\/pt-pt\/wp-json\/wp\/v2\/product"}],"about":[{"href":"https:\/\/www.casadellamedicina.com\/pt-pt\/wp-json\/wp\/v2\/types\/product"}],"replies":[{"embeddable":true,"href":"https:\/\/www.casadellamedicina.com\/pt-pt\/wp-json\/wp\/v2\/comments?post=2257"}],"wp:featuredmedia":[{"embeddable":true,"href":"https:\/\/www.casadellamedicina.com\/pt-pt\/wp-json\/wp\/v2\/media\/2117"}],"wp:attachment":[{"href":"https:\/\/www.casadellamedicina.com\/pt-pt\/wp-json\/wp\/v2\/media?parent=2257"}],"wp:term":[{"taxonomy":"product_brand","embeddable":true,"href":"https:\/\/www.casadellamedicina.com\/pt-pt\/wp-json\/wp\/v2\/product_brand?post=2257"},{"taxonomy":"product_cat","embeddable":true,"href":"https:\/\/www.casadellamedicina.com\/pt-pt\/wp-json\/wp\/v2\/product_cat?post=2257"},{"taxonomy":"product_tag","embeddable":true,"href":"https:\/\/www.casadellamedicina.com\/pt-pt\/wp-json\/wp\/v2\/product_tag?post=2257"}],"curies":[{"name":"wp","href":"https:\/\/api.w.org\/{rel}","templated":true}]}}