{"id":2260,"date":"2024-10-30T08:49:48","date_gmt":"2024-10-30T08:49:48","guid":{"rendered":"https:\/\/www.casadellamedicina.com\/Prodotto\/oxicodona\/"},"modified":"2024-10-30T08:49:48","modified_gmt":"2024-10-30T08:49:48","slug":"oxicodona","status":"publish","type":"product","link":"https:\/\/www.casadellamedicina.com\/pt-pt\/Prodotto\/oxicodona\/","title":{"rendered":"oxicodona"},"content":{"rendered":"<h1>Oxicodona para venda.<\/h1>\n<p>Oxycodone purchase online. Para o tratamento da dor moderada a grave, este medicamento combinado \u00e9 usado. Oxycodone cont\u00e9m acetaminofeno, um analg\u00e9sico n\u00e3o opi\u00f3ide, e oxicodona, um analg\u00e9sico opi\u00f3ide. A perce\u00e7\u00e3o e a rea\u00e7\u00e3o do organismo \u00e0 dor podem ser alteradas pela a\u00e7\u00e3o da oxicodona no c\u00e9rebro. Al\u00e9m disso, o acetaminofeno ajuda a baixar a febre. A oxicodona \u00e9 prescrita devido aos seus potentes efeitos analg\u00e9sicos, que a tornam eficaz na redu\u00e7\u00e3o da dor associada a les\u00f5es, cirurgia e doen\u00e7as cr\u00f3nicas como o cancro. O medicamento \u00e9 frequentemente utilizado quando outros analg\u00e9sicos se revelam insuficientes, proporcionando aos doentes um al\u00edvio duradouro. Este medicamento \u00e9 utilizado para aliviar a dor moderada a grave. Actua ao n\u00edvel do c\u00e9rebro, alterando a forma como o corpo percebe e responde \u00e0 dor.    <\/p>\n<h2><a href=\"https:\/\/medicijnhuis.com\/it\/prodotto\/acquistare-ossicodone-online\/\" target=\"_blank\" rel=\"noopener\">Onde comprar oxicodona.<\/a><\/h2>\n<p>Comprar oxicodona online. A oxicodona \u00e9 quimicamente definida como 4,5a-epoxi-14-hidroxi-3-metoxi-17-metilmorfina-6-ona e est\u00e1 dispon\u00edvel em v\u00e1rias formas, incluindo liberta\u00e7\u00e3o imediata e liberta\u00e7\u00e3o sustentada. A oxicodona \u00e9 um opi\u00f3ide semi-sint\u00e9tico derivado da teba\u00edna, um alcaloide encontrado na planta da papoila do \u00f3pio. Est\u00e1 classificada como uma subst\u00e2ncia controlada da lista II devido ao seu elevado risco de abuso e depend\u00eancia. A droga actua como um depressor do sistema nervoso central e \u00e9 usada principalmente para tratar a dor moderada a grave. Comprar oxicodona online, comprar oxicodona fi\u00e1vel. A oxicodona \u00e9 prescrita devido aos seus poderosos efeitos analg\u00e9sicos, que a tornam eficaz na redu\u00e7\u00e3o da dor associada a les\u00f5es, cirurgia e doen\u00e7as cr\u00f3nicas como o cancro. O medicamento \u00e9 frequentemente utilizado quando outros <a href=\"https:\/\/www.casadellamedicina.com\/pt-pt\/analgesicos\/\">analg\u00e9sicos<\/a> se revelam insuficientes, proporcionando aos doentes um al\u00edvio duradouro. Este medicamento \u00e9 utilizado para aliviar a dor moderada a grave. Actua ao n\u00edvel do c\u00e9rebro para alterar a forma como o corpo sente e responde \u00e0 dor. <\/p>\n<h2>Como usar oxycodone | comprar oxycodone 10 mg online.<\/h2>\n<p>Administre este medicamento por via oral, conforme prescrito pelo seu m\u00e9dico. Este medicamento pode ser utilizado com ou sem alimentos. Tomar este medicamento com alimentos pode ser \u00fatil em casos de n\u00e1useas. Pergunte ao seu m\u00e9dico ou farmac\u00eautico sobre outras estrat\u00e9gias para reduzir as n\u00e1useas (por exemplo, deitar-se durante uma ou duas horas com o m\u00ednimo movimento poss\u00edvel da cabe\u00e7a). At\u00e9 o seu m\u00e9dico ou farmac\u00eautico lhe dizer que \u00e9 seguro faz\u00ea-lo, evite comer toranja ou sumo de toranja enquanto estiver a tomar este medicamento. A probabilidade de efeitos adversos deste medicamento pode aumentar se consumir toranja. Consulte o seu m\u00e9dico ou farmac\u00eautico para mais informa\u00e7\u00f5es. Se estiver a tomar este medicamento na forma l\u00edquida, me\u00e7a com precis\u00e3o a dose recomendada com um dispositivo de medi\u00e7\u00e3o farmac\u00eautico. Uma colher dom\u00e9stica pode n\u00e3o fornecer a dosagem correta, por isso evite us\u00e1-la. A dosagem \u00e9 determinada pelo estado de sa\u00fade e pela resposta ao tratamento. Tomar o medicamento conforme indicado; n\u00e3o aumentar a dose nem tom\u00e1-lo com maior frequ\u00eancia. Quando indicado, interromper a toma do medicamento o mais rapidamente poss\u00edvel.   <\/p>\n<h3><b>Encomendar oxicodona online. Comprar oxicodona online <\/b><\/h3>\n<p>Tomar oxicodona por via oral apenas como prescrito pelo seu m\u00e9dico. O medicamento pode ser tomado com ou sem alimentos. Se ocorrerem n\u00e1useas, pode ser \u00fatil tomar o medicamento com alimentos. Engolir o medicamento inteiro com bastante \u00e1gua. Este comprimido n\u00e3o deve ser administrado atrav\u00e9s de um tubo de alimenta\u00e7\u00e3o. Este comprimido, mesmo que esmagado ou dissolvido, ir\u00e1 obstruir o tubo de alimenta\u00e7\u00e3o. N\u00e3o esmague, mastigue ou dissolva os comprimidos antes de os tomar. buy oxycodone online, buy oxycodone online, oxycodone online sale, order oxycodone online. Evite comer toranja ou beber sumo de toranja enquanto estiver a tomar este medicamento, a menos que o seu m\u00e9dico ou farmac\u00eautico lhe diga que \u00e9 seguro faz\u00ea-lo. Este medicamento pode aumentar o risco de efeitos secund\u00e1rios. Oxycodone para venda. A dosagem depende da condi\u00e7\u00e3o m\u00e9dica e da resposta ao tratamento. N\u00e3o salte uma dose, n\u00e3o tome o medicamento com mais frequ\u00eancia e n\u00e3o o tome durante mais tempo do que o prescrito. N\u00e3o tome o medicamento mais vezes do que o prescrito. Oxycodone purchase online, oxycodone purchase online. Os analg\u00e9sicos funcionam melhor quando utilizados quando surgem os primeiros sinais de dor. Se esperar que a dor se agrave, o medicamento pode n\u00e3o ser eficaz. Se a dor for constante (como no caso do cancro), o m\u00e9dico pode tamb\u00e9m administrar medicamentos opi\u00f3ides de a\u00e7\u00e3o prolongada. Neste caso, este medicamento s\u00f3 pode ser utilizado em caso de dores s\u00fabitas, se necess\u00e1rio. Para al\u00e9m deste medicamento, podem ser prescritos outros analg\u00e9sicos (como o acetaminofeno e o ibuprofeno). Pergunte ao seu m\u00e9dico ou farmac\u00eautico sobre a utiliza\u00e7\u00e3o segura da oxicodona em combina\u00e7\u00e3o com outros medicamentos. A interrup\u00e7\u00e3o abrupta deste medicamento pode causar abstin\u00eancia, especialmente se estiver a tom\u00e1-lo h\u00e1 muito tempo ou em doses elevadas. Para evitar a abstin\u00eancia, o seu m\u00e9dico pode reduzir lentamente a dose.  <\/p>\n<h3>Efeitos secund\u00e1rios de Oxicodona | Comprar oxicodona 30mg Online.<\/h3>\n<p>Podem ocorrer sintomas como tonturas, vertigens, obstipa\u00e7\u00e3o, n\u00e1useas ou sonol\u00eancia. Ap\u00f3s algum tempo a tomar o medicamento, alguns destes efeitos secund\u00e1rios podem desaparecer. Informe imediatamente o seu m\u00e9dico ou farmac\u00eautico se algum destes efeitos secund\u00e1rios persistir ou se agravar. Para evitar a obstipa\u00e7\u00e3o, consuma fibras alimentares, beba bastante \u00e1gua e fa\u00e7a exerc\u00edcio f\u00edsico. Al\u00e9m disso, pode ser necess\u00e1rio tomar um laxante. Consulte o seu farmac\u00eautico para saber qual o tipo de laxante mais indicado para si. Ao levantar-se de uma posi\u00e7\u00e3o sentada ou deitada, fa\u00e7a-o com cuidado para reduzir a possibilidade de tonturas e vertigens. Comprar oxycodone 10 mg online, comprar oxycodone, comprar oxycodone 80 mg online, comprar oxycodone hcl, comprar oxycodone 30 mg online. Se sentir quaisquer efeitos secund\u00e1rios graves, como apneia do sono, altera\u00e7\u00f5es mentais ou de humor, dor intensa no est\u00f4mago ou abd\u00f3men, dificuldade em urinar ou sinais de mau funcionamento das gl\u00e2ndulas supra-renais (como perda de apetite, cansa\u00e7o invulgar ou perda de peso), informe imediatamente o seu m\u00e9dico. buy oxycodone online, buy oxycodone 20mg online, buy oxycodone online. Se sentir quaisquer efeitos adversos realmente significativos, tais como desmaios, convuls\u00f5es, respira\u00e7\u00e3o superficial ou lenta, sonol\u00eancia extrema ou dificuldade em acordar, procure imediatamente assist\u00eancia m\u00e9dica.  <\/p>\n<p>&nbsp;<\/p>\n","protected":false},"excerpt":{"rendered":"<p>Oxicodona para venda. Oxycodone purchase online. Para o tratamento da dor moderada a grave, este medicamento combinado \u00e9 usado. Oxycodone cont\u00e9m acetaminofeno, um analg\u00e9sico n\u00e3o opi\u00f3ide, e oxicodona, um analg\u00e9sico opi\u00f3ide. A perce\u00e7\u00e3o e a rea\u00e7\u00e3o do organismo \u00e0 dor podem ser alteradas pela a\u00e7\u00e3o da oxicodona no c\u00e9rebro. Al\u00e9m disso, o acetaminofeno ajuda a [&hellip;]<\/p>\n","protected":false},"featured_media":2123,"comment_status":"open","ping_status":"closed","template":"","meta":{"site-sidebar-layout":"default","site-content-layout":"","ast-site-content-layout":"default","site-content-style":"default","site-sidebar-style":"default","ast-global-header-display":"","ast-banner-title-visibility":"","ast-main-header-display":"","ast-hfb-above-header-display":"","ast-hfb-below-header-display":"","ast-hfb-mobile-header-display":"","site-post-title":"","ast-breadcrumbs-content":"","ast-featured-img":"","footer-sml-layout":"","ast-disable-related-posts":"","theme-transparent-header-meta":"default","adv-header-id-meta":"","stick-header-meta":"","header-above-stick-meta":"","header-main-stick-meta":"","header-below-stick-meta":"","astra-migrate-meta-layouts":"default","ast-page-background-enabled":"default","ast-page-background-meta":{"desktop":{"background-color":"","background-image":"","background-repeat":"repeat","background-position":"center center","background-size":"auto","background-attachment":"scroll","background-type":"","background-media":"","overlay-type":"","overlay-color":"","overlay-opacity":"","overlay-gradient":""},"tablet":{"background-color":"","background-image":"","background-repeat":"repeat","background-position":"center center","background-size":"auto","background-attachment":"scroll","background-type":"","background-media":"","overlay-type":"","overlay-color":"","overlay-opacity":"","overlay-gradient":""},"mobile":{"background-color":"","background-image":"","background-repeat":"repeat","background-position":"center center","background-size":"auto","background-attachment":"scroll","background-type":"","background-media":"","overlay-type":"","overlay-color":"","overlay-opacity":"","overlay-gradient":""}},"ast-content-background-meta":{"desktop":{"background-color":"var(--ast-global-color-5)","background-image":"","background-repeat":"repeat","background-position":"center center","background-size":"auto","background-attachment":"scroll","background-type":"","background-media":"","overlay-type":"","overlay-color":"","overlay-opacity":"","overlay-gradient":""},"tablet":{"background-color":"var(--ast-global-color-5)","background-image":"","background-repeat":"repeat","background-position":"center center","background-size":"auto","background-attachment":"scroll","background-type":"","background-media":"","overlay-type":"","overlay-color":"","overlay-opacity":"","overlay-gradient":""},"mobile":{"background-color":"var(--ast-global-color-5)","background-image":"","background-repeat":"repeat","background-position":"center center","background-size":"auto","background-attachment":"scroll","background-type":"","background-media":"","overlay-type":"","overlay-color":"","overlay-opacity":"","overlay-gradient":""}}},"product_brand":[],"product_cat":[51],"product_tag":[],"class_list":{"0":"post-2260","1":"product","2":"type-product","3":"status-publish","4":"has-post-thumbnail","6":"product_cat-analgesicos-pt-pt","7":"desktop-align-left","8":"tablet-align-left","9":"mobile-align-left","11":"first","12":"instock","13":"shipping-taxable","14":"purchasable","15":"product-type-variable"},"_links":{"self":[{"href":"https:\/\/www.casadellamedicina.com\/pt-pt\/wp-json\/wp\/v2\/product\/2260","targetHints":{"allow":["GET"]}}],"collection":[{"href":"https:\/\/www.casadellamedicina.com\/pt-pt\/wp-json\/wp\/v2\/product"}],"about":[{"href":"https:\/\/www.casadellamedicina.com\/pt-pt\/wp-json\/wp\/v2\/types\/product"}],"replies":[{"embeddable":true,"href":"https:\/\/www.casadellamedicina.com\/pt-pt\/wp-json\/wp\/v2\/comments?post=2260"}],"wp:featuredmedia":[{"embeddable":true,"href":"https:\/\/www.casadellamedicina.com\/pt-pt\/wp-json\/wp\/v2\/media\/2123"}],"wp:attachment":[{"href":"https:\/\/www.casadellamedicina.com\/pt-pt\/wp-json\/wp\/v2\/media?parent=2260"}],"wp:term":[{"taxonomy":"product_brand","embeddable":true,"href":"https:\/\/www.casadellamedicina.com\/pt-pt\/wp-json\/wp\/v2\/product_brand?post=2260"},{"taxonomy":"product_cat","embeddable":true,"href":"https:\/\/www.casadellamedicina.com\/pt-pt\/wp-json\/wp\/v2\/product_cat?post=2260"},{"taxonomy":"product_tag","embeddable":true,"href":"https:\/\/www.casadellamedicina.com\/pt-pt\/wp-json\/wp\/v2\/product_tag?post=2260"}],"curies":[{"name":"wp","href":"https:\/\/api.w.org\/{rel}","templated":true}]}}