{"id":2379,"date":"2024-10-15T04:16:40","date_gmt":"2024-10-15T04:16:40","guid":{"rendered":"https:\/\/www.casadellamedicina.com\/Prodotto\/adderall\/"},"modified":"2024-10-15T04:16:40","modified_gmt":"2024-10-15T04:16:40","slug":"adderall","status":"publish","type":"product","link":"https:\/\/www.casadellamedicina.com\/pt-pt\/Prodotto\/adderall\/","title":{"rendered":"Adderall"},"content":{"rendered":"<h2>Comprar Adderall para a PHDA e a narcolepsia.<\/h2>\n<p>Comprar Adderall online. As duas principais doen\u00e7as que o Adderall \u00e9 utilizado para tratar s\u00e3o a narcolepsia e a perturba\u00e7\u00e3o de d\u00e9fice de aten\u00e7\u00e3o e hiperatividade (PHDA). Trata-se de uma mistura de dextroanfetamina e anfetamina, dois estimulantes. Estes estimulantes actuam sobre determinadas subst\u00e2ncias qu\u00edmicas cerebrais envolvidas no controlo dos impulsos e na hiperatividade.   <\/p>\n<p>A idade do doente, o seu estado de sa\u00fade e a rea\u00e7\u00e3o \u00e0 terap\u00eautica s\u00e3o algumas das vari\u00e1veis que podem influenciar a dosagem de Adderall. As doses de Adderall s\u00e3o muitas vezes cuidadosamente tituladas para atingir o m\u00e1ximo impacto terap\u00eautico com o m\u00ednimo de efeitos secund\u00e1rios poss\u00edvel. Seguem-se algumas recomenda\u00e7\u00f5es gerais de dosagem:  <\/p>\n<h2>Comprar Adderall online sem receita | Utiliza\u00e7\u00f5es m\u00e9dicas.<\/h2>\n<p>A PHDA, frequentemente conhecida como perturba\u00e7\u00e3o de d\u00e9fice de aten\u00e7\u00e3o e hiperatividade, \u00e9 tratada com esta combina\u00e7\u00e3o de medicamentos. A sua a\u00e7\u00e3o consiste em alterar a composi\u00e7\u00e3o qu\u00edmica natural do c\u00e9rebro. A anfetamina\/desxtroanfetamina faz parte da classe de medicamentos estimulantes. Pode melhorar a capacidade de prestar aten\u00e7\u00e3o, manter a concentra\u00e7\u00e3o numa tarefa e gerir problemas comportamentais. Pode tamb\u00e9m ajudar a melhorar a organiza\u00e7\u00e3o do trabalho e a compreens\u00e3o auditiva.    <\/p>\n<p>Para ajudar a manter-se acordado durante o dia, este medicamento \u00e9 tamb\u00e9m utilizado para tratar a narcolepsia, um tipo espec\u00edfico de perturba\u00e7\u00e3o do sono. A sua utiliza\u00e7\u00e3o n\u00e3o \u00e9 recomendada para tratar a fadiga ou atrasar o sono em indiv\u00edduos saud\u00e1veis. <\/p>\n<p>Para al\u00e9m de adderall, pode comprar outros medicamentos para o TDAH, como concerta, ritalina, comprimidos de dextroanfetamina, comprimidos de strattera. Visite nossa loja online para todos os medicamentos prescritos hoje. Comprar adderall perto de mim, adderall para venda perto de mim, comprar adderall xr online, comprar adderall ir online, comprar adderall sem receita online, comprar adderall 10mg, comprar adderall 20mg online, comprar adderall 25mg online, comprar adderall 30mg online.  <\/p>\n<h3><a href=\"https:\/\/pentobarbital.blog\/product\/buy-adderall-online\/\" target=\"_blank\" rel=\"noopener\">Efeitos secund\u00e1rios de Adderall <\/a><\/h3>\n<p>Perda de apetite, perda de peso, boca seca, dores de est\u00f4mago, n\u00e1useas, v\u00f3mitos, dores de cabe\u00e7a, tonturas, diarreia, febre, ansiedade e dificuldade em dormir s\u00e3o efeitos secund\u00e1rios poss\u00edveis. Se algum destes efeitos secund\u00e1rios persistir ou se agravar, deve informar imediatamente o seu m\u00e9dico. <\/p>\n<p>Lembre-se que a raz\u00e3o pela qual este medicamento lhe foi receitado \u00e9 porque o m\u00e9dico considerou que lhe traria mais benef\u00edcios do que efeitos adversos. Os efeitos secund\u00e1rios graves s\u00e3o raros em muitos utilizadores deste medicamento. <\/p>\n<p>A tens\u00e3o arterial pode aumentar enquanto estiver a tomar este medicamento. Informe o seu m\u00e9dico se os resultados dos controlos de rotina da tens\u00e3o arterial estiverem elevados. <\/p>\n<p>Se sentir quaisquer efeitos secund\u00e1rios graves, informe imediatamente o seu m\u00e9dico. Estes podem incluir: feridas invulgares nos dedos das m\u00e3os ou dos p\u00e9s; sinais de problemas de circula\u00e7\u00e3o sangu\u00ednea nos dedos das m\u00e3os ou dos p\u00e9s (tais como frieza, dorm\u00eancia, dor ou altera\u00e7\u00f5es na cor da pele); movimentos incontrol\u00e1veis; movimentos cont\u00ednuos de mastiga\u00e7\u00e3o\/ranger de dentes; explos\u00f5es de palavras\/sons; altera\u00e7\u00f5es na capacidade\/desejo sexual; erec\u00e7\u00f5es frequentes\/longas (nos homens). <\/p>\n<p>Em caso de efeitos secund\u00e1rios extremamente graves, tais como dispneia, dores no peito, no maxilar ou no bra\u00e7o esquerdo, desmaios, dores de cabe\u00e7a intensas, batimentos card\u00edacos r\u00e1pidos, acelerados ou irregulares, convuls\u00f5es, incha\u00e7o dos tornozelos ou dos p\u00e9s, fadiga extrema, vis\u00e3o turva, fraqueza de um lado do corpo, dificuldade em falar ou confus\u00e3o, consulte imediatamente um m\u00e9dico.<\/p>\n<h3>Comprar Adderall online sem receita m\u00e9dica.<\/h3>\n<p><a href=\"https:\/\/medicijnhuis.com\/it\/prodotto\/comprare-adderall-online\/\" target=\"_blank\" rel=\"noopener\">O Adderall<\/a> \u00e9 um medicamento controlado e sujeito a receita m\u00e9dica, dispon\u00edvel apenas mediante receita m\u00e9dica nas farm\u00e1cias. Este facto tornou muito dif\u00edcil para os doentes que necessitam deste medicamento comprar Adderall, comprar adderall sem receita m\u00e9dica, comprar adderall online. <\/p>\n<p>A causa di tutte queste difficolt\u00e0, noi di <a href=\"https:\/\/www.casadellamedicina.com\/pt-pt\/\">Casa Della Medicina<\/a> abbiamo reso possibile ai nostri clienti e pazienti l&#8217;acquisto di adderall online con e senza ricetta.<\/p>\n<p>Podemos fornecer aos nossos clientes medicamentos da melhor qualidade devido ao nosso conhecimento de como funciona o mercado farmac\u00eautico, o que nos permite possuir e vender adderall e outros medicamentos prescritos aos nossos clientes sem a necessidade de receita m\u00e9dica. Comprar adderall online, comprar adderall online, comprar adderall sem receita, adderall para venda online, encomendar adderall online. Pode comprar outros medicamentos de qualidade como concerta, ritalina sem receita m\u00e9dica a pre\u00e7os acess\u00edveis.  <\/p>\n","protected":false},"excerpt":{"rendered":"<p>Dispon\u00edvel em:<br \/>\nLiberta\u00e7\u00e3o imediata ( IR )<br \/>\nLiberta\u00e7\u00e3o sustentada ( XR )<\/p>\n<p>&nbsp;<\/p>\n","protected":false},"featured_media":2021,"comment_status":"open","ping_status":"closed","template":"","meta":{"site-sidebar-layout":"default","site-content-layout":"","ast-site-content-layout":"default","site-content-style":"default","site-sidebar-style":"default","ast-global-header-display":"","ast-banner-title-visibility":"","ast-main-header-display":"","ast-hfb-above-header-display":"","ast-hfb-below-header-display":"","ast-hfb-mobile-header-display":"","site-post-title":"","ast-breadcrumbs-content":"","ast-featured-img":"","footer-sml-layout":"","ast-disable-related-posts":"","theme-transparent-header-meta":"default","adv-header-id-meta":"","stick-header-meta":"","header-above-stick-meta":"","header-main-stick-meta":"","header-below-stick-meta":"","astra-migrate-meta-layouts":"default","ast-page-background-enabled":"default","ast-page-background-meta":{"desktop":{"background-color":"","background-image":"","background-repeat":"repeat","background-position":"center center","background-size":"auto","background-attachment":"scroll","background-type":"","background-media":"","overlay-type":"","overlay-color":"","overlay-opacity":"","overlay-gradient":""},"tablet":{"background-color":"","background-image":"","background-repeat":"repeat","background-position":"center center","background-size":"auto","background-attachment":"scroll","background-type":"","background-media":"","overlay-type":"","overlay-color":"","overlay-opacity":"","overlay-gradient":""},"mobile":{"background-color":"","background-image":"","background-repeat":"repeat","background-position":"center center","background-size":"auto","background-attachment":"scroll","background-type":"","background-media":"","overlay-type":"","overlay-color":"","overlay-opacity":"","overlay-gradient":""}},"ast-content-background-meta":{"desktop":{"background-color":"var(--ast-global-color-5)","background-image":"","background-repeat":"repeat","background-position":"center center","background-size":"auto","background-attachment":"scroll","background-type":"","background-media":"","overlay-type":"","overlay-color":"","overlay-opacity":"","overlay-gradient":""},"tablet":{"background-color":"var(--ast-global-color-5)","background-image":"","background-repeat":"repeat","background-position":"center center","background-size":"auto","background-attachment":"scroll","background-type":"","background-media":"","overlay-type":"","overlay-color":"","overlay-opacity":"","overlay-gradient":""},"mobile":{"background-color":"var(--ast-global-color-5)","background-image":"","background-repeat":"repeat","background-position":"center center","background-size":"auto","background-attachment":"scroll","background-type":"","background-media":"","overlay-type":"","overlay-color":"","overlay-opacity":"","overlay-gradient":""}}},"product_brand":[],"product_cat":[53],"product_tag":[],"class_list":{"0":"post-2379","1":"product","2":"type-product","3":"status-publish","4":"has-post-thumbnail","6":"product_cat-tdah-e-ansia","7":"desktop-align-left","8":"tablet-align-left","9":"mobile-align-left","11":"first","12":"instock","13":"shipping-taxable","14":"purchasable","15":"product-type-variable"},"_links":{"self":[{"href":"https:\/\/www.casadellamedicina.com\/pt-pt\/wp-json\/wp\/v2\/product\/2379","targetHints":{"allow":["GET"]}}],"collection":[{"href":"https:\/\/www.casadellamedicina.com\/pt-pt\/wp-json\/wp\/v2\/product"}],"about":[{"href":"https:\/\/www.casadellamedicina.com\/pt-pt\/wp-json\/wp\/v2\/types\/product"}],"replies":[{"embeddable":true,"href":"https:\/\/www.casadellamedicina.com\/pt-pt\/wp-json\/wp\/v2\/comments?post=2379"}],"wp:featuredmedia":[{"embeddable":true,"href":"https:\/\/www.casadellamedicina.com\/pt-pt\/wp-json\/wp\/v2\/media\/2021"}],"wp:attachment":[{"href":"https:\/\/www.casadellamedicina.com\/pt-pt\/wp-json\/wp\/v2\/media?parent=2379"}],"wp:term":[{"taxonomy":"product_brand","embeddable":true,"href":"https:\/\/www.casadellamedicina.com\/pt-pt\/wp-json\/wp\/v2\/product_brand?post=2379"},{"taxonomy":"product_cat","embeddable":true,"href":"https:\/\/www.casadellamedicina.com\/pt-pt\/wp-json\/wp\/v2\/product_cat?post=2379"},{"taxonomy":"product_tag","embeddable":true,"href":"https:\/\/www.casadellamedicina.com\/pt-pt\/wp-json\/wp\/v2\/product_tag?post=2379"}],"curies":[{"name":"wp","href":"https:\/\/api.w.org\/{rel}","templated":true}]}}