{"id":2389,"date":"2024-10-17T08:44:48","date_gmt":"2024-10-17T08:44:48","guid":{"rendered":"https:\/\/www.casadellamedicina.com\/Prodotto\/ritalina\/"},"modified":"2024-10-17T08:44:48","modified_gmt":"2024-10-17T08:44:48","slug":"ritalina","status":"publish","type":"product","link":"https:\/\/www.casadellamedicina.com\/pt-pt\/Prodotto\/ritalina\/","title":{"rendered":"Ritalina"},"content":{"rendered":"<h1>Metilfenidato comprar online | Ritalina 40mg.<\/h1>\n<p>Comprar Ritalin online com receita m\u00e9dica. Este medicamento \u00e9 utilizado para tratar a PHDA, ou perturba\u00e7\u00e3o de d\u00e9fice de aten\u00e7\u00e3o e hiperatividade. Actua alterando as concentra\u00e7\u00f5es de compostos org\u00e2nicos espec\u00edficos no c\u00e9rebro. O metilfenidato \u00e9 um medicamento da classe dos estimulantes. Pode melhorar a capacidade de manter a concentra\u00e7\u00e3o, de controlar o mau comportamento e de prestar aten\u00e7\u00e3o. A narcolepsia \u00e9 outro dist\u00farbio do sono que \u00e9 tratado com este medicamento. <a href=\"https:\/\/www.casadellamedicina.com\/pt-pt\/tdah-e-ansiedade\/\">comprar cloridrato de metilfenidato online<\/a>, encomendar ritalin online, comprar ritalin 40mg, retalin para venda online.     <\/p>\n<p>A Ritalina, conhecida pelo nome gen\u00e9rico de metilfenidato, \u00e9 um medicamento de prescri\u00e7\u00e3o m\u00e9dica utilizado principalmente para tratar a perturba\u00e7\u00e3o de d\u00e9fice de aten\u00e7\u00e3o e hiperatividade (PHDA) e a narcolepsia. Pertence a uma classe de medicamentos denominados estimulantes do sistema nervoso central (SNC). A ritalina actua sobre determinadas subst\u00e2ncias qu\u00edmicas cerebrais que contribuem para o controlo dos impulsos, a aten\u00e7\u00e3o e a hiperatividade. Comprar ritalina online, ritalina para venda online, comprar ritalina 40mg online, comprar ritalina sem receita, encomendar ritalina online, comprar ritalina online,   <\/p>\n<p>Na <a href=\"https:\/\/www.casadellamedicina.com\/pt-pt\/\">Casa Della Medicina<\/a>, fornecemos aos nossos clientes os medicamentos de melhor qualidade dispon\u00edveis. Os nossos servi\u00e7os s\u00e3o os melhores do sector e, acima de tudo, oferecemos uma entrega fi\u00e1vel e de confian\u00e7a. Os clientes recebem a sua encomenda atempadamente e de forma discreta. Visite-nos hoje para comprar medicamentos de qualidade em It\u00e1lia e na Europa. Para al\u00e9m da ritalina, temos tamb\u00e9m v\u00e1rios medicamentos para o TDAH dispon\u00edveis, tais como <a href=\"https:\/\/www.casadellamedicina.com\/pt-pt\/Prodotto\/concerta\/\">concerta<\/a>, <a href=\"https:\/\/www.casadellamedicina.com\/pt-pt\/Prodotto\/adderall\/\">adderall<\/a>, etc. Comprar ritalina 30mg online, comprar ritalina online, comprar ritalina sem receita m\u00e9dica.    <\/p>\n<h2>Comprar ritalin online e aprender a us\u00e1-lo<\/h2>\n<p>Tomar este medicamento por via oral, conforme prescrito pelo seu m\u00e9dico, geralmente uma ou duas vezes por dia. Para melhores resultados, \u00e9 aconselh\u00e1vel tomar o medicamento 30 a 45 minutos antes de uma refei\u00e7\u00e3o. No entanto, pode tomar o medicamento com ou depois de uma refei\u00e7\u00e3o ou lanche, se este perturbar o seu est\u00f4mago. Tomar este medicamento ao fim do dia pode causar problemas de sono (ins\u00f3nia).   <\/p>\n<p>Para obter o m\u00e1ximo benef\u00edcio, a toma deste medicamento deve ser regular. Para favorecer a mem\u00f3ria, tome-o \u00e0 mesma hora todos os dias. <\/p>\n<p>O estado de sa\u00fade e a resposta ao tratamento determinar\u00e3o a dosagem. O seu m\u00e9dico pode dar-lhe instru\u00e7\u00f5es para aumentar ou diminuir gradualmente a dose. N\u00e3o pare de tomar este medicamento abruptamente sem falar primeiro com o seu m\u00e9dico, especialmente se estiver a us\u00e1-lo h\u00e1 muito tempo.  <\/p>\n<p>A interrup\u00e7\u00e3o abrupta deste medicamento pode levar a sintomas de abstin\u00eancia (depress\u00e3o, pensamentos suicidas ou outras altera\u00e7\u00f5es mentais\/emocionais). O seu m\u00e9dico pode reduzir cuidadosamente a dose para evitar a abstin\u00eancia. A utiliza\u00e7\u00e3o de metilfenidato durante um per\u00edodo de tempo prolongado ou em doses elevadas aumenta a probabilidade de abstin\u00eancia. Em caso de sintomas de abstin\u00eancia, informe imediatamente o seu m\u00e9dico ou farmac\u00eautico.   <\/p>\n<h3><a href=\"https:\/\/medicijnhuis.com\/it\/prodotto\/comprare-ritalin-online\/\" target=\"_blank\" rel=\"noopener\">Formas farmac\u00eauticas e dosagens de Ritalin<\/a>:<\/h3>\n<p>A Ritalina est\u00e1 dispon\u00edvel em v\u00e1rias formas de dosagem, incluindo comprimidos de liberta\u00e7\u00e3o imediata (IR), comprimidos de liberta\u00e7\u00e3o prolongada (ER) e c\u00e1psulas de liberta\u00e7\u00e3o prolongada (SR). Cada formula\u00e7\u00e3o foi concebida para libertar o medicamento no organismo a ritmos diferentes, proporcionando uma dura\u00e7\u00e3o de a\u00e7\u00e3o diferente. <\/p>\n<p><strong>Ritalina de liberta\u00e7\u00e3o imediata (IR)<\/strong>:<br \/>\nA Ritalina de liberta\u00e7\u00e3o imediata est\u00e1 normalmente dispon\u00edvel na forma de comprimidos e foi concebida para fazer efeito rapidamente ap\u00f3s a ingest\u00e3o. \u00c9 frequentemente prescrita a pessoas que necessitam de al\u00edvio dos sintomas durante todo o dia. As doses de Ritalina de liberta\u00e7\u00e3o direta variam geralmente entre 5 mg e 20 mg por comprimido.  <\/p>\n<p><strong>Ritalina de liberta\u00e7\u00e3o prolongada (ER)<\/strong>:<br \/>\nA Ritalina de liberta\u00e7\u00e3o prolongada \u00e9 formulada para libertar o medicamento gradualmente durante um per\u00edodo de tempo mais longo, proporcionando um al\u00edvio dos sintomas a longo prazo. Apresenta-se sob a forma de comprimidos e \u00e9 frequentemente prescrita a pessoas que necessitam de al\u00edvio dos sintomas durante o dia de escola ou de trabalho. A dosagem de Ritalina de liberta\u00e7\u00e3o prolongada varia geralmente entre 10 mg e 60 mg por comprimido.  <\/p>\n<p><strong>Ritalina de liberta\u00e7\u00e3o prolongada (SR)<\/strong>:<br \/>\nA Ritalina de liberta\u00e7\u00e3o prolongada \u00e9 semelhante \u00e0 Ritalina de liberta\u00e7\u00e3o prolongada na medida em que liberta o medicamento gradualmente durante um per\u00edodo de tempo mais longo. No entanto, a Ritalina de liberta\u00e7\u00e3o prolongada est\u00e1 dispon\u00edvel sob a forma de c\u00e1psulas em vez de comprimidos. A dosagem de Ritalina de liberta\u00e7\u00e3o prolongada varia geralmente entre 10 e 40 mg por c\u00e1psula.  <\/p>\n","protected":false},"excerpt":{"rendered":"<p>Metilfenidato comprar online | Ritalina 40mg. Comprar Ritalin online com receita m\u00e9dica. Este medicamento \u00e9 utilizado para tratar a PHDA, ou perturba\u00e7\u00e3o de d\u00e9fice de aten\u00e7\u00e3o e hiperatividade. Actua alterando as concentra\u00e7\u00f5es de compostos org\u00e2nicos espec\u00edficos no c\u00e9rebro. O metilfenidato \u00e9 um medicamento da classe dos estimulantes. Pode melhorar a capacidade de manter a concentra\u00e7\u00e3o, [&hellip;]<\/p>\n","protected":false},"featured_media":2031,"comment_status":"open","ping_status":"closed","template":"","meta":{"site-sidebar-layout":"default","site-content-layout":"","ast-site-content-layout":"default","site-content-style":"default","site-sidebar-style":"default","ast-global-header-display":"","ast-banner-title-visibility":"","ast-main-header-display":"","ast-hfb-above-header-display":"","ast-hfb-below-header-display":"","ast-hfb-mobile-header-display":"","site-post-title":"","ast-breadcrumbs-content":"","ast-featured-img":"","footer-sml-layout":"","ast-disable-related-posts":"","theme-transparent-header-meta":"default","adv-header-id-meta":"","stick-header-meta":"","header-above-stick-meta":"","header-main-stick-meta":"","header-below-stick-meta":"","astra-migrate-meta-layouts":"default","ast-page-background-enabled":"default","ast-page-background-meta":{"desktop":{"background-color":"","background-image":"","background-repeat":"repeat","background-position":"center center","background-size":"auto","background-attachment":"scroll","background-type":"","background-media":"","overlay-type":"","overlay-color":"","overlay-opacity":"","overlay-gradient":""},"tablet":{"background-color":"","background-image":"","background-repeat":"repeat","background-position":"center center","background-size":"auto","background-attachment":"scroll","background-type":"","background-media":"","overlay-type":"","overlay-color":"","overlay-opacity":"","overlay-gradient":""},"mobile":{"background-color":"","background-image":"","background-repeat":"repeat","background-position":"center center","background-size":"auto","background-attachment":"scroll","background-type":"","background-media":"","overlay-type":"","overlay-color":"","overlay-opacity":"","overlay-gradient":""}},"ast-content-background-meta":{"desktop":{"background-color":"var(--ast-global-color-5)","background-image":"","background-repeat":"repeat","background-position":"center center","background-size":"auto","background-attachment":"scroll","background-type":"","background-media":"","overlay-type":"","overlay-color":"","overlay-opacity":"","overlay-gradient":""},"tablet":{"background-color":"var(--ast-global-color-5)","background-image":"","background-repeat":"repeat","background-position":"center center","background-size":"auto","background-attachment":"scroll","background-type":"","background-media":"","overlay-type":"","overlay-color":"","overlay-opacity":"","overlay-gradient":""},"mobile":{"background-color":"var(--ast-global-color-5)","background-image":"","background-repeat":"repeat","background-position":"center center","background-size":"auto","background-attachment":"scroll","background-type":"","background-media":"","overlay-type":"","overlay-color":"","overlay-opacity":"","overlay-gradient":""}}},"product_brand":[],"product_cat":[53],"product_tag":[],"class_list":{"0":"post-2389","1":"product","2":"type-product","3":"status-publish","4":"has-post-thumbnail","6":"product_cat-tdah-e-ansia","7":"desktop-align-left","8":"tablet-align-left","9":"mobile-align-left","11":"first","12":"instock","13":"featured","14":"shipping-taxable","15":"purchasable","16":"product-type-variable"},"_links":{"self":[{"href":"https:\/\/www.casadellamedicina.com\/pt-pt\/wp-json\/wp\/v2\/product\/2389","targetHints":{"allow":["GET"]}}],"collection":[{"href":"https:\/\/www.casadellamedicina.com\/pt-pt\/wp-json\/wp\/v2\/product"}],"about":[{"href":"https:\/\/www.casadellamedicina.com\/pt-pt\/wp-json\/wp\/v2\/types\/product"}],"replies":[{"embeddable":true,"href":"https:\/\/www.casadellamedicina.com\/pt-pt\/wp-json\/wp\/v2\/comments?post=2389"}],"wp:featuredmedia":[{"embeddable":true,"href":"https:\/\/www.casadellamedicina.com\/pt-pt\/wp-json\/wp\/v2\/media\/2031"}],"wp:attachment":[{"href":"https:\/\/www.casadellamedicina.com\/pt-pt\/wp-json\/wp\/v2\/media?parent=2389"}],"wp:term":[{"taxonomy":"product_brand","embeddable":true,"href":"https:\/\/www.casadellamedicina.com\/pt-pt\/wp-json\/wp\/v2\/product_brand?post=2389"},{"taxonomy":"product_cat","embeddable":true,"href":"https:\/\/www.casadellamedicina.com\/pt-pt\/wp-json\/wp\/v2\/product_cat?post=2389"},{"taxonomy":"product_tag","embeddable":true,"href":"https:\/\/www.casadellamedicina.com\/pt-pt\/wp-json\/wp\/v2\/product_tag?post=2389"}],"curies":[{"name":"wp","href":"https:\/\/api.w.org\/{rel}","templated":true}]}}