{"id":2394,"date":"2024-10-17T09:15:45","date_gmt":"2024-10-17T09:15:45","guid":{"rendered":"https:\/\/www.casadellamedicina.com\/Prodotto\/xanax\/"},"modified":"2024-10-17T09:15:45","modified_gmt":"2024-10-17T09:15:45","slug":"xanax","status":"publish","type":"product","link":"https:\/\/www.casadellamedicina.com\/pt-pt\/Prodotto\/xanax\/","title":{"rendered":"Xanax"},"content":{"rendered":"<h1>Alprazolam Compra (Xanax)<\/h1>\n<p>O alprazolam \u00e9 um medicamento utilizado no tratamento da ansiedade. Actua ajudando o sistema nervoso a acalmar-se. Pertence a um grupo de medicamentos chamados benzodiazepinas. Este medicamento pode ser utilizado para outros fins; pergunte ao seu m\u00e9dico ou farmac\u00eautico se tiver alguma d\u00favida. Pode comprar alprazolam online connosco hoje e receb\u00ea-lo sem receita m\u00e9dica. Xanax comprar online hoje, comprar xanax 2mg, encomendar xanax online, xanax para venda online, comprar alprazolam online.     <\/p>\n<p>\u00c9 aconselh\u00e1vel estar sempre acompanhado por um adulto ou um amigo durante o tratamento, sobretudo se estiver a iniciar a toma de alprazolam. O alprazolam s\u00f3 deve ser tomado por indica\u00e7\u00e3o do seu m\u00e9dico ou terapeuta. N\u00e3o exceder a dose prescrita.  <\/p>\n<p>Comprar Xanax online para tratar perturba\u00e7\u00f5es de ansiedade, ataques de p\u00e2nico e outras perturba\u00e7\u00f5es de ansiedade. Da mesma forma, \u00e9 usado para tratar dist\u00farbios de ansiedade e seus sintomas. Xanax s\u00f3 deve ser tomado sob a supervis\u00e3o de um m\u00e9dico ou outro profissional de sa\u00fade.  <\/p>\n<p>Na <a href=\"https:\/\/www.casadellamedicina.com\/pt-pt\/\">Casa Della Medicina<\/a>, fornecemos aos nossos clientes os medicamentos de melhor qualidade dispon\u00edveis. Os nossos servi\u00e7os s\u00e3o os melhores do sector e, acima de tudo, oferecemos uma entrega fi\u00e1vel e de confian\u00e7a. Os clientes recebem a sua encomenda atempadamente e de forma discreta. Visite-nos hoje para comprar medicamentos de qualidade em It\u00e1lia e na Europa.   <\/p>\n<h2><a href=\"https:\/\/medicijnhuis.com\/it\/prodotto\/acquistare-xanax-online\/\" target=\"_blank\" rel=\"noopener\">Utiliza\u00e7\u00e3o de Xanax<\/a>: Comprar Xanax sem receita m\u00e9dica.<\/h2>\n<p>Os doentes que sofrem de ataques de p\u00e2nico ou ansiedade tamb\u00e9m podem beneficiar do alprazolam. Os benef\u00edcios mais \u00f3bvios deste medicamento s\u00e3o o resultado do relaxamento da mente e do corpo, como o relaxamento muscular, a aus\u00eancia de ansiedade, etc. O Xanax \u00e9 um medicamento de prescri\u00e7\u00e3o utilizado para aliviar a ansiedade. Pertence \u00e0 classe de medicamentos conhecidos como benzodiazepinas.   <\/p>\n<p>O Xanax \u00e9 um medicamento utilizado em todo o mundo, pelo que \u00e9 f\u00e1cil compr\u00e1-lo online. Al\u00e9m disso, os m\u00e9dicos podem prescrever Alprazolam como um tratamento de curto prazo para os sintomas de depress\u00e3o ou ansiedade. Foi estabelecido que a depress\u00e3o pode come\u00e7ar como consequ\u00eancia de uma perturba\u00e7\u00e3o de ansiedade. Todos devem estar cientes de que o Alprazolam n\u00e3o se destina a aliviar a tens\u00e3o ou o stress di\u00e1rio. Os problemas que as pessoas enfrentam todos os dias n\u00e3o podem ser resolvidos com medicamentos. Os m\u00e9dicos podem prescrev\u00ea-lo como parte de um tratamento combinado. Comprar alprazolam online, comprar xanax 2mg online, comprar xanax online, comprar xanax na internet, comprar xanax online.      <\/p>\n<h2>Xanax dosagem: Comprar xanax 2mg<\/h2>\n<p>Quando come\u00e7ar a tom\u00e1-lo, \u00e9 importante verificar se est\u00e1 a tomar a dose certa para as suas necessidades. O alprazolam est\u00e1 dispon\u00edvel em diferentes dosagens que s\u00e3o administradas aos doentes consoante o seu estado mental e f\u00edsico. <\/p>\n<p>Antes de prescrever xanax ( alprazolam ) a um doente, s\u00e3o tidos em conta determinados crit\u00e9rios, como a idade do indiv\u00edduo, o seu estado de sa\u00fade pessoal e a gravidade do seu estado. Xanax comprar online, comprar xanax na internet, comprar alprazolam online, xanax para venda, alprazolam para venda online. <\/p>\n<p>O Alprazolam ( xanax ) est\u00e1 dispon\u00edvel nas formas de 0,25 mg, 0,5 mg, 1 mg e 2 mg. \u00c9 geralmente prescrito para tratar a depress\u00e3o, ansiedade e reca\u00eddas de ataques de ansiedade. Aumentar gradualmente a dose de Alprazolam todas as semanas. No entanto, isto s\u00f3 deve ser feito sob a supervis\u00e3o de um m\u00e9dico competente.   <\/p>\n<p>Antes de comprar xanax online sem receita m\u00e9dica, deve saber que a dose m\u00e1xima para os pacientes \u00e9 de 4 mg. N\u00e3o exceda o limite de pot\u00eancia, pois pode causar efeitos colaterais negativos graves. Para al\u00e9m do alprazolam (xanax), existem v\u00e1rias benzodiazepinas que podem ser adquiridas para combater a ansiedade, como o <a href=\"https:\/\/www.casadellamedicina.com\/pt-pt\/tdah-e-ansiedade\/\">diazepam<\/a>, o rivotril e o temazepam.  <\/p>\n<h3>Efeitos secund\u00e1rios do Xanax<\/h3>\n<p>Os doentes que tomam Alprazolam conforme prescrito n\u00e3o sentem quaisquer efeitos secund\u00e1rios do medicamento. N\u00e3o \u00e9 necess\u00e1rio que todas as pessoas sintam um efeito secund\u00e1rio ap\u00f3s a utiliza\u00e7\u00e3o de Xanax 2 mg. Cansa\u00e7o e exaust\u00e3o, sonol\u00eancia, v\u00f3mitos, n\u00e1useas, falta de coordena\u00e7\u00e3o, obstipa\u00e7\u00e3o, discurso arrastado, problemas de reten\u00e7\u00e3o da mem\u00f3ria, ansiedade, depress\u00e3o, pensamentos suicidas, agita\u00e7\u00e3o, alucina\u00e7\u00f5es, confus\u00e3o na tomada de decis\u00f5es, movimentos musculares descontrolados, taquicardia, tremores, convuls\u00f5es. <\/p>\n","protected":false},"excerpt":{"rendered":"<p>Alprazolam Compra (Xanax) O alprazolam \u00e9 um medicamento utilizado no tratamento da ansiedade. Actua ajudando o sistema nervoso a acalmar-se. Pertence a um grupo de medicamentos chamados benzodiazepinas. Este medicamento pode ser utilizado para outros fins; pergunte ao seu m\u00e9dico ou farmac\u00eautico se tiver alguma d\u00favida. Pode comprar alprazolam online connosco hoje e receb\u00ea-lo sem [&hellip;]<\/p>\n","protected":false},"featured_media":1977,"comment_status":"open","ping_status":"closed","template":"","meta":{"site-sidebar-layout":"default","site-content-layout":"","ast-site-content-layout":"default","site-content-style":"default","site-sidebar-style":"default","ast-global-header-display":"","ast-banner-title-visibility":"","ast-main-header-display":"","ast-hfb-above-header-display":"","ast-hfb-below-header-display":"","ast-hfb-mobile-header-display":"","site-post-title":"","ast-breadcrumbs-content":"","ast-featured-img":"","footer-sml-layout":"","ast-disable-related-posts":"","theme-transparent-header-meta":"default","adv-header-id-meta":"","stick-header-meta":"","header-above-stick-meta":"","header-main-stick-meta":"","header-below-stick-meta":"","astra-migrate-meta-layouts":"default","ast-page-background-enabled":"default","ast-page-background-meta":{"desktop":{"background-color":"","background-image":"","background-repeat":"repeat","background-position":"center center","background-size":"auto","background-attachment":"scroll","background-type":"","background-media":"","overlay-type":"","overlay-color":"","overlay-opacity":"","overlay-gradient":""},"tablet":{"background-color":"","background-image":"","background-repeat":"repeat","background-position":"center center","background-size":"auto","background-attachment":"scroll","background-type":"","background-media":"","overlay-type":"","overlay-color":"","overlay-opacity":"","overlay-gradient":""},"mobile":{"background-color":"","background-image":"","background-repeat":"repeat","background-position":"center center","background-size":"auto","background-attachment":"scroll","background-type":"","background-media":"","overlay-type":"","overlay-color":"","overlay-opacity":"","overlay-gradient":""}},"ast-content-background-meta":{"desktop":{"background-color":"var(--ast-global-color-5)","background-image":"","background-repeat":"repeat","background-position":"center center","background-size":"auto","background-attachment":"scroll","background-type":"","background-media":"","overlay-type":"","overlay-color":"","overlay-opacity":"","overlay-gradient":""},"tablet":{"background-color":"var(--ast-global-color-5)","background-image":"","background-repeat":"repeat","background-position":"center center","background-size":"auto","background-attachment":"scroll","background-type":"","background-media":"","overlay-type":"","overlay-color":"","overlay-opacity":"","overlay-gradient":""},"mobile":{"background-color":"var(--ast-global-color-5)","background-image":"","background-repeat":"repeat","background-position":"center center","background-size":"auto","background-attachment":"scroll","background-type":"","background-media":"","overlay-type":"","overlay-color":"","overlay-opacity":"","overlay-gradient":""}}},"product_brand":[],"product_cat":[53],"product_tag":[],"class_list":{"0":"post-2394","1":"product","2":"type-product","3":"status-publish","4":"has-post-thumbnail","6":"product_cat-tdah-e-ansia","7":"desktop-align-left","8":"tablet-align-left","9":"mobile-align-left","11":"first","12":"instock","13":"featured","14":"shipping-taxable","15":"purchasable","16":"product-type-simple"},"_links":{"self":[{"href":"https:\/\/www.casadellamedicina.com\/pt-pt\/wp-json\/wp\/v2\/product\/2394","targetHints":{"allow":["GET"]}}],"collection":[{"href":"https:\/\/www.casadellamedicina.com\/pt-pt\/wp-json\/wp\/v2\/product"}],"about":[{"href":"https:\/\/www.casadellamedicina.com\/pt-pt\/wp-json\/wp\/v2\/types\/product"}],"replies":[{"embeddable":true,"href":"https:\/\/www.casadellamedicina.com\/pt-pt\/wp-json\/wp\/v2\/comments?post=2394"}],"wp:featuredmedia":[{"embeddable":true,"href":"https:\/\/www.casadellamedicina.com\/pt-pt\/wp-json\/wp\/v2\/media\/1977"}],"wp:attachment":[{"href":"https:\/\/www.casadellamedicina.com\/pt-pt\/wp-json\/wp\/v2\/media?parent=2394"}],"wp:term":[{"taxonomy":"product_brand","embeddable":true,"href":"https:\/\/www.casadellamedicina.com\/pt-pt\/wp-json\/wp\/v2\/product_brand?post=2394"},{"taxonomy":"product_cat","embeddable":true,"href":"https:\/\/www.casadellamedicina.com\/pt-pt\/wp-json\/wp\/v2\/product_cat?post=2394"},{"taxonomy":"product_tag","embeddable":true,"href":"https:\/\/www.casadellamedicina.com\/pt-pt\/wp-json\/wp\/v2\/product_tag?post=2394"}],"curies":[{"name":"wp","href":"https:\/\/api.w.org\/{rel}","templated":true}]}}