{"id":2395,"date":"2024-10-17T09:52:01","date_gmt":"2024-10-17T09:52:01","guid":{"rendered":"https:\/\/www.casadellamedicina.com\/Prodotto\/diazepam\/"},"modified":"2024-10-17T09:52:01","modified_gmt":"2024-10-17T09:52:01","slug":"diazepam","status":"publish","type":"product","link":"https:\/\/www.casadellamedicina.com\/pt-pt\/Prodotto\/diazepam\/","title":{"rendered":"Diazepam"},"content":{"rendered":"<h1>O que \u00e9 o Diazepam.<\/h1>\n<p>Comprar diazepam online. O diazepam \u00e9 um medicamento utilizado para tratar a ansiedade, perturba\u00e7\u00f5es de ataques de p\u00e2nico, espasmos musculares (incluindo o tratamento de espasmos relacionados com paralisia cerebral) e convuls\u00f5es. Algumas pessoas recebem prescri\u00e7\u00e3o de diazepam como um medicamento para as ajudar a relaxar antes de procedimentos m\u00e9dicos. Pode ser prescrito como um relaxante muscular para dores musculares.   <\/p>\n<p><a href=\"https:\/\/medicijnhuis.com\/it\/prodotto\/comprare-diazepam-online\/\" target=\"_blank\" rel=\"noopener\">O diazepam<\/a> era vulgarmente conhecido como Valium, embora esta marca de diazepam j\u00e1 n\u00e3o esteja dispon\u00edvel no Reino Unido. Trata-se de uma subst\u00e2ncia controlada (tamb\u00e9m designada por \u201cdroga de classe C\u201d). Comprar diazepam, comprar diazepam 5mg online, <a href=\"https:\/\/www.casadellamedicina.com\/pt-pt\/tdah-e-ansiedade\/\">comprar diazepam 10mg online<\/a>, venda online de diazepam, comprar valium online, venda online de valium 5mg, venda online de valium 10mg. O diazepam \u00e9 geralmente tomado em forma de comprimido, mas pode ser prescrito em forma l\u00edquida ou como medica\u00e7\u00e3o rectal. Recomenda-se n\u00e3o tomar diazepam por mais de quatro semanas consecutivas, pois existe o risco de depend\u00eancia do medicamento.    <\/p>\n<p>O seu m\u00e9dico poder\u00e1 explicar a dura\u00e7\u00e3o correta da utiliza\u00e7\u00e3o do medicamento de acordo com as suas necessidades individuais. Uma vez que o diazepam pode causar sonol\u00eancia, n\u00e3o \u00e9 permitido conduzir ou utilizar m\u00e1quinas ou ferramentas pesadas enquanto estiver a tomar este medicamento. De acordo com Griffin et al (2013), o diazepam interage com a mesma afinidade em todos os receptores sens\u00edveis aos BZD no sistema nervoso central. \u00c9 importante ler o folheto informativo para obter uma lista completa de efeitos secund\u00e1rios e precau\u00e7\u00f5es comuns e consultar sempre o seu m\u00e9dico para obter aconselhamento sobre o tratamento adequado para a sua condi\u00e7\u00e3o m\u00e9dica espec\u00edfica.   <\/p>\n<h2>Qual \u00e9 a quantidade recomendada de Diazepam para tomar? <mark>Comprar diazepam online.<\/mark><\/h2>\n<p>De acordo com as diretrizes do NHS (2022), a dose inicial t\u00edpica para o tratamento da ansiedade com diazepam \u00e9 de 2 mg, tr\u00eas vezes por dia. Se o resultado desejado n\u00e3o for alcan\u00e7ado, a dose pode ser aumentada para 5 ou 10 mg tr\u00eas vezes por dia, uma decis\u00e3o que pode ser tomada pelo m\u00e9dico, farmac\u00eautico local ou prestador de cuidados de sa\u00fade. Em particular, o uso excessivo de altas doses de Diazepam \u00e9 incomum. Pode agora comprar diazepam no Reino Unido atrav\u00e9s do nosso site, desde que o seu m\u00e9dico o tenha receitado como um rem\u00e9dio apropriado.   <\/p>\n<p>O diazepam pode ser prescrito para o al\u00edvio a curto prazo da ansiedade que interfere com o adormecer, mas \u00e9 limitado ao uso a curto prazo devido ao risco de abuso e depend\u00eancia de subst\u00e2ncias. diazepam comprar online, valium comprar online. A dosagem prescrita pode variar de 5 a 15 mg para ser tomada antes de dormir. Se voc\u00ea est\u00e1 preocupado com os poss\u00edveis sintomas de abstin\u00eancia, \u00e9 essencial consultar o seu m\u00e9dico ou profissional de sa\u00fade antes de iniciar o tratamento. comprar valium online. Comprar diazepam, comprar diazepam 10mg online, comprar diazepam 5mg online, diazepam em promo\u00e7\u00e3o, encomendar diazepam 5mg, encomendar diazepam 10mg online.    <\/p>\n<p>Se o seu m\u00e9dico quiser tratar os espasmos musculares com diazepam, a dose pode variar entre 2 mg e 15 mg. O seu m\u00e9dico dir-lhe-\u00e1 como dividir a dose a cada dia. Doses mais elevadas, at\u00e9 20 mg por dia, s\u00e3o por vezes prescritas para tratar espasmos musculares graves. Posso comprar diazepam em It\u00e1lia? Sim, pode comprar diazepam online connosco, comprar diazepam online, comprar diazepam online, comprar diazepam 10mg online, encomendar diazepam online.    <\/p>\n<h3>Quais os efeitos secund\u00e1rios do Diazepam?<\/h3>\n<p>Como todos os medicamentos, o diazepam pode ter alguns efeitos secund\u00e1rios. Os efeitos secund\u00e1rios mais comuns s\u00e3o <\/p>\n<p>Sonol\u00eancia ou sonol\u00eancia<br \/>\nsentimento de confus\u00e3o<br \/>\nCoordena\u00e7\u00e3o reduzida<br \/>\nProblemas no controlo dos movimentos dos bra\u00e7os e das pernas<br \/>\nProblemas respirat\u00f3rios<br \/>\nTremores (tremor que ocorre principalmente nas m\u00e3os).<br \/>\nSintomas de abstin\u00eancia<br \/>\nDepend\u00eancia<\/p>\n<p>Se estes sintomas ocorrerem, continue a tomar o medicamento, mas contacte o seu m\u00e9dico o mais rapidamente poss\u00edvel para obter aconselhamento.<\/p>\n<p>Raramente, tomar diazepam pode causar efeitos secund\u00e1rios mais graves. Isso inclui<br \/>\nAltera\u00e7\u00f5es da respira\u00e7\u00e3o, incluindo respira\u00e7\u00f5es lentas ou superficiais.<br \/>\namarelecimento da pele ou do branco dos olhos (pode ser sinal de problema hep\u00e1tico)<br \/>\nproblemas de mem\u00f3ria<br \/>\nalucina\u00e7\u00f5es (ver ou ouvir coisas que n\u00e3o existem)<br \/>\nDel\u00edrios (pensar coisas que n\u00e3o s\u00e3o verdadeiras)<br \/>\nQuedas. <\/p>\n<p>Muito raramente, algumas pessoas apresentam altera\u00e7\u00f5es de humor, incluindo agita\u00e7\u00e3o, inquieta\u00e7\u00e3o, sensa\u00e7\u00e3o de irritabilidade, comportamento agressivo, conversa excessiva ou sensa\u00e7\u00e3o de sobre-excita\u00e7\u00e3o. Nesse caso, deve contactar o seu m\u00e9dico imediatamente. <\/p>\n","protected":false},"excerpt":{"rendered":"<p>O que \u00e9 o Diazepam. Comprar diazepam online. O diazepam \u00e9 um medicamento utilizado para tratar a ansiedade, perturba\u00e7\u00f5es de ataques de p\u00e2nico, espasmos musculares (incluindo o tratamento de espasmos relacionados com paralisia cerebral) e convuls\u00f5es. Algumas pessoas recebem prescri\u00e7\u00e3o de diazepam como um medicamento para as ajudar a relaxar antes de procedimentos m\u00e9dicos. Pode [&hellip;]<\/p>\n","protected":false},"featured_media":2038,"comment_status":"open","ping_status":"closed","template":"","meta":{"site-sidebar-layout":"default","site-content-layout":"","ast-site-content-layout":"default","site-content-style":"default","site-sidebar-style":"default","ast-global-header-display":"","ast-banner-title-visibility":"","ast-main-header-display":"","ast-hfb-above-header-display":"","ast-hfb-below-header-display":"","ast-hfb-mobile-header-display":"","site-post-title":"","ast-breadcrumbs-content":"","ast-featured-img":"","footer-sml-layout":"","ast-disable-related-posts":"","theme-transparent-header-meta":"default","adv-header-id-meta":"","stick-header-meta":"","header-above-stick-meta":"","header-main-stick-meta":"","header-below-stick-meta":"","astra-migrate-meta-layouts":"default","ast-page-background-enabled":"default","ast-page-background-meta":{"desktop":{"background-color":"","background-image":"","background-repeat":"repeat","background-position":"center center","background-size":"auto","background-attachment":"scroll","background-type":"","background-media":"","overlay-type":"","overlay-color":"","overlay-opacity":"","overlay-gradient":""},"tablet":{"background-color":"","background-image":"","background-repeat":"repeat","background-position":"center center","background-size":"auto","background-attachment":"scroll","background-type":"","background-media":"","overlay-type":"","overlay-color":"","overlay-opacity":"","overlay-gradient":""},"mobile":{"background-color":"","background-image":"","background-repeat":"repeat","background-position":"center center","background-size":"auto","background-attachment":"scroll","background-type":"","background-media":"","overlay-type":"","overlay-color":"","overlay-opacity":"","overlay-gradient":""}},"ast-content-background-meta":{"desktop":{"background-color":"var(--ast-global-color-5)","background-image":"","background-repeat":"repeat","background-position":"center center","background-size":"auto","background-attachment":"scroll","background-type":"","background-media":"","overlay-type":"","overlay-color":"","overlay-opacity":"","overlay-gradient":""},"tablet":{"background-color":"var(--ast-global-color-5)","background-image":"","background-repeat":"repeat","background-position":"center center","background-size":"auto","background-attachment":"scroll","background-type":"","background-media":"","overlay-type":"","overlay-color":"","overlay-opacity":"","overlay-gradient":""},"mobile":{"background-color":"var(--ast-global-color-5)","background-image":"","background-repeat":"repeat","background-position":"center center","background-size":"auto","background-attachment":"scroll","background-type":"","background-media":"","overlay-type":"","overlay-color":"","overlay-opacity":"","overlay-gradient":""}}},"product_brand":[],"product_cat":[53],"product_tag":[],"class_list":{"0":"post-2395","1":"product","2":"type-product","3":"status-publish","4":"has-post-thumbnail","6":"product_cat-tdah-e-ansia","7":"desktop-align-left","8":"tablet-align-left","9":"mobile-align-left","11":"first","12":"instock","13":"shipping-taxable","14":"purchasable","15":"product-type-variable"},"_links":{"self":[{"href":"https:\/\/www.casadellamedicina.com\/pt-pt\/wp-json\/wp\/v2\/product\/2395","targetHints":{"allow":["GET"]}}],"collection":[{"href":"https:\/\/www.casadellamedicina.com\/pt-pt\/wp-json\/wp\/v2\/product"}],"about":[{"href":"https:\/\/www.casadellamedicina.com\/pt-pt\/wp-json\/wp\/v2\/types\/product"}],"replies":[{"embeddable":true,"href":"https:\/\/www.casadellamedicina.com\/pt-pt\/wp-json\/wp\/v2\/comments?post=2395"}],"wp:featuredmedia":[{"embeddable":true,"href":"https:\/\/www.casadellamedicina.com\/pt-pt\/wp-json\/wp\/v2\/media\/2038"}],"wp:attachment":[{"href":"https:\/\/www.casadellamedicina.com\/pt-pt\/wp-json\/wp\/v2\/media?parent=2395"}],"wp:term":[{"taxonomy":"product_brand","embeddable":true,"href":"https:\/\/www.casadellamedicina.com\/pt-pt\/wp-json\/wp\/v2\/product_brand?post=2395"},{"taxonomy":"product_cat","embeddable":true,"href":"https:\/\/www.casadellamedicina.com\/pt-pt\/wp-json\/wp\/v2\/product_cat?post=2395"},{"taxonomy":"product_tag","embeddable":true,"href":"https:\/\/www.casadellamedicina.com\/pt-pt\/wp-json\/wp\/v2\/product_tag?post=2395"}],"curies":[{"name":"wp","href":"https:\/\/api.w.org\/{rel}","templated":true}]}}